{"id":4371,"date":"2016-09-23T09:08:19","date_gmt":"2016-09-23T09:08:19","guid":{"rendered":"http:\/\/www.intalent.udc.es\/index.php\/salud\/?lang=en"},"modified":"2023-02-02T16:06:35","modified_gmt":"2023-02-02T15:06:35","slug":"salud","status":"publish","type":"page","link":"https:\/\/www.intalent.udc.gal\/en\/salud\/","title":{"rendered":"HEALTH"},"content":{"rendered":"<p>[vc_row][vc_column][vc_empty_space][vc_row_inner][vc_column_inner width=&#8221;1\/2&#8243;][vc_custom_heading text=&#8221;An active|and healthy life&#8221; font_container=&#8221;tag:h2|font_size:45px|text_align:left|line_height:1&#8243; google_fonts=&#8221;font_family:Lato%3A100%2C100italic%2C300%2C300italic%2Cregular%2Citalic%2C700%2C700italic%2C900%2C900italic|font_style:300%20light%20regular%3A300%3Anormal&#8221; cms_custom_headding_type=&#8221;heading-underline-textbold&#8221; css=&#8221;.vc_custom_1476527139983{margin-bottom: 0px !important;}&#8221;][\/vc_column_inner][vc_column_inner width=&#8221;1\/2&#8243;][\/vc_column_inner][\/vc_row_inner][\/vc_column][\/vc_row][vc_row el_class=&#8221;p-140-cont pb-0&#8243; css=&#8221;.vc_custom_1440583825981{margin-bottom: 0px !important;}&#8221;][vc_column][vc_single_image image=&#8221;3855&#8243; img_size=&#8221;1264&#215;300&#8243; alignment=&#8221;center&#8221; vc_none_hover_effect=&#8221;&#8221; css=&#8221;.vc_custom_1474623562050{margin-bottom: 50px !important;}&#8221;][vc_row_inner][vc_column_inner width=&#8221;5\/6&#8243;][vc_column_text css=&#8221;.vc_custom_1476526966360{margin-top: 30px !important;margin-bottom: 0px !important;}&#8221;]<\/p>\n<p style=\"text-align: justify;\">A Coru\u00f1a and Ferrol have numerous leading hospitals and medical centers.<\/p>\n<p style=\"text-align: justify;\">A pioneer environment in encouraging healthy lifestyles and creating healthy environments, there are many options and activities that encourage an active lifestyle.<\/p>\n<p>[\/vc_column_text][vc_column_text]<\/p>\n<h2 style=\"text-align: justify;\">Hospital Excellence Index<\/h2>\n<p style=\"text-align: justify;\">A Coru\u00f1a University Hospital is the best Galician hospital according to this ranking (IEH 2015), while the Quir\u00f3n Coru\u00f1a Hospital is third.<\/p>\n<p>[\/vc_column_text][vc_column_text]<\/p>\n<div class=\"wpb_text_column wpb_content_element \">\n<div class=\"wpb_wrapper\">\n<h2 style=\"text-align: justify;\">Spanish Network of Healthy Universities<\/h2>\n<p style=\"text-align: justify;\">The University of A Coru\u00f1a approved on a meeting held on 28 November 2014, to join the membership of the Spanish Network of Healthy Universities.<\/p>\n<p style=\"text-align: justify;\"><strong>This commitment means that UDC had to carry out a work plan that promotes health in university culture<\/strong>, in its institutional policies, structure, processes and curricula, as well as identifying the needs of the university community, work areas and intervention strategies.<\/p>\n<\/div>\n<\/div>\n<p>[\/vc_column_text][vc_empty_space][\/vc_column_inner][vc_column_inner width=&#8221;1\/6&#8243;][vc_single_image image=&#8221;3826&#8243; img_size=&#8221;full&#8221; alignment=&#8221;center&#8221; vc_none_hover_effect=&#8221;&#8221;][\/vc_column_inner][\/vc_row_inner][\/vc_column][\/vc_row][vc_row][vc_column width=&#8221;1\/2&#8243;][vc_btn title=&#8221;Spanish Network of Healthy Universities&#8221; color=&#8221;teal&#8221; align=&#8221;center&#8221; link=&#8221;url:https%3A%2F%2Fwww.unisaludables.es%2F||target:%20_blank|&#8221;][\/vc_column][vc_column width=&#8221;1\/2&#8243;][vc_btn title=&#8221;Healthy UDC&#8221; color=&#8221;teal&#8221; align=&#8221;center&#8221; link=&#8221;url:https%3A%2F%2Fwww.udc.es%2Fen%2Fudcsaudable%2F||target:%20_blank|&#8221;][\/vc_column][\/vc_row][vc_row][vc_column][vc_empty_space][\/vc_column][\/vc_row][vc_row row_mask_bg=&#8221;&#8221; row_arrow=&#8221;&#8221; css=&#8221;.vc_custom_1475610091118{background-color: #efefef !important;}&#8221;][vc_column][vc_empty_space][vc_column_text]<\/p>\n<p style=\"text-align: center;\"><span style=\"color: #e62686;\"><strong>Health system<\/strong><\/span><\/p>\n<h3 style=\"text-align: center;\"><em>The Spanish health system is considered one of the best qualified of the European Union. There is also a variety of private health insurances managed by reputable companies.<\/em><\/h3>\n<p>[\/vc_column_text][vc_empty_space][\/vc_column][\/vc_row]<\/p>\n","protected":false},"excerpt":{"rendered":"<p>[vc_row][vc_column][vc_empty_space][vc_row_inner][vc_column_inner width=&#8221;1\/2&#8243;][vc_custom_heading text=&#8221;An active|and healthy life&#8221; font_container=&#8221;tag:h2|font_size:45px|text_align:left|line_height:1&#8243; google_fonts=&#8221;font_family:Lato%3A100%2C100italic%2C300%2C300italic%2Cregular%2Citalic%2C700%2C700italic%2C900%2C900italic|font_style:300%20light%20regular%3A300%3Anormal&#8221; cms_custom_headding_type=&#8221;heading-underline-textbold&#8221; css=&#8221;.vc_custom_1476527139983{margin-bottom: 0px !important;}&#8221;][\/vc_column_inner][vc_column_inner width=&#8221;1\/2&#8243;][\/vc_column_inner][\/vc_row_inner][\/vc_column][\/vc_row][vc_row el_class=&#8221;p-140-cont pb-0&#8243; css=&#8221;.vc_custom_1440583825981{margin-bottom: 0px !important;}&#8221;][vc_column][vc_single_image image=&#8221;3855&#8243; img_size=&#8221;1264&#215;300&#8243; alignment=&#8221;center&#8221; vc_none_hover_effect=&#8221;&#8221; css=&#8221;.vc_custom_1474623562050{margin-bottom: 50px !important;}&#8221;][vc_row_inner][vc_column_inner<\/p>\n","protected":false},"author":1,"featured_media":0,"parent":0,"menu_order":0,"comment_status":"closed","ping_status":"closed","template":"","meta":{"footnotes":""},"_links":{"self":[{"href":"https:\/\/www.intalent.udc.gal\/en\/wp-json\/wp\/v2\/pages\/4371"}],"collection":[{"href":"https:\/\/www.intalent.udc.gal\/en\/wp-json\/wp\/v2\/pages"}],"about":[{"href":"https:\/\/www.intalent.udc.gal\/en\/wp-json\/wp\/v2\/types\/page"}],"author":[{"embeddable":true,"href":"https:\/\/www.intalent.udc.gal\/en\/wp-json\/wp\/v2\/users\/1"}],"replies":[{"embeddable":true,"href":"https:\/\/www.intalent.udc.gal\/en\/wp-json\/wp\/v2\/comments?post=4371"}],"version-history":[{"count":6,"href":"https:\/\/www.intalent.udc.gal\/en\/wp-json\/wp\/v2\/pages\/4371\/revisions"}],"predecessor-version":[{"id":4647,"href":"https:\/\/www.intalent.udc.gal\/en\/wp-json\/wp\/v2\/pages\/4371\/revisions\/4647"}],"wp:attachment":[{"href":"https:\/\/www.intalent.udc.gal\/en\/wp-json\/wp\/v2\/media?parent=4371"}],"curies":[{"name":"wp","href":"https:\/\/api.w.org\/{rel}","templated":true}]}}