{"id":5521,"date":"2017-05-26T17:41:25","date_gmt":"2017-05-26T15:41:25","guid":{"rendered":"http:\/\/www.intalent.udc.es\/intalents\/jose-antonio-cortes-vazquez\/"},"modified":"2023-03-29T12:33:57","modified_gmt":"2023-03-29T10:33:57","slug":"jose-antonio-cortes-vazquez","status":"publish","type":"page","link":"https:\/\/www.intalent.udc.gal\/en\/researchers-2\/jose-antonio-cortes-vazquez\/","title":{"rendered":"Jos\u00e9 Antonio Cort\u00e9s V\u00e1zquez"},"content":{"rendered":"<p>[vc_row row_mask_bg=&#8221;&#8221; row_arrow=&#8221;&#8221; el_class=&#8221;p-140-cont pb-0&#8243; css=&#8221;.vc_custom_1494861745759{margin-top: 0px !important;margin-bottom: 0px !important;}&#8221;][vc_column width=&#8221;2\/3&#8243;][vc_custom_heading text=&#8221;Jos\u00e9 Antonio Cort\u00e9s V\u00e1zquez&#8221; font_container=&#8221;tag:h2|font_size:45px|text_align:left|line_height:1&#8243; google_fonts=&#8221;font_family:Lato%3A100%2C100italic%2C300%2C300italic%2Cregular%2Citalic%2C700%2C700italic%2C900%2C900italic|font_style:300%20light%20regular%3A300%3Anormal&#8221; cms_custom_headding_type=&#8221;heading-borderleft-textbold&#8221; css=&#8221;.vc_custom_1494863546297{margin-bottom: 0px !important;}&#8221;][\/vc_column][vc_column width=&#8221;1\/3&#8243;][\/vc_column][\/vc_row][vc_row el_class=&#8221;p-140-cont pb-0&#8243; css=&#8221;.vc_custom_1440603786345{margin-bottom: 100px !important;background-color: #ffffff !important;}&#8221;][vc_column][vc_empty_space height=&#8221;15px&#8221;][vc_row_inner equal_height=&#8221;yes&#8221; content_placement=&#8221;middle&#8221; cms_row_inner_overflow=&#8221;&#8221;][vc_column_inner width=&#8221;1\/4&#8243;][vc_single_image image=&#8221;5470&#8243; img_size=&#8221;full&#8221; alignment=&#8221;center&#8221; vc_none_hover_effect=&#8221;&#8221;][vc_single_image image=&#8221;5453&#8243; img_size=&#8221;56&#215;56&#8243; alignment=&#8221;center&#8221; onclick=&#8221;custom_link&#8221; vc_none_hover_effect=&#8221;&#8221; link=&#8221;https:\/\/www.researchgate.net\/profile\/Jose_Cortes-Vazquez&#8221;][vc_column_text]<\/p>\n<p style=\"text-align: center;\"><a class=\"vc_general cms-button md cms-default btn-icon-animate teal\" title=\"\" href=\"http:\/\/www.intalent.udc.es\/wp-content\/uploads\/2017\/05\/CV_JoseCortesVazquez.pdf\" target=\"_self\" rel=\"noopener\">Download CV<\/a><\/p>\n<p>[\/vc_column_text][\/vc_column_inner][vc_column_inner width=&#8221;1\/12&#8243; offset=&#8221;vc_hidden-xs&#8221;][\/vc_column_inner][vc_column_inner width=&#8221;2\/3&#8243;][vc_column_text]<span style=\"font-size: 12pt;\">Jos\u00e9 Antonio Cort\u00e9s V\u00e1zquez has an undergraduate degree in Environmental Science and a doctorate in Social Anthropology from the Pablo de Olavide University (Seville).\u00a0His research focuses on the relationship that humans maintain with the environment, from the point of view of culture and ecological policy, through the study of rural coastline communities in natural protected areas.<\/span><\/p>\n<p><span style=\"font-size: 12pt;\"><br \/>\nHe worked as a Marie Curie post-doctorate researcher at Manchester and Sheffield Universities, and as a teacher at University College London and the National University of Ireland, Galway. He has coordinated congresses and international projects and has published more than a dozen chapters and articles in internationally renowned magazines, and also a monograph, for which he received the Marqu\u00e9s de Lozoya national prize in 2011, which is the most prestigious award for social anthropology in Spain.<br \/>\n<\/span>[\/vc_column_text][\/vc_column_inner][vc_column_inner][vc_empty_space height=&#8221;15px&#8221;][\/vc_column_inner][\/vc_row_inner][\/vc_column][\/vc_row][vc_row row_mask_bg=&#8221;&#8221; row_arrow=&#8221;&#8221; css=&#8221;.vc_custom_1495813804158{background-color: #f4f4f4 !important;}&#8221;][vc_column][vc_empty_space height=&#8221;15px&#8221;][vc_empty_space height=&#8221;15px&#8221;][vc_row_inner][vc_column_inner width=&#8221;1\/2&#8243;][vc_custom_heading text=&#8221;Project&#8221; font_container=&#8221;tag:h3|font_size:35px|text_align:left|line_height:1&#8243; google_fonts=&#8221;font_family:Lato%3A100%2C100italic%2C300%2C300italic%2Cregular%2Citalic%2C700%2C700italic%2C900%2C900italic|font_style:300%20light%20regular%3A300%3Anormal&#8221; cms_custom_headding_type=&#8221;heading-borderleft-textbold&#8221; css=&#8221;.vc_custom_1493987604000{margin-bottom: 0px !important;}&#8221;][vc_empty_space height=&#8221;15px&#8221;][\/vc_column_inner][vc_column_inner width=&#8221;1\/2&#8243;][\/vc_column_inner][vc_column_inner][vc_column_text]<span style=\"font-size: 12pt;\">Jose Antonio Cort\u00e9s V\u00e1zquez studies the benefits and social impact of the environmental conservation policies in post economic crisis Europe: The Case of Galicia, and he will carry out his project at the Faculty of Sociology.<\/span><\/p>\n<p><span style=\"font-size: 12pt;\"><br \/>\nThe expansion of environmental conservation policies in recent decades came at the same time as significant social change in rural coastline communities. Since the 80s, the complexity of implementing policies for more sustainable use of natural resources meant that in many cases their introduction caused conflict with local inhabitants. It also opened the door to new types of economic drivers through activities such as ecotourism.<\/span><\/p>\n<p><span style=\"font-size: 12pt;\"><br \/>\nHowever, the economic crisis and the introduction of austerity policies throughout the past decade caused a huge reduction in the environmental administration\u2019s ability to act and in its resources. On the other hand, it also strengthened the participation of new sectors of society and the private sector in conservation policies. This has generated a new scenario for protected natural areas that must be considered and evaluated.<\/span><\/p>\n<p><span style=\"font-size: 12pt;\"><br \/>\nIn light of recent changes, this project aims to identify and analyse both the benefits and the social problems generated by new environmental conservation strategies which are being set out in the present post-crisis context.<\/span><\/p>\n<p><span style=\"font-size: 12pt;\"><br \/>\nThrough detailed study of rural, coastal communities in various protected natural areas in Galicia, the aim is to identify how communities in these protected areas are dealing with the economic crisis and the link between their present situation and the conservation measures set out for these areas. With this project a more social vision of conservation measures is sought and it also seeks to contribute to the general reflection about a more responsible use of natural resources.<\/span>[\/vc_column_text][\/vc_column_inner][\/vc_row_inner][vc_empty_space height=&#8221;15px&#8221;][vc_empty_space height=&#8221;15px&#8221;][\/vc_column][\/vc_row]<\/p>\n","protected":false},"excerpt":{"rendered":"<p>[vc_row row_mask_bg=&#8221;&#8221; row_arrow=&#8221;&#8221; el_class=&#8221;p-140-cont pb-0&#8243; css=&#8221;.vc_custom_1494861745759{margin-top: 0px !important;margin-bottom: 0px !important;}&#8221;][vc_column width=&#8221;2\/3&#8243;][vc_custom_heading text=&#8221;Jos\u00e9 Antonio Cort\u00e9s V\u00e1zquez&#8221; font_container=&#8221;tag:h2|font_size:45px|text_align:left|line_height:1&#8243; google_fonts=&#8221;font_family:Lato%3A100%2C100italic%2C300%2C300italic%2Cregular%2Citalic%2C700%2C700italic%2C900%2C900italic|font_style:300%20light%20regular%3A300%3Anormal&#8221; cms_custom_headding_type=&#8221;heading-borderleft-textbold&#8221; css=&#8221;.vc_custom_1494863546297{margin-bottom: 0px !important;}&#8221;][\/vc_column][vc_column width=&#8221;1\/3&#8243;][\/vc_column][\/vc_row][vc_row el_class=&#8221;p-140-cont pb-0&#8243; css=&#8221;.vc_custom_1440603786345{margin-bottom:<\/p>\n","protected":false},"author":2,"featured_media":0,"parent":6288,"menu_order":0,"comment_status":"closed","ping_status":"closed","template":"","meta":{"footnotes":""},"_links":{"self":[{"href":"https:\/\/www.intalent.udc.gal\/en\/wp-json\/wp\/v2\/pages\/5521"}],"collection":[{"href":"https:\/\/www.intalent.udc.gal\/en\/wp-json\/wp\/v2\/pages"}],"about":[{"href":"https:\/\/www.intalent.udc.gal\/en\/wp-json\/wp\/v2\/types\/page"}],"author":[{"embeddable":true,"href":"https:\/\/www.intalent.udc.gal\/en\/wp-json\/wp\/v2\/users\/2"}],"replies":[{"embeddable":true,"href":"https:\/\/www.intalent.udc.gal\/en\/wp-json\/wp\/v2\/comments?post=5521"}],"version-history":[{"count":14,"href":"https:\/\/www.intalent.udc.gal\/en\/wp-json\/wp\/v2\/pages\/5521\/revisions"}],"predecessor-version":[{"id":9029,"href":"https:\/\/www.intalent.udc.gal\/en\/wp-json\/wp\/v2\/pages\/5521\/revisions\/9029"}],"up":[{"embeddable":true,"href":"https:\/\/www.intalent.udc.gal\/en\/wp-json\/wp\/v2\/pages\/6288"}],"wp:attachment":[{"href":"https:\/\/www.intalent.udc.gal\/en\/wp-json\/wp\/v2\/media?parent=5521"}],"curies":[{"name":"wp","href":"https:\/\/api.w.org\/{rel}","templated":true}]}}