{"id":5561,"date":"2017-05-26T18:46:56","date_gmt":"2017-05-26T16:46:56","guid":{"rendered":"http:\/\/www.intalent.udc.es\/intalents\/elena-pazos-chantrero\/"},"modified":"2023-03-29T12:15:33","modified_gmt":"2023-03-29T10:15:33","slug":"elena-pazos-chantrero","status":"publish","type":"page","link":"https:\/\/www.intalent.udc.gal\/en\/researchers-2\/elena-pazos-chantrero\/","title":{"rendered":"Elena Pazos Chantrero"},"content":{"rendered":"<p>[vc_row row_mask_bg=&#8221;&#8221; row_arrow=&#8221;&#8221; el_class=&#8221;p-140-cont pb-0&#8243; css=&#8221;.vc_custom_1494861745759{margin-top: 0px !important;margin-bottom: 0px !important;}&#8221;][vc_column width=&#8221;1\/2&#8243;][vc_custom_heading text=&#8221;Elena Pazos Chantrero&#8221; font_container=&#8221;tag:h2|font_size:45px|text_align:left|line_height:1&#8243; google_fonts=&#8221;font_family:Lato%3A100%2C100italic%2C300%2C300italic%2Cregular%2Citalic%2C700%2C700italic%2C900%2C900italic|font_style:300%20light%20regular%3A300%3Anormal&#8221; cms_custom_headding_type=&#8221;heading-borderleft-textbold&#8221; css=&#8221;.vc_custom_1493987132407{margin-bottom: 0px !important;}&#8221;][\/vc_column][vc_column width=&#8221;1\/2&#8243;][\/vc_column][\/vc_row][vc_row el_class=&#8221;p-140-cont pb-0&#8243; css=&#8221;.vc_custom_1440603786345{margin-bottom: 100px !important;background-color: #ffffff !important;}&#8221;][vc_column][vc_empty_space height=&#8221;15px&#8221;][vc_row_inner equal_height=&#8221;yes&#8221; content_placement=&#8221;middle&#8221; cms_row_inner_overflow=&#8221;&#8221;][vc_column_inner width=&#8221;1\/4&#8243;][vc_single_image image=&#8221;5468&#8243; img_size=&#8221;full&#8221; alignment=&#8221;center&#8221; vc_none_hover_effect=&#8221;&#8221;][vc_column_text css=&#8221;.vc_custom_1494947977618{padding-left: 25% !important;}&#8221;]<a href=\"https:\/\/www.linkedin.com\/in\/elena-pazos-chantrero-b46b1812\/?ppe=1\"><img loading=\"lazy\" decoding=\"async\" class=\"alignleft wp-image-5465 size-full\" src=\"https:\/\/www.intalent.udc.es\/wp-content\/uploads\/2017\/05\/linkedin-1.png\" alt=\"\" width=\"56\" height=\"56\" \/><\/a><a href=\"https:\/\/www.researchgate.net\/profile\/Elena_Pazos\"><img loading=\"lazy\" decoding=\"async\" class=\"wp-image-5453 size-full alignnone alignleft\" src=\"https:\/\/www.intalent.udc.es\/wp-content\/uploads\/2017\/05\/Logo-researchgathe.jpg\" alt=\"\" width=\"56\" height=\"56\" \/><\/a>[\/vc_column_text][vc_empty_space height=&#8221;15px&#8221;][vc_empty_space height=&#8221;30px&#8221;][vc_column_text css=&#8221;.vc_custom_1539004483904{padding-top: 40px !important;}&#8221;]<\/p>\n<p style=\"text-align: center;\"><a class=\"vc_general cms-button md cms-default btn-icon-animate teal\" href=\"http:\/\/www.intalent.udc.es\/wp-content\/uploads\/2018\/10\/CV_IntelentWEB.pdf\">Download\u00a0CV<\/a><\/p>\n<p>[\/vc_column_text][\/vc_column_inner][vc_column_inner width=&#8221;1\/12&#8243; offset=&#8221;vc_hidden-xs&#8221;][\/vc_column_inner][vc_column_inner width=&#8221;2\/3&#8243;][vc_column_text]<span style=\"font-size: 12pt;\">Elena Pazos Chantrero obtained her doctorate from the University of Santiago de Compostela in 2012 under the supervision of professors Jos\u00e9 Luis Mascare\u00f1as and M. Eugenio V\u00e1zquez, working on the sythesis of fluorescent sensors for the detection of some proteins involved in cancer.<\/span><br \/>\n<span style=\"font-size: 12pt;\"><br \/>\nShe was a visiting student at Trinity College Dublin (Ireland) and The University of Illinois in Urbana-Champaign (USA) during her doctoral studies.<\/span><br \/>\n<span style=\"font-size: 12pt;\"><br \/>\nUpon finishing her doctorate, she received a postdoctoral grant from the Fundaci\u00f3n Barri\u00e9 which allowed her to join professor Samuel I. Stupp\u2019s group at Northwestern University in the United States, where she carried out research in the field of supramolecular chemistry and bionanotechnology.<\/span><\/p>\n<p><span style=\"font-size: 12pt;\"><br \/>\nAfter her postdoctoral period, she worked in the Medcom Advance spin-off as a research officer for a year, and in December 2015 she joined professor Ram\u00f3n \u00c1lvarez Puebla&#8217;s group at the Chemistry Technology Centre of Catalonia as a TECNIOspring and Marie Curie researcher. In her research career to date, she has published fifteen scientific articles, most of them in high impact magazines in the field of chemistry, a chapter of a book, and some of the results of her research have been protected through two patents.<\/span><\/p>\n<p><span style=\"font-size: 12pt;\">\u00a0<\/span>[\/vc_column_text][\/vc_column_inner][vc_column_inner][vc_empty_space height=&#8221;15px&#8221;][\/vc_column_inner][\/vc_row_inner][\/vc_column][\/vc_row][vc_row row_mask_bg=&#8221;&#8221; row_arrow=&#8221;&#8221; css=&#8221;.vc_custom_1494861130580{background-color: #f4f4f4 !important;}&#8221;][vc_column][vc_empty_space height=&#8221;15px&#8221;][vc_empty_space height=&#8221;15px&#8221;][vc_row_inner][vc_column_inner width=&#8221;1\/2&#8243;][vc_custom_heading text=&#8221;Project&#8221; font_container=&#8221;tag:h3|font_size:35px|text_align:left|line_height:1&#8243; google_fonts=&#8221;font_family:Lato%3A100%2C100italic%2C300%2C300italic%2Cregular%2Citalic%2C700%2C700italic%2C900%2C900italic|font_style:300%20light%20regular%3A300%3Anormal&#8221; cms_custom_headding_type=&#8221;heading-borderleft-textbold&#8221; css=&#8221;.vc_custom_1495817445429{margin-bottom: 0px !important;}&#8221;][vc_empty_space height=&#8221;15px&#8221;][\/vc_column_inner][vc_column_inner width=&#8221;1\/2&#8243;][\/vc_column_inner][vc_column_inner][vc_column_text]<span style=\"font-size: 12pt;\">The research project that Elena Pazos carries out in the <a href=\"https:\/\/cica.udc.es\/en\">Advanced Sciences Research Centre (CICA)<\/a> at the University of A Coru\u00f1a has\u00a0the same multidisciplinary nature that characterised her research career thus far, and focuses on the development of chemical tools for use in biomedicine.<\/span><\/p>\n<p><span style=\"font-size: 12pt;\"><br \/>\nOn one hand, she develops intelligent sensors for degenerative diseases, i.e. molecules that emit light in the presence of specific markers for these diseases, allowing their detection. These sensors are not only used for early detection, but also to understand the mechanisms which cause the disease on a molecular level and as powerful tools to identify new therapeutic targets and new drugs.<\/span><\/p>\n<p><span style=\"font-size: 12pt;\"><br \/>\nOne the other hand, she also works on the development of new nanomaterials which are capable of producing a determined effect in cells, such as promoting cellular regeneration or their use as vehicles for the controlled administration of drugs.<\/span>[\/vc_column_text][\/vc_column_inner][\/vc_row_inner][vc_empty_space height=&#8221;15px&#8221;][vc_empty_space height=&#8221;15px&#8221;][\/vc_column][\/vc_row][vc_row][vc_column][vc_empty_space height=&#8221;35px&#8221;][\/vc_column][\/vc_row]<\/p>\n","protected":false},"excerpt":{"rendered":"<p>[vc_row row_mask_bg=&#8221;&#8221; row_arrow=&#8221;&#8221; el_class=&#8221;p-140-cont pb-0&#8243; css=&#8221;.vc_custom_1494861745759{margin-top: 0px !important;margin-bottom: 0px !important;}&#8221;][vc_column width=&#8221;1\/2&#8243;][vc_custom_heading text=&#8221;Elena Pazos Chantrero&#8221; font_container=&#8221;tag:h2|font_size:45px|text_align:left|line_height:1&#8243; google_fonts=&#8221;font_family:Lato%3A100%2C100italic%2C300%2C300italic%2Cregular%2Citalic%2C700%2C700italic%2C900%2C900italic|font_style:300%20light%20regular%3A300%3Anormal&#8221; cms_custom_headding_type=&#8221;heading-borderleft-textbold&#8221; css=&#8221;.vc_custom_1493987132407{margin-bottom: 0px !important;}&#8221;][\/vc_column][vc_column width=&#8221;1\/2&#8243;][\/vc_column][\/vc_row][vc_row el_class=&#8221;p-140-cont pb-0&#8243; css=&#8221;.vc_custom_1440603786345{margin-bottom: 100px<\/p>\n","protected":false},"author":2,"featured_media":0,"parent":6288,"menu_order":0,"comment_status":"closed","ping_status":"closed","template":"","meta":{"footnotes":""},"_links":{"self":[{"href":"https:\/\/www.intalent.udc.gal\/en\/wp-json\/wp\/v2\/pages\/5561"}],"collection":[{"href":"https:\/\/www.intalent.udc.gal\/en\/wp-json\/wp\/v2\/pages"}],"about":[{"href":"https:\/\/www.intalent.udc.gal\/en\/wp-json\/wp\/v2\/types\/page"}],"author":[{"embeddable":true,"href":"https:\/\/www.intalent.udc.gal\/en\/wp-json\/wp\/v2\/users\/2"}],"replies":[{"embeddable":true,"href":"https:\/\/www.intalent.udc.gal\/en\/wp-json\/wp\/v2\/comments?post=5561"}],"version-history":[{"count":12,"href":"https:\/\/www.intalent.udc.gal\/en\/wp-json\/wp\/v2\/pages\/5561\/revisions"}],"predecessor-version":[{"id":9027,"href":"https:\/\/www.intalent.udc.gal\/en\/wp-json\/wp\/v2\/pages\/5561\/revisions\/9027"}],"up":[{"embeddable":true,"href":"https:\/\/www.intalent.udc.gal\/en\/wp-json\/wp\/v2\/pages\/6288"}],"wp:attachment":[{"href":"https:\/\/www.intalent.udc.gal\/en\/wp-json\/wp\/v2\/media?parent=5561"}],"curies":[{"name":"wp","href":"https:\/\/api.w.org\/{rel}","templated":true}]}}