{"id":6288,"date":"2018-03-28T18:17:56","date_gmt":"2018-03-28T16:17:56","guid":{"rendered":"http:\/\/www.intalent.udc.es\/?page_id=6288"},"modified":"2023-02-17T14:51:32","modified_gmt":"2023-02-17T13:51:32","slug":"researchers-2","status":"publish","type":"page","link":"https:\/\/www.intalent.udc.gal\/en\/researchers-2\/","title":{"rendered":"InTalent Researchers"},"content":{"rendered":"<p>[vc_row row_mask_bg=&#8221;&#8221; row_arrow=&#8221;&#8221; css=&#8221;.vc_custom_1494846758971{margin-bottom: 0px !important;}&#8221; el_class=&#8221;p-140-cont pb-0&#8243;][vc_column width=&#8221;1\/2&#8243;][vc_custom_heading text=&#8221;Researchers <b>InTalent<\/b> 1st Edition&#8221; font_container=&#8221;tag:h2|font_size:45px|text_align:left|line_height:1&#8243; google_fonts=&#8221;font_family:Lato%3A100%2C100italic%2C300%2C300italic%2Cregular%2Citalic%2C700%2C700italic%2C900%2C900italic|font_style:300%20light%20regular%3A300%3Anormal&#8221; cms_custom_headding_type=&#8221;heading-borderleft-textbold&#8221; css=&#8221;.vc_custom_1495801848737{margin-bottom: 0px !important;}&#8221;][\/vc_column][vc_column width=&#8221;1\/2&#8243;][\/vc_column][\/vc_row][vc_row el_class=&#8221;p-140-cont pb-0&#8243; css=&#8221;.vc_custom_1440603786345{margin-bottom: 100px !important;background-color: #ffffff !important;}&#8221;][vc_column width=&#8221;1\/3&#8243;][vc_column_text]<img loading=\"lazy\" decoding=\"async\" class=\"alignleft wp-image-5468 size-medium\" src=\"https:\/\/www.intalent.udc.es\/wp-content\/uploads\/2017\/05\/Elena-Pazos-InTalent-300x300.png\" alt=\"\" width=\"300\" height=\"300\" srcset=\"https:\/\/www.intalent.udc.gal\/wp-content\/uploads\/2017\/05\/Elena-Pazos-InTalent-300x300.png 300w, https:\/\/www.intalent.udc.gal\/wp-content\/uploads\/2017\/05\/Elena-Pazos-InTalent-150x150.png 150w, https:\/\/www.intalent.udc.gal\/wp-content\/uploads\/2017\/05\/Elena-Pazos-InTalent-768x768.png 768w, https:\/\/www.intalent.udc.gal\/wp-content\/uploads\/2017\/05\/Elena-Pazos-InTalent-1024x1024.png 1024w, https:\/\/www.intalent.udc.gal\/wp-content\/uploads\/2017\/05\/Elena-Pazos-InTalent-600x600.png 600w, https:\/\/www.intalent.udc.gal\/wp-content\/uploads\/2017\/05\/Elena-Pazos-InTalent-650x650.png 650w, https:\/\/www.intalent.udc.gal\/wp-content\/uploads\/2017\/05\/Elena-Pazos-InTalent-480x480.png 480w, https:\/\/www.intalent.udc.gal\/wp-content\/uploads\/2017\/05\/Elena-Pazos-InTalent-500x500.png 500w, https:\/\/www.intalent.udc.gal\/wp-content\/uploads\/2017\/05\/Elena-Pazos-InTalent-624x624.png 624w, https:\/\/www.intalent.udc.gal\/wp-content\/uploads\/2017\/05\/Elena-Pazos-InTalent.png 1062w\" sizes=\"(max-width: 300px) 100vw, 300px\" \/>[\/vc_column_text][vc_empty_space height=&#8221;15px&#8221;][vc_column_text]<\/p>\n<h3 class=\"cms-grid-title\" style=\"text-align: left;\"><strong>Elena Pazos Chantrero<\/strong><\/h3>\n<p style=\"text-align: left;\"><span style=\"font-size: 14pt;\"><strong>Project:<\/strong> Development of chemical tools with applications in biomedicine.<\/span><\/p>\n<p>[\/vc_column_text][vc_column_text]<\/p>\n<p style=\"text-align: left;\"><a class=\"vc_general cms-button md cms-default btn-icon-animate teal\" title=\"\" href=\"https:\/\/www.intalent.udc.gal\/en\/researchers-2\/elena-pazos-chantrero\/?lang=en\" target=\"_self\" rel=\"noopener\">See profile<\/a><\/p>\n<p>[\/vc_column_text][\/vc_column][vc_column width=&#8221;1\/3&#8243;][vc_column_text]<img loading=\"lazy\" decoding=\"async\" class=\"alignleft wp-image-5470 size-medium\" src=\"https:\/\/www.intalent.udc.es\/wp-content\/uploads\/2015\/08\/Jose-Antonio-Cortes-Vazquez-InTalent-300x300.png\" alt=\"\" width=\"300\" height=\"300\" srcset=\"https:\/\/www.intalent.udc.gal\/wp-content\/uploads\/2015\/08\/Jose-Antonio-Cortes-Vazquez-InTalent-300x300.png 300w, https:\/\/www.intalent.udc.gal\/wp-content\/uploads\/2015\/08\/Jose-Antonio-Cortes-Vazquez-InTalent-150x150.png 150w, https:\/\/www.intalent.udc.gal\/wp-content\/uploads\/2015\/08\/Jose-Antonio-Cortes-Vazquez-InTalent-768x768.png 768w, https:\/\/www.intalent.udc.gal\/wp-content\/uploads\/2015\/08\/Jose-Antonio-Cortes-Vazquez-InTalent-1024x1024.png 1024w, https:\/\/www.intalent.udc.gal\/wp-content\/uploads\/2015\/08\/Jose-Antonio-Cortes-Vazquez-InTalent-600x600.png 600w, https:\/\/www.intalent.udc.gal\/wp-content\/uploads\/2015\/08\/Jose-Antonio-Cortes-Vazquez-InTalent-650x650.png 650w, https:\/\/www.intalent.udc.gal\/wp-content\/uploads\/2015\/08\/Jose-Antonio-Cortes-Vazquez-InTalent-480x480.png 480w, https:\/\/www.intalent.udc.gal\/wp-content\/uploads\/2015\/08\/Jose-Antonio-Cortes-Vazquez-InTalent-500x500.png 500w, https:\/\/www.intalent.udc.gal\/wp-content\/uploads\/2015\/08\/Jose-Antonio-Cortes-Vazquez-InTalent-624x624.png 624w, https:\/\/www.intalent.udc.gal\/wp-content\/uploads\/2015\/08\/Jose-Antonio-Cortes-Vazquez-InTalent.png 1062w\" sizes=\"(max-width: 300px) 100vw, 300px\" \/>[\/vc_column_text][vc_empty_space height=&#8221;15px&#8221;][vc_column_text]<\/p>\n<h3 class=\"cms-grid-title\" style=\"text-align: left;\"><strong>Jos\u00e9 Antonio Cort\u00e9s V\u00e1zquez<\/strong><\/h3>\n<p style=\"text-align: left;\"><span style=\"font-size: 14pt;\"><strong>Project:<\/strong> The benefits and social impact of environmental conservation policies in Europe after the economic crisis: The case of Galicia.<\/span><\/p>\n<p>[\/vc_column_text][vc_column_text]<\/p>\n<p style=\"text-align: left;\"><a class=\"vc_general cms-button md cms-default btn-icon-animate teal\" title=\"\" href=\"https:\/\/www.intalent.udc.gal\/en\/researchers-2\/jose-antonio-cortes-vazquez\/?lang=en\" target=\"_self\" rel=\"noopener\">See profile<\/a><\/p>\n<p>[\/vc_column_text][\/vc_column][vc_column width=&#8221;1\/3&#8243;][vc_column_text]<img loading=\"lazy\" decoding=\"async\" class=\"size-large wp-image-6995 alignleft\" src=\"https:\/\/www.intalent.udc.es\/wp-content\/uploads\/2018\/06\/Ana-Rey-Rico-1024x1024.png\" alt=\"Ana Rey-Rico InTalent\" width=\"300\" height=\"300\" srcset=\"https:\/\/www.intalent.udc.gal\/wp-content\/uploads\/2018\/06\/Ana-Rey-Rico-1024x1024.png 1024w, https:\/\/www.intalent.udc.gal\/wp-content\/uploads\/2018\/06\/Ana-Rey-Rico-150x150.png 150w, https:\/\/www.intalent.udc.gal\/wp-content\/uploads\/2018\/06\/Ana-Rey-Rico-300x300.png 300w, https:\/\/www.intalent.udc.gal\/wp-content\/uploads\/2018\/06\/Ana-Rey-Rico-768x768.png 768w, https:\/\/www.intalent.udc.gal\/wp-content\/uploads\/2018\/06\/Ana-Rey-Rico-600x600.png 600w, https:\/\/www.intalent.udc.gal\/wp-content\/uploads\/2018\/06\/Ana-Rey-Rico-650x650.png 650w, https:\/\/www.intalent.udc.gal\/wp-content\/uploads\/2018\/06\/Ana-Rey-Rico-480x480.png 480w, https:\/\/www.intalent.udc.gal\/wp-content\/uploads\/2018\/06\/Ana-Rey-Rico-500x500.png 500w, https:\/\/www.intalent.udc.gal\/wp-content\/uploads\/2018\/06\/Ana-Rey-Rico-624x624.png 624w, https:\/\/www.intalent.udc.gal\/wp-content\/uploads\/2018\/06\/Ana-Rey-Rico.png 1062w\" sizes=\"(max-width: 300px) 100vw, 300px\" \/>[\/vc_column_text][vc_empty_space height=&#8221;15px&#8221;][vc_column_text]<\/p>\n<h3 class=\"cms-grid-title\" style=\"text-align: left;\"><strong>Ana Rey Rico<\/strong><\/h3>\n<p style=\"text-align: left;\"><span style=\"font-size: 14pt;\"><strong>Project:\u00a0<\/strong>Use of polymeric biomaterials as non-viral vector controlled release systems in the regeneration of cartilage.<\/span><\/p>\n<p>[\/vc_column_text][vc_column_text]<\/p>\n<p style=\"text-align: left;\"><a class=\"vc_general cms-button md cms-default btn-icon-animate teal\" title=\"\" href=\"https:\/\/www.intalent.udc.gal\/en\/researchers-2\/ana-rey-rico\/?lang=en\">See profile<\/a><\/p>\n<p>[\/vc_column_text][\/vc_column][\/vc_row][vc_row el_class=&#8221;p-140-cont pb-0&#8243; css=&#8221;.vc_custom_1440603786345{margin-bottom: 100px !important;background-color: #ffffff !important;}&#8221;][vc_column width=&#8221;1\/3&#8243;][vc_column_text]<img loading=\"lazy\" decoding=\"async\" class=\"alignleft wp-image-6906 size-medium\" src=\"https:\/\/www.intalent.udc.es\/wp-content\/uploads\/2018\/06\/jorge-ledo-1-300x300.png\" alt=\"\" width=\"300\" height=\"300\" srcset=\"https:\/\/www.intalent.udc.gal\/wp-content\/uploads\/2018\/06\/jorge-ledo-1-300x300.png 300w, https:\/\/www.intalent.udc.gal\/wp-content\/uploads\/2018\/06\/jorge-ledo-1-150x150.png 150w, https:\/\/www.intalent.udc.gal\/wp-content\/uploads\/2018\/06\/jorge-ledo-1-768x768.png 768w, https:\/\/www.intalent.udc.gal\/wp-content\/uploads\/2018\/06\/jorge-ledo-1-1024x1024.png 1024w, https:\/\/www.intalent.udc.gal\/wp-content\/uploads\/2018\/06\/jorge-ledo-1-600x600.png 600w, https:\/\/www.intalent.udc.gal\/wp-content\/uploads\/2018\/06\/jorge-ledo-1-650x650.png 650w, https:\/\/www.intalent.udc.gal\/wp-content\/uploads\/2018\/06\/jorge-ledo-1-480x480.png 480w, https:\/\/www.intalent.udc.gal\/wp-content\/uploads\/2018\/06\/jorge-ledo-1-500x500.png 500w, https:\/\/www.intalent.udc.gal\/wp-content\/uploads\/2018\/06\/jorge-ledo-1-624x624.png 624w, https:\/\/www.intalent.udc.gal\/wp-content\/uploads\/2018\/06\/jorge-ledo-1.png 1062w\" sizes=\"(max-width: 300px) 100vw, 300px\" \/>[\/vc_column_text][vc_empty_space height=&#8221;15px&#8221;][vc_column_text]<\/p>\n<h3 class=\"cms-grid-title\" style=\"text-align: left;\"><strong>Jorge Ledo<\/strong><\/h3>\n<p style=\"text-align: left;\"><span style=\"font-size: 14pt;\"><strong>Project:\u00a0<\/strong>Communicative theory and historical transformation between the autumn of the Middle Ages and the beginning of modernity.<\/span><\/p>\n<p>[\/vc_column_text][vc_column_text]<\/p>\n<p style=\"text-align: left;\"><a class=\"vc_general cms-button md cms-default btn-icon-animate teal\" title=\"\" href=\"https:\/\/www.intalent.udc.gal\/en\/researchers-2\/jorge-ledo\/?lang=en\">See profile<\/a><\/p>\n<p>[\/vc_column_text][\/vc_column][vc_column width=&#8221;1\/3&#8243;][vc_column_text]<img loading=\"lazy\" decoding=\"async\" class=\"wp-image-8585 size-full alignleft\" src=\"https:\/\/www.intalent.udc.es\/wp-content\/uploads\/2019\/05\/MFP.png\" alt=\"\" width=\"300\" height=\"300\" srcset=\"https:\/\/www.intalent.udc.gal\/wp-content\/uploads\/2019\/05\/MFP.png 500w, https:\/\/www.intalent.udc.gal\/wp-content\/uploads\/2019\/05\/MFP-150x150.png 150w, https:\/\/www.intalent.udc.gal\/wp-content\/uploads\/2019\/05\/MFP-300x300.png 300w, https:\/\/www.intalent.udc.gal\/wp-content\/uploads\/2019\/05\/MFP-480x480.png 480w\" sizes=\"(max-width: 300px) 100vw, 300px\" \/>[\/vc_column_text][vc_empty_space height=&#8221;15px&#8221;][vc_column_text]<\/p>\n<h3 class=\"cms-grid-title\" style=\"text-align: left;\"><strong>M\u00f3nica Ferr\u00edn Pereira<\/strong><\/h3>\n<p style=\"text-align: left;\"><span style=\"font-size: 14pt;\"><strong>Project:<\/strong> The study of Europeans\u2019 attitudes towards democracy and gender inequality in the public arena.<\/span><\/p>\n<p>[\/vc_column_text][vc_column_text]<\/p>\n<p style=\"text-align: left;\"><a class=\"vc_general cms-button md cms-default btn-icon-animate teal\" title=\"\" href=\"https:\/\/www.intalent.udc.gal\/en\/researchers-2\/monica-ferrin-pereira\/?lang=en\" target=\"_self\" rel=\"noopener\">See profile<\/a><\/p>\n<p>[\/vc_column_text][\/vc_column][vc_column width=&#8221;1\/3&#8243;][vc_column_text]<img loading=\"lazy\" decoding=\"async\" class=\"wp-image-8606 size-full alignleft\" src=\"https:\/\/www.intalent.udc.es\/wp-content\/uploads\/2019\/05\/JIG.png\" alt=\"\" width=\"300\" height=\"300\" srcset=\"https:\/\/www.intalent.udc.gal\/wp-content\/uploads\/2019\/05\/JIG.png 400w, https:\/\/www.intalent.udc.gal\/wp-content\/uploads\/2019\/05\/JIG-150x150.png 150w, https:\/\/www.intalent.udc.gal\/wp-content\/uploads\/2019\/05\/JIG-300x300.png 300w\" sizes=\"(max-width: 300px) 100vw, 300px\" \/>[\/vc_column_text][vc_empty_space height=&#8221;15px&#8221;][vc_column_text]<\/p>\n<h3 class=\"cms-grid-title\" style=\"text-align: left;\"><strong>Jos\u00e9 A. Iglesias-Guiti\u00e1n<\/strong><\/h3>\n<p style=\"text-align: left;\"><span style=\"font-size: 14pt;\"><strong>Project:<\/strong> Exploring advanced rendering and lighting techniques for scientific visualisation.<\/span><\/p>\n<p>[\/vc_column_text][vc_column_text]<\/p>\n<p style=\"text-align: left;\"><a class=\"vc_general cms-button md cms-default btn-icon-animate teal\" title=\"\" href=\"https:\/\/www.intalent.udc.gal\/en\/researchers-2\/jose-a-iglesias-guitian\/?lang=en\" target=\"_self\" rel=\"noopener\">See profile<\/a><\/p>\n<p>[\/vc_column_text][\/vc_column][\/vc_row][vc_row row_mask_bg=&#8221;&#8221; row_arrow=&#8221;&#8221; el_class=&#8221;pt-80-b-50-cont&#8221; css=&#8221;.vc_custom_1474041011359{margin-top: 40px !important;background-color: #b1b3b4 !important;}&#8221;][vc_column width=&#8221;1\/2&#8243; css=&#8221;.vc_custom_1440860401285{padding-bottom: 30px !important;}&#8221; offset=&#8221;vc_col-lg-9 vc_col-md-9&#8243;][vc_column_text css=&#8221;.vc_custom_1477606328056{margin-bottom: 0px !important;}&#8221;]<\/p>\n<div class=\"post-container\">\n<div class=\"post-thumb\"><img loading=\"lazy\" decoding=\"async\" src=\"https:\/\/www.intalent.udc.es\/wp-content\/uploads\/2016\/09\/assets-08.png\" width=\"60\" height=\"64\" \/><\/div>\n<p><span style=\"color: #e42184; font-weight: bold; font-size: 16px;\">Together towards progress<\/span><\/p>\n<p><span style=\"color: #ffffff; font-size: 14px;\">A modern university working for scientific excellence<\/span><\/p>\n<\/div>\n<p>[\/vc_column_text][\/vc_column][vc_column width=&#8221;1\/2&#8243; css=&#8221;.vc_custom_1474040970653{margin-top: 7px !important;padding-bottom: 30px !important;}&#8221; offset=&#8221;vc_col-lg-3 vc_col-md-3&#8243;][vc_btn title=&#8221;APPLY&#8221; color=&#8221;teal&#8221; align=&#8221;center&#8221; link=&#8221;url:http%3A%2F%2Fwww.intalent.udc.es%2Fsolicitudes%2F%3Flang%3Den|||&#8221; el_class=&#8221;.rosabuttom&#8221;][\/vc_column][\/vc_row]<\/p>\n","protected":false},"excerpt":{"rendered":"<p>[vc_row row_mask_bg=&#8221;&#8221; row_arrow=&#8221;&#8221; css=&#8221;.vc_custom_1494846758971{margin-bottom: 0px !important;}&#8221; el_class=&#8221;p-140-cont pb-0&#8243;][vc_column width=&#8221;1\/2&#8243;][vc_custom_heading text=&#8221;Researchers InTalent 1st Edition&#8221; font_container=&#8221;tag:h2|font_size:45px|text_align:left|line_height:1&#8243; google_fonts=&#8221;font_family:Lato%3A100%2C100italic%2C300%2C300italic%2Cregular%2Citalic%2C700%2C700italic%2C900%2C900italic|font_style:300%20light%20regular%3A300%3Anormal&#8221; cms_custom_headding_type=&#8221;heading-borderleft-textbold&#8221; css=&#8221;.vc_custom_1495801848737{margin-bottom: 0px !important;}&#8221;][\/vc_column][vc_column width=&#8221;1\/2&#8243;][\/vc_column][\/vc_row][vc_row el_class=&#8221;p-140-cont pb-0&#8243; css=&#8221;.vc_custom_1440603786345{margin-bottom: 100px !important;background-color:<\/p>\n","protected":false},"author":1,"featured_media":5777,"parent":0,"menu_order":0,"comment_status":"closed","ping_status":"closed","template":"","meta":{"footnotes":""},"_links":{"self":[{"href":"https:\/\/www.intalent.udc.gal\/en\/wp-json\/wp\/v2\/pages\/6288"}],"collection":[{"href":"https:\/\/www.intalent.udc.gal\/en\/wp-json\/wp\/v2\/pages"}],"about":[{"href":"https:\/\/www.intalent.udc.gal\/en\/wp-json\/wp\/v2\/types\/page"}],"author":[{"embeddable":true,"href":"https:\/\/www.intalent.udc.gal\/en\/wp-json\/wp\/v2\/users\/1"}],"replies":[{"embeddable":true,"href":"https:\/\/www.intalent.udc.gal\/en\/wp-json\/wp\/v2\/comments?post=6288"}],"version-history":[{"count":15,"href":"https:\/\/www.intalent.udc.gal\/en\/wp-json\/wp\/v2\/pages\/6288\/revisions"}],"predecessor-version":[{"id":8960,"href":"https:\/\/www.intalent.udc.gal\/en\/wp-json\/wp\/v2\/pages\/6288\/revisions\/8960"}],"wp:featuredmedia":[{"embeddable":true,"href":"https:\/\/www.intalent.udc.gal\/en\/wp-json\/wp\/v2\/media\/5777"}],"wp:attachment":[{"href":"https:\/\/www.intalent.udc.gal\/en\/wp-json\/wp\/v2\/media?parent=6288"}],"curies":[{"name":"wp","href":"https:\/\/api.w.org\/{rel}","templated":true}]}}