{"id":7109,"date":"2016-09-23T10:45:41","date_gmt":"2016-09-23T10:45:41","guid":{"rendered":"http:\/\/www.intalent.udc.es\/top-areas-cientificas\/"},"modified":"2023-03-29T13:14:30","modified_gmt":"2023-03-29T11:14:30","slug":"top-areas-cientificas","status":"publish","type":"page","link":"https:\/\/www.intalent.udc.gal\/gl\/top-areas-cientificas\/","title":{"rendered":"TOP \u00c1REAS CIENT\u00cdFICAS"},"content":{"rendered":"<p>[vc_row el_class=&#8221;p-140-cont pb-0&#8243; css=&#8221;.vc_custom_1440583825981{margin-bottom: 0px !important;}&#8221;][vc_column width=&#8221;1\/2&#8243;][vc_custom_heading text=&#8221;Excelencia|como fundamento&#8221; font_container=&#8221;tag:h2|font_size:45px|text_align:left|line_height:1&#8243; google_fonts=&#8221;font_family:Lato%3A100%2C100italic%2C300%2C300italic%2Cregular%2Citalic%2C700%2C700italic%2C900%2C900italic|font_style:300%20light%20regular%3A300%3Anormal&#8221; cms_custom_headding_type=&#8221;heading-borderleft-textbold&#8221; css=&#8221;.vc_custom_1474628049725{margin-bottom: 0px !important;}&#8221;][vc_empty_space][vc_column_text]A UDC pon especial interese nas seguintes \u00e1reas de investigaci\u00f3n, sobre as que ali\u00f1a os seus recursos:[\/vc_column_text][\/vc_column][vc_column width=&#8221;1\/2&#8243;][vc_single_image image=&#8221;3894&#8243; img_size=&#8221;full&#8221; alignment=&#8221;center&#8221; vc_none_hover_effect=&#8221;&#8221;][\/vc_column][\/vc_row][vc_row row_mask_bg=&#8221;&#8221; row_arrow=&#8221;&#8221;][vc_column width=&#8221;1\/3&#8243;][vc_column_text]<\/p>\n<ul class=\"rss\">\n<li><a href=\"#\" target=\"_blank\" rel=\"noopener noreferrer\">TICs<\/a><\/li>\n<li><a href=\"#\" target=\"_blank\" rel=\"noopener noreferrer\">Industrial<\/a><\/li>\n<li><a href=\"#\" target=\"_blank\" rel=\"noopener noreferrer\">Ciencias experimentais<\/a><\/li>\n<\/ul>\n<p>[\/vc_column_text][\/vc_column][vc_column width=&#8221;1\/3&#8243;][vc_column_text]<\/p>\n<ul class=\"rss\">\n<li><a href=\"#\" target=\"_blank\" rel=\"noopener noreferrer\">Innovaci\u00f3n social<\/a><\/li>\n<li><a href=\"#\" target=\"_blank\" rel=\"noopener noreferrer\">Enxe\u00f1ar\u00eda<\/a><\/li>\n<li><a href=\"#\" target=\"_blank\" rel=\"noopener noreferrer\">Construci\u00f3n civil<\/a><\/li>\n<\/ul>\n<p>[\/vc_column_text][\/vc_column][vc_column width=&#8221;1\/3&#8243;][vc_column_text]<\/p>\n<ul class=\"rss\">\n<li><a href=\"#\" target=\"_blank\" rel=\"noopener noreferrer\">Sa\u00fade<\/a><\/li>\n<li><a href=\"#\" target=\"_blank\" rel=\"noopener noreferrer\">Humanidades<\/a><\/li>\n<\/ul>\n<p>[\/vc_column_text][\/vc_column][\/vc_row]<\/p>\n","protected":false},"excerpt":{"rendered":"<p>[vc_row el_class=&#8221;p-140-cont pb-0&#8243; css=&#8221;.vc_custom_1440583825981{margin-bottom: 0px !important;}&#8221;][vc_column width=&#8221;1\/2&#8243;][vc_custom_heading text=&#8221;Excelencia|como fundamento&#8221; font_container=&#8221;tag:h2|font_size:45px|text_align:left|line_height:1&#8243; google_fonts=&#8221;font_family:Lato%3A100%2C100italic%2C300%2C300italic%2Cregular%2Citalic%2C700%2C700italic%2C900%2C900italic|font_style:300%20light%20regular%3A300%3Anormal&#8221; cms_custom_headding_type=&#8221;heading-borderleft-textbold&#8221; css=&#8221;.vc_custom_1474628049725{margin-bottom: 0px !important;}&#8221;][vc_empty_space][vc_column_text]A UDC pon especial interese nas seguintes \u00e1reas de investigaci\u00f3n, sobre<\/p>\n","protected":false},"author":1,"featured_media":0,"parent":0,"menu_order":0,"comment_status":"closed","ping_status":"closed","template":"","meta":{"footnotes":""},"_links":{"self":[{"href":"https:\/\/www.intalent.udc.gal\/gl\/wp-json\/wp\/v2\/pages\/7109"}],"collection":[{"href":"https:\/\/www.intalent.udc.gal\/gl\/wp-json\/wp\/v2\/pages"}],"about":[{"href":"https:\/\/www.intalent.udc.gal\/gl\/wp-json\/wp\/v2\/types\/page"}],"author":[{"embeddable":true,"href":"https:\/\/www.intalent.udc.gal\/gl\/wp-json\/wp\/v2\/users\/1"}],"replies":[{"embeddable":true,"href":"https:\/\/www.intalent.udc.gal\/gl\/wp-json\/wp\/v2\/comments?post=7109"}],"version-history":[{"count":1,"href":"https:\/\/www.intalent.udc.gal\/gl\/wp-json\/wp\/v2\/pages\/7109\/revisions"}],"predecessor-version":[{"id":9044,"href":"https:\/\/www.intalent.udc.gal\/gl\/wp-json\/wp\/v2\/pages\/7109\/revisions\/9044"}],"wp:attachment":[{"href":"https:\/\/www.intalent.udc.gal\/gl\/wp-json\/wp\/v2\/media?parent=7109"}],"curies":[{"name":"wp","href":"https:\/\/api.w.org\/{rel}","templated":true}]}}