{"id":7110,"date":"2016-10-26T18:57:30","date_gmt":"2016-10-26T16:57:30","guid":{"rendered":"http:\/\/www.intalent.udc.es\/solicitudes\/"},"modified":"2016-10-26T18:57:30","modified_gmt":"2016-10-26T16:57:30","slug":"solicitudes","status":"publish","type":"page","link":"https:\/\/www.intalent.udc.gal\/gl\/solicitudes\/","title":{"rendered":"SOLICITUDES"},"content":{"rendered":"<p>[vc_row row_color=&#8221;#efefef&#8221; row_mask_bg=&#8221;&#8221; row_arrow=&#8221;&#8221; el_class=&#8221;p-140-cont pb-0&#8243; css=&#8221;.vc_custom_1477501336854{margin-bottom: 0px !important;}&#8221;][vc_column width=&#8221;1\/2&#8243;][vc_custom_heading text=&#8221;<b>Convocatoria 2018<\/b>&#8221; font_container=&#8221;tag:h2|font_size:45px|text_align:left|line_height:1&#8243; google_fonts=&#8221;font_family:Lato%3A100%2C100italic%2C300%2C300italic%2Cregular%2Citalic%2C700%2C700italic%2C900%2C900italic|font_style:300%20light%20regular%3A300%3Anormal&#8221; cms_custom_headding_type=&#8221;heading-borderleft-textbold&#8221; css=&#8221;.vc_custom_1524671724382{margin-bottom: 0px !important;}&#8221;][vc_column_text]<\/p>\n<h4><strong>Aberta dende o 3 de maio de 2018<\/strong><\/h4>\n<p>[\/vc_column_text][\/vc_column][vc_column width=&#8221;1\/2&#8243;][vc_empty_space][vc_btn title=&#8221;Sede electr\u00f3nica UDC&#8221; color=&#8221;teal&#8221; align=&#8221;center&#8221; link=&#8221;url:https%3A%2F%2Fsede.udc.gal%2Fapplications%2Fintalent2018||target:%20_blank|&#8221;][vc_empty_space height=&#8221;12px&#8221;][\/vc_column][\/vc_row][vc_row el_class=&#8221;p-140-cont pb-0&#8243; css=&#8221;.vc_custom_1440583825981{margin-bottom: 0px !important;}&#8221;][vc_column][vc_single_image image=&#8221;3671&#8243; img_size=&#8221;1264&#215;200&#8243; alignment=&#8221;center&#8221; vc_none_hover_effect=&#8221;&#8221;][\/vc_column][\/vc_row][vc_row][vc_column][vc_column_text]<\/p>\n<h4><strong>Prazo\u00a0da Convocatoria 2018 aberto dende o 3 de maio de 2018 \u00e1s (<\/strong><strong>hora peninsular espa\u00f1ola<\/strong><strong>) ata o 28 de xu\u00f1o de 2018 \u00e1s\u00a014:30 (hora peninsular espa\u00f1ola).<\/strong><\/h4>\n<p>[\/vc_column_text][vc_column_text]<span style=\"color: #000000;\">Para calquera consulta sobre a convocatoria e a presentaci\u00f3n de solicitudes debe contactar por correo electr\u00f3nico con <span style=\"color: #e62686;\"><a style=\"color: #e62686;\" href=\"mailto:intalent@udc.es\">intalent@udc.es<\/a><\/span><\/span>[\/vc_column_text][\/vc_column][\/vc_row][vc_row row_mask_bg=&#8221;&#8221; row_arrow=&#8221;&#8221; el_class=&#8221;p-140-cont pb-0&#8243; css=&#8221;.vc_custom_1474040317404{margin-bottom: 40px !important;}&#8221;][vc_column width=&#8221;1\/2&#8243;][vc_custom_heading text=&#8221;Documentaci\u00f3n |que c\u00f3mpre presentar&#8221; font_container=&#8221;tag:h2|font_size:45px|text_align:left|line_height:1&#8243; google_fonts=&#8221;font_family:Lato%3A100%2C100italic%2C300%2C300italic%2Cregular%2Citalic%2C700%2C700italic%2C900%2C900italic|font_style:300%20light%20regular%3A300%3Anormal&#8221; cms_custom_headding_type=&#8221;heading-borderleft-textbold&#8221; css=&#8221;.vc_custom_1477639781786{margin-bottom: 0px !important;}&#8221;][\/vc_column][vc_column width=&#8221;1\/2&#8243; offset=&#8221;vc_hidden-lg vc_hidden-md vc_hidden-sm vc_hidden-xs&#8221;][\/vc_column][\/vc_row][vc_row el_class=&#8221;fes4-cont&#8221;][vc_column][vc_row_inner][vc_column_inner width=&#8221;1\/2&#8243;][vc_single_image image=&#8221;3681&#8243; img_size=&#8221;60&#215;60&#8243; alignment=&#8221;center&#8221; vc_none_hover_effect=&#8221;&#8221;][vc_column_text]<\/p>\n<h2 style=\"text-align: center;\"><span style=\"color: #e42184;\">Memoria t\u00e9cnica<br \/>\n<\/span><\/h2>\n<p>[\/vc_column_text][vc_column_text]<\/p>\n<ul class=\"rss\">\n<li>Memoria da traxectoria investigadora do solicitante<\/li>\n<li>Resumo da proposta de investigaci\u00f3n (proxecto)<\/li>\n<li>Curr\u00edculo resumido<\/li>\n<li>Datos xerais da persoa solicitante<\/li>\n<li>Declaraci\u00f3n de todas as solicitudes realizadas \u00e1s convocatorias de Ciencia Excelente<\/li>\n<li>Listaxe das estancias de investigaci\u00f3n en pa\u00edses distintos a aquel en que se doutorou<\/li>\n<li>Declaraci\u00f3n responsable e compromiso asinado para presentarse a convocatorias de Ciencia Excelente a trav\u00e9s da UDC<\/li>\n<\/ul>\n<p>[\/vc_column_text][\/vc_column_inner][vc_column_inner width=&#8221;1\/2&#8243;][vc_single_image image=&#8221;3682&#8243; img_size=&#8221;60&#215;56&#8243; alignment=&#8221;center&#8221; vc_none_hover_effect=&#8221;&#8221;][vc_column_text]<\/p>\n<h2 style=\"text-align: center;\"><span style=\"color: #e42184;\">Outra documentaci\u00f3n<br \/>\n<\/span><\/h2>\n<p>[\/vc_column_text][vc_column_text]<\/p>\n<ul class=\"rss\">\n<li>Copia do DNI ou NIE da persoa candidata, ou copia do pasaporte en vigor, unicamente no caso de que sexa estranxeira<\/li>\n<li>Copia do t\u00edtulo de doutor ou da certificaci\u00f3n acad\u00e9mica, onde figure indicaci\u00f3n expresa da data en que se obtivo o grao de doutor<\/li>\n<li>Outros (opcional): carta de motivaci\u00f3n, CV completo&#8230;<\/li>\n<\/ul>\n<p>[\/vc_column_text][\/vc_column_inner][\/vc_row_inner][\/vc_column][\/vc_row][vc_row][vc_column][vc_empty_space][\/vc_column][\/vc_row]<\/p>\n","protected":false},"excerpt":{"rendered":"<p>[vc_row row_color=&#8221;#efefef&#8221; row_mask_bg=&#8221;&#8221; row_arrow=&#8221;&#8221; el_class=&#8221;p-140-cont pb-0&#8243; css=&#8221;.vc_custom_1477501336854{margin-bottom: 0px !important;}&#8221;][vc_column width=&#8221;1\/2&#8243;][vc_custom_heading text=&#8221;Convocatoria 2018&#8221; font_container=&#8221;tag:h2|font_size:45px|text_align:left|line_height:1&#8243; google_fonts=&#8221;font_family:Lato%3A100%2C100italic%2C300%2C300italic%2Cregular%2Citalic%2C700%2C700italic%2C900%2C900italic|font_style:300%20light%20regular%3A300%3Anormal&#8221; cms_custom_headding_type=&#8221;heading-borderleft-textbold&#8221; css=&#8221;.vc_custom_1524671724382{margin-bottom: 0px !important;}&#8221;][vc_column_text] Aberta dende o 3 de maio de<\/p>\n","protected":false},"author":1,"featured_media":0,"parent":0,"menu_order":0,"comment_status":"closed","ping_status":"closed","template":"","meta":{"footnotes":""},"_links":{"self":[{"href":"https:\/\/www.intalent.udc.gal\/gl\/wp-json\/wp\/v2\/pages\/7110"}],"collection":[{"href":"https:\/\/www.intalent.udc.gal\/gl\/wp-json\/wp\/v2\/pages"}],"about":[{"href":"https:\/\/www.intalent.udc.gal\/gl\/wp-json\/wp\/v2\/types\/page"}],"author":[{"embeddable":true,"href":"https:\/\/www.intalent.udc.gal\/gl\/wp-json\/wp\/v2\/users\/1"}],"replies":[{"embeddable":true,"href":"https:\/\/www.intalent.udc.gal\/gl\/wp-json\/wp\/v2\/comments?post=7110"}],"version-history":[{"count":0,"href":"https:\/\/www.intalent.udc.gal\/gl\/wp-json\/wp\/v2\/pages\/7110\/revisions"}],"wp:attachment":[{"href":"https:\/\/www.intalent.udc.gal\/gl\/wp-json\/wp\/v2\/media?parent=7110"}],"curies":[{"name":"wp","href":"https:\/\/api.w.org\/{rel}","templated":true}]}}