{"id":7114,"date":"2018-06-27T18:21:17","date_gmt":"2018-06-27T16:21:17","guid":{"rendered":"http:\/\/www.intalent.udc.es\/politica-de-cookies\/"},"modified":"2020-10-26T17:43:15","modified_gmt":"2020-10-26T16:43:15","slug":"politica-de-cookies","status":"publish","type":"page","link":"https:\/\/www.intalent.udc.gal\/gl\/politica-de-cookies\/","title":{"rendered":"Pol\u00edtica de cookies"},"content":{"rendered":"<p>[vc_row][vc_column][vc_column_text]<\/p>\n<h3>Informaci\u00f3n xeral<\/h3>\n<p>Unha cookie \u00e9 un ficheiro que se descarga no teu computador ao acceder a unha determinada p\u00e1xina web. As cookies permiten \u00e1 dita p\u00e1xina web, entre outras cousas, almacenar e recuperar informaci\u00f3n sobre os h\u00e1bitos de navegaci\u00f3n dun usuario ou do seu equipo e, dependendo da informaci\u00f3n que conte\u00f1an e da forma en que utilice o seu equipo, poden utilizarse para reco\u00f1ecer ao usuario e mellorar o servizo ofrecido.<\/p>\n<h3>Tipos de cookies<\/h3>\n<p>A UDC emprega cookies propias e de terceiros, podendo tratarse de cookies de funcionalidade ou cookies anal\u00edticas ou de rendemento. O uso destas cookies perm\u00edtennos optimizar a t\u00faa navegaci\u00f3n, adaptando a informaci\u00f3n e os servizos ofrecidos aos teus intereses, para proporcionarche unha experiencia m\u00e1is \u00e1xil e intuitiva. As cookies as\u00f3cianse unicamente a un usuario an\u00f3nimo e o seu computador\/dispositivo e non proporcionan referencias que permitan co\u00f1ecer datos persoais.<\/p>\n<h3>Cookies propias<\/h3>\n<p>A UDC emprega cookies propias de funcionalidade que se utilizan para reco\u00f1ecerche cando volvas acceder ao noso sitio web e perm\u00edtennos ofrecerche funci\u00f3ns melloradas e m\u00e1is personalizadas, tales como saudarche polo teu nome e lembrar as t\u00faas preferencias (p. ex., a t\u00faa elecci\u00f3n de idioma ou rexi\u00f3n). Estas cookies recollen informaci\u00f3n an\u00f3nima e non poden rastrexar os teus movementos noutros sitios web.<\/p>\n<p>Util\u00edzase de maneira espec\u00edfica na ficha do PDI unha cookie propia do sistema FEDERICO, o cal \u00e9 propio da UDC, usada para a autenticaci\u00f3n dos usuarios docentes, e modificar a s\u00faa informaci\u00f3n relativa \u00e1 foto e\/ou ao resumo da s\u00faa ficha.<\/p>\n<h3>Cookies de terceiros<\/h3>\n<p>A UDC utiliza Google Analytics, un servizo de anal\u00edtica web desenvolvido por Google Inc., que permite a medici\u00f3n e an\u00e1lise da navegaci\u00f3n nas p\u00e1xinas web. As cookies utilizadas por Google Analytics para control estat\u00edstico de accesos son:<\/p>\n<ul>\n<li>_fbp: cookie de terceiros utilizada por Facebook para ofrecer unha serie de produtos publicitarios, como ofertas en tempo real de anunciantes de terceiros.<\/li>\n<li>_ga: cookie de terceiros e de an\u00e1lise para rexistrar a identificaci\u00f3n do usuario. Caducidade 2 anos.<\/li>\n<li>_gat: cookie de terceiros e cookie de an\u00e1lise, para analizar o comportamento da navegaci\u00f3n. Caducidade 10 minutos.<\/li>\n<li>_gid: cookie de terceiros e de an\u00e1lise para gravar o ID de usuario. Caducidade 24 horas.<\/li>\n<\/ul>\n<h3>Modificar a configuraci\u00f3n das cookies<\/h3>\n<p>Podes restrinxir, bloquear ou eliminar as cookies instaladas no teu equipo mediante a configuraci\u00f3n das opci\u00f3ns do navegador instalado no teu computador:<\/p>\n<ul>\n<li><a href=\"https:\/\/support.microsoft.com\/en-us\/help\/17442\/windows-internet-explorer-delete-manage-cookies#ie=ie-10\" target=\"_blank\" rel=\"noopener noreferrer\">Internet Explorer<\/a><\/li>\n<li><a href=\"https:\/\/support.mozilla.org\/es\/kb\/Borrar%20cookies\" target=\"_blank\" rel=\"noopener noreferrer\">FireFox<\/a><\/li>\n<li><a href=\"https:\/\/support.google.com\/chrome\/answer\/95647?hl=es\" target=\"_blank\" rel=\"noopener noreferrer\">Chrome<\/a><\/li>\n<li><a href=\"https:\/\/www.apple.com\/legal\/privacy\/es\/cookies\/\" target=\"_blank\" rel=\"noopener noreferrer\">Safari<\/a><\/li>\n<\/ul>\n<p>A configuraci\u00f3n do teu navegador para rexeitar todas as cookies ou, expresamente as cookies da UDC non che impedir\u00e1 navegar pola p\u00e1xina web, a\u00ednda que a dita navegaci\u00f3n non poder\u00e1 gozar das funcionalidades que requiran a instalaci\u00f3n dalgunha delas, en concreto, as funcionalidades indicadas nas cookies propias.[\/vc_column_text][\/vc_column][\/vc_row][vc_row][vc_column][vc_empty_space][\/vc_column][\/vc_row]<\/p>\n","protected":false},"excerpt":{"rendered":"<p>[vc_row][vc_column][vc_column_text] Informaci\u00f3n xeral Unha cookie \u00e9 un ficheiro que se descarga no teu computador ao acceder a unha determinada p\u00e1xina web. As cookies permiten \u00e1<\/p>\n","protected":false},"author":1,"featured_media":0,"parent":0,"menu_order":0,"comment_status":"closed","ping_status":"closed","template":"","meta":{"footnotes":""},"_links":{"self":[{"href":"https:\/\/www.intalent.udc.gal\/gl\/wp-json\/wp\/v2\/pages\/7114"}],"collection":[{"href":"https:\/\/www.intalent.udc.gal\/gl\/wp-json\/wp\/v2\/pages"}],"about":[{"href":"https:\/\/www.intalent.udc.gal\/gl\/wp-json\/wp\/v2\/types\/page"}],"author":[{"embeddable":true,"href":"https:\/\/www.intalent.udc.gal\/gl\/wp-json\/wp\/v2\/users\/1"}],"replies":[{"embeddable":true,"href":"https:\/\/www.intalent.udc.gal\/gl\/wp-json\/wp\/v2\/comments?post=7114"}],"version-history":[{"count":3,"href":"https:\/\/www.intalent.udc.gal\/gl\/wp-json\/wp\/v2\/pages\/7114\/revisions"}],"predecessor-version":[{"id":8709,"href":"https:\/\/www.intalent.udc.gal\/gl\/wp-json\/wp\/v2\/pages\/7114\/revisions\/8709"}],"wp:attachment":[{"href":"https:\/\/www.intalent.udc.gal\/gl\/wp-json\/wp\/v2\/media?parent=7114"}],"curies":[{"name":"wp","href":"https:\/\/api.w.org\/{rel}","templated":true}]}}