{"id":7116,"date":"2016-09-22T21:21:56","date_gmt":"2016-09-22T21:21:56","guid":{"rendered":"http:\/\/www.intalent.udc.es\/oportunius\/"},"modified":"2016-09-22T21:21:56","modified_gmt":"2016-09-22T21:21:56","slug":"oportunius","status":"publish","type":"page","link":"https:\/\/www.intalent.udc.gal\/gl\/oportunius\/","title":{"rendered":"OPORTUNIUS"},"content":{"rendered":"<p>[vc_row][vc_column][vc_empty_space][\/vc_column][\/vc_row][vc_row full_width=&#8221;1&#8243; row_mask_bg=&#8221;&#8221; row_arrow=&#8221;&#8221; css=&#8221;.vc_custom_1474038593031{margin-bottom: 0px !important;}&#8221;][vc_column css_animation=&#8221;cms_animate wow fadeInRight&#8221; el_class=&#8221;left-50&#8243; offset=&#8221;vc_col-lg-6 vc_col-md-6&#8243;][vc_row_inner][vc_column_inner column_max_width=&#8221;1&#8243; equal_height=&#8221;1&#8243;][vc_custom_heading text=&#8221;Formaci\u00f3n|e estabilidade&#8221; font_container=&#8221;tag:h2|font_size:45px|text_align:left|line_height:1&#8243; google_fonts=&#8221;font_family:Lato%3A100%2C100italic%2C300%2C300italic%2Cregular%2Citalic%2C700%2C700italic%2C900%2C900italic|font_style:300%20light%20regular%3A300%3Anormal&#8221; cms_custom_headding_type=&#8221;heading-underline-textbold&#8221; css=&#8221;.vc_custom_1476358007381{margin-bottom: 0px !important;}&#8221;][vc_column_text css=&#8221;.vc_custom_1476358025649{margin-top: 30px !important;margin-bottom: 0px !important;}&#8221;]A Xunta de Galicia activou o programa Oportunius co reto de contratar, en Galicia, 24 investigadores\/as de referencia. O obxectivo \u00e9 reter e captar investigadores\/as excelentes para que desenvolvan a s\u00faa carreira en Galicia, formar cient\u00edficos\/as con potencial para conseguir as bolsas europeas ERC e incorporar talento \u00e1s pemes.[\/vc_column_text][\/vc_column_inner][\/vc_row_inner][\/vc_column][vc_column el_class=&#8221;col-md-pull-6&#8243; offset=&#8221;vc_col-lg-6 vc_col-md-6&#8243;][vc_single_image image=&#8221;4145&#8243; img_size=&#8221;&#8221; alignment=&#8221;right&#8221; vc_none_hover_effect=&#8221;&#8221; equal_height=&#8221;1&#8243; vc_set_img_bg=&#8221;true&#8221;][\/vc_column][\/vc_row][vc_row][vc_column width=&#8221;1\/2&#8243;][vc_column_text]O programa est\u00e1 dirixido a investigadores\/as de gran proxecci\u00f3n que xa son referencia nas s\u00faas \u00e1reas de co\u00f1ecemento, ou est\u00e1n cami\u00f1o de selo, e que fosen reco\u00f1ecidos\/as a nivel europeo mediante unha bolsa do Consello Europeo de Investigaci\u00f3n (ERC).[\/vc_column_text][vc_btn title=&#8221;M\u00e1is&#8221; color=&#8221;teal&#8221; link=&#8221;url:http%3A%2F%2Fgain.xunta.gal%2Fartigos%2F234%2Foportunius||target:%20_blank|&#8221;][\/vc_column][vc_column width=&#8221;1\/2&#8243;][vc_single_image image=&#8221;3774&#8243; img_size=&#8221;full&#8221; vc_none_hover_effect=&#8221;&#8221;][\/vc_column][\/vc_row]<\/p>\n","protected":false},"excerpt":{"rendered":"<p>[vc_row][vc_column][vc_empty_space][\/vc_column][\/vc_row][vc_row full_width=&#8221;1&#8243; row_mask_bg=&#8221;&#8221; row_arrow=&#8221;&#8221; css=&#8221;.vc_custom_1474038593031{margin-bottom: 0px !important;}&#8221;][vc_column css_animation=&#8221;cms_animate wow fadeInRight&#8221; el_class=&#8221;left-50&#8243; offset=&#8221;vc_col-lg-6 vc_col-md-6&#8243;][vc_row_inner][vc_column_inner column_max_width=&#8221;1&#8243; equal_height=&#8221;1&#8243;][vc_custom_heading text=&#8221;Formaci\u00f3n|e estabilidade&#8221; font_container=&#8221;tag:h2|font_size:45px|text_align:left|line_height:1&#8243; google_fonts=&#8221;font_family:Lato%3A100%2C100italic%2C300%2C300italic%2Cregular%2Citalic%2C700%2C700italic%2C900%2C900italic|font_style:300%20light%20regular%3A300%3Anormal&#8221; cms_custom_headding_type=&#8221;heading-underline-textbold&#8221; css=&#8221;.vc_custom_1476358007381{margin-bottom: 0px !important;}&#8221;][vc_column_text css=&#8221;.vc_custom_1476358025649{margin-top: 30px<\/p>\n","protected":false},"author":1,"featured_media":0,"parent":0,"menu_order":0,"comment_status":"closed","ping_status":"closed","template":"","meta":{"footnotes":""},"_links":{"self":[{"href":"https:\/\/www.intalent.udc.gal\/gl\/wp-json\/wp\/v2\/pages\/7116"}],"collection":[{"href":"https:\/\/www.intalent.udc.gal\/gl\/wp-json\/wp\/v2\/pages"}],"about":[{"href":"https:\/\/www.intalent.udc.gal\/gl\/wp-json\/wp\/v2\/types\/page"}],"author":[{"embeddable":true,"href":"https:\/\/www.intalent.udc.gal\/gl\/wp-json\/wp\/v2\/users\/1"}],"replies":[{"embeddable":true,"href":"https:\/\/www.intalent.udc.gal\/gl\/wp-json\/wp\/v2\/comments?post=7116"}],"version-history":[{"count":0,"href":"https:\/\/www.intalent.udc.gal\/gl\/wp-json\/wp\/v2\/pages\/7116\/revisions"}],"wp:attachment":[{"href":"https:\/\/www.intalent.udc.gal\/gl\/wp-json\/wp\/v2\/media?parent=7116"}],"curies":[{"name":"wp","href":"https:\/\/api.w.org\/{rel}","templated":true}]}}