{"id":7118,"date":"2016-09-22T10:31:23","date_gmt":"2016-09-22T10:31:23","guid":{"rendered":"http:\/\/www.intalent.udc.es\/enlaces-de-interes\/"},"modified":"2023-02-02T14:43:02","modified_gmt":"2023-02-02T13:43:02","slug":"enlaces-de-interes","status":"publish","type":"page","link":"https:\/\/www.intalent.udc.gal\/gl\/enlaces-de-interes\/","title":{"rendered":"LIGAZ\u00d3NS DE INTERESE"},"content":{"rendered":"<p>[vc_row][vc_column][vc_empty_space][vc_row_inner][vc_column_inner][vc_column_text]<\/p>\n<h2><span style=\"color: #e62686;\">Promotores<\/span><\/h2>\n<ul class=\"rss\">\n<li><a href=\"http:\/\/www.udc.es\" target=\"_blank\" rel=\"noopener noreferrer\">Universidade da Coru\u00f1a<\/a><\/li>\n<li><a href=\"http:\/\/www.inditex.com\" target=\"_blank\" rel=\"noopener noreferrer\">Inditex<\/a><\/li>\n<\/ul>\n<h2><span style=\"color: #e62686;\">A Universidade<\/span><\/h2>\n<ul class=\"rss\">\n<li><a href=\"https:\/\/www.udc.es\/goberno\/equipo_reitoral\/vpcit\/\" target=\"_blank\" rel=\"noopener noreferrer\">Vicerreitor\u00eda de Pol\u00edtica Cient\u00edfica, Investigaci\u00f3n e Transferencia<\/a><\/li>\n<li><a href=\"https:\/\/www.intalent.udc.gal\/centros-tecnoloxicos\/?lang=gl\">Parque Tecnol\u00f3xico<\/a><\/li>\n<li><a href=\"https:\/\/www.intalent.udc.gal\/institutos-de-investigacion\/?lang=gl\">Institutos de investigaci\u00f3n<\/a><\/li>\n<li><a href=\"http:\/\/campusindustrial.udc.gal\" target=\"_blank\" rel=\"noopener noreferrer\">Campus Industrial<\/a><\/li>\n<li><a href=\"http:\/\/otri.udc.es\/\" target=\"_blank\" rel=\"noopener noreferrer\">Oficina de Transferencia de Resultados de Investigaci\u00f3n<\/a><\/li>\n<li><a href=\"http:\/\/otri.udc.es\/presentacion\/\" target=\"_blank\" rel=\"noopener noreferrer\">Programa de Apoio \u00e1 Ciencia Excelente &#8211; Berce<\/a><\/li>\n<li><a href=\"http:\/\/investigacion.udc.es\" target=\"_blank\" rel=\"noopener noreferrer\">Cat\u00e1logo de Investigaci\u00f3n<\/a><\/li>\n<li><a href=\"https:\/\/www.udc.es\/eid\/index.html\" target=\"_blank\" rel=\"noopener noreferrer\">Escola de Doutoramento<\/a><\/li>\n<\/ul>\n<h2><span style=\"color: #e62686;\">Ciencia Excelente<\/span><\/h2>\n<ul class=\"rss\">\n<li><a href=\"https:\/\/erc.europa.eu\/\" target=\"_blank\" rel=\"noopener noreferrer\">ERC Grants<\/a><\/li>\n<li><a href=\"http:\/\/gain.xunta.gal\/artigos\/234\/oportunius\" target=\"_blank\" rel=\"noopener noreferrer\">Programa Oportunius<\/a><\/li>\n<li><a href=\"http:\/\/www.idi.mineco.gob.es\/portal\/site\/MICINN\/menuitem.dbc68b34d11ccbd5d52ffeb801432ea0\/?vgnextoid=68f8d9ac3f761510VgnVCM1000001d04140aRCRD&amp;vgnextchannel=67a04939e6b42410VgnVCM1000001d04140aRCRD\" target=\"_blank\" rel=\"noopener noreferrer\">Programa Ram\u00f3n y Cajal<\/a><\/li>\n<li><a href=\"http:\/\/ec.europa.eu\/research\/mariecurieactions\/\" target=\"_blank\" rel=\"noopener noreferrer\">Individual Fellowships (IF) das Acci\u00f3ns Marie Sklodowska- Curie<\/a><\/li>\n<li><a href=\"http:\/\/www.2017-2018.eurias-fp.eu\" target=\"_blank\" rel=\"noopener noreferrer\">EURIAS Fellowship Programme<\/a><\/li>\n<li><a href=\"http:\/\/www.idi.mineco.gob.es\/portal\/site\/MICINN\/menuitem.dbc68b34d11ccbd5d52ffeb801432ea0\/?vgnextoid=8caea9bf9ada7510VgnVCM1000001d04140aRCRD&amp;vgnextchannel=67a04939e6b42410VgnVCM1000001d04140aRCRD&amp;lang_choosen=gl\" target=\"_blank\" rel=\"noopener noreferrer\">Programa Juan de la Cierva incorporaci\u00f3n<\/a><\/li>\n<li><a href=\"http:\/\/www.idi.mineco.gob.es\/portal\/site\/MICINN\/menuitem.dbc68b34d11ccbd5d52ffeb801432ea0\/?vgnextoid=a7fd498e15861510VgnVCM1000001d04140aRCRD&amp;vgnextchannel=11f35656ecfee310VgnVCM1000001d04140aRCRD\" target=\"_blank\" rel=\"noopener noreferrer\">Programa Juan de la Cierva formaci\u00f3n<\/a><\/li>\n<\/ul>\n<h2><span style=\"color: #e62686;\">Localizaci\u00f3n<\/span><\/h2>\n<ul class=\"rss\">\n<li><a href=\"http:\/\/www.coruna.gal\/servlet\/Satellite?c=Page&amp;cid=1266409838114&amp;pagename=CorunaPortal%2FPage%2FGenerico-Page-Generica\" target=\"_blank\" rel=\"noopener noreferrer\">A Coru\u00f1a<\/a><\/li>\n<li><a href=\"http:\/\/www.ferrol.es\" target=\"_blank\" rel=\"noopener noreferrer\">Ferrol<\/a><\/li>\n<\/ul>\n<p>[\/vc_column_text][\/vc_column_inner][\/vc_row_inner][\/vc_column][\/vc_row][vc_row row_mask_bg=&#8221;&#8221; row_arrow=&#8221;&#8221; el_class=&#8221;pt-80-b-50-cont&#8221; css=&#8221;.vc_custom_1474041011359{margin-top: 40px !important;background-color: #b1b3b4 !important;}&#8221;][vc_column width=&#8221;1\/2&#8243; css=&#8221;.vc_custom_1440860401285{padding-bottom: 30px !important;}&#8221; offset=&#8221;vc_col-lg-9 vc_col-md-9&#8243;][vc_column_text css=&#8221;.vc_custom_1476343880318{margin-bottom: 0px !important;}&#8221;]<\/p>\n<div class=\"post-container\">\n<div class=\"post-thumb\"><img loading=\"lazy\" decoding=\"async\" src=\"https:\/\/www.intalent.udc.es\/wp-content\/uploads\/2016\/09\/assets-08.png\" width=\"60\" height=\"64\" \/><\/div>\n<p><span style=\"color: #e42184; font-weight: bold; font-size: 16px;\">Xuntos cara ao progreso<\/span><\/p>\n<p><span style=\"color: #ffffff; font-size: 14px;\">Unha universidade moderna que traballa pola excelencia cient\u00edfica<\/span><\/p>\n<\/div>\n<p>[\/vc_column_text][\/vc_column][vc_column width=&#8221;1\/2&#8243; css=&#8221;.vc_custom_1474040970653{margin-top: 7px !important;padding-bottom: 30px !important;}&#8221; offset=&#8221;vc_col-lg-3 vc_col-md-3&#8243;][vc_btn title=&#8221;Solicitar&#8221; color=&#8221;teal&#8221; align=&#8221;center&#8221; link=&#8221;url:http%3A%2F%2Fwww.intalent.udc.es%2Findex.php%2Fsolicitudes%2F%3Flang%3Dpt-pt|||&#8221; el_class=&#8221;.rosabuttom&#8221;][\/vc_column][\/vc_row]<\/p>\n","protected":false},"excerpt":{"rendered":"<p>[vc_row][vc_column][vc_empty_space][vc_row_inner][vc_column_inner][vc_column_text] Promotores Universidade da Coru\u00f1a Inditex A Universidade Vicerreitor\u00eda de Pol\u00edtica Cient\u00edfica, Investigaci\u00f3n e Transferencia Parque Tecnol\u00f3xico Institutos de investigaci\u00f3n Campus Industrial Oficina de Transferencia<\/p>\n","protected":false},"author":1,"featured_media":0,"parent":0,"menu_order":0,"comment_status":"closed","ping_status":"closed","template":"","meta":{"footnotes":""},"_links":{"self":[{"href":"https:\/\/www.intalent.udc.gal\/gl\/wp-json\/wp\/v2\/pages\/7118"}],"collection":[{"href":"https:\/\/www.intalent.udc.gal\/gl\/wp-json\/wp\/v2\/pages"}],"about":[{"href":"https:\/\/www.intalent.udc.gal\/gl\/wp-json\/wp\/v2\/types\/page"}],"author":[{"embeddable":true,"href":"https:\/\/www.intalent.udc.gal\/gl\/wp-json\/wp\/v2\/users\/1"}],"replies":[{"embeddable":true,"href":"https:\/\/www.intalent.udc.gal\/gl\/wp-json\/wp\/v2\/comments?post=7118"}],"version-history":[{"count":5,"href":"https:\/\/www.intalent.udc.gal\/gl\/wp-json\/wp\/v2\/pages\/7118\/revisions"}],"predecessor-version":[{"id":8853,"href":"https:\/\/www.intalent.udc.gal\/gl\/wp-json\/wp\/v2\/pages\/7118\/revisions\/8853"}],"wp:attachment":[{"href":"https:\/\/www.intalent.udc.gal\/gl\/wp-json\/wp\/v2\/media?parent=7118"}],"curies":[{"name":"wp","href":"https:\/\/api.w.org\/{rel}","templated":true}]}}