{"id":7119,"date":"2017-05-26T17:58:07","date_gmt":"2017-05-26T15:58:07","guid":{"rendered":"http:\/\/www.intalent.udc.es\/jose-antonio-cortes-vazquez\/"},"modified":"2023-03-29T12:38:04","modified_gmt":"2023-03-29T10:38:04","slug":"jose-antonio-cortes-vazquez","status":"publish","type":"page","link":"https:\/\/www.intalent.udc.gal\/gl\/investigadores-2\/jose-antonio-cortes-vazquez\/","title":{"rendered":"Jos\u00e9 Antonio Cort\u00e9s V\u00e1zquez"},"content":{"rendered":"<p>[vc_row row_mask_bg=&#8221;&#8221; row_arrow=&#8221;&#8221; el_class=&#8221;p-140-cont pb-0&#8243; css=&#8221;.vc_custom_1494861745759{margin-top: 0px !important;margin-bottom: 0px !important;}&#8221;][vc_column width=&#8221;2\/3&#8243;][vc_custom_heading text=&#8221;Jos\u00e9 Antonio Cort\u00e9s V\u00e1zquez&#8221; font_container=&#8221;tag:h2|font_size:45px|text_align:left|line_height:1&#8243; google_fonts=&#8221;font_family:Lato%3A100%2C100italic%2C300%2C300italic%2Cregular%2Citalic%2C700%2C700italic%2C900%2C900italic|font_style:300%20light%20regular%3A300%3Anormal&#8221; cms_custom_headding_type=&#8221;heading-borderleft-textbold&#8221; css=&#8221;.vc_custom_1494863546297{margin-bottom: 0px !important;}&#8221;][\/vc_column][vc_column width=&#8221;1\/3&#8243;][\/vc_column][\/vc_row][vc_row el_class=&#8221;p-140-cont pb-0&#8243; css=&#8221;.vc_custom_1440603786345{margin-bottom: 100px !important;background-color: #ffffff !important;}&#8221;][vc_column][vc_empty_space height=&#8221;15px&#8221;][vc_row_inner equal_height=&#8221;yes&#8221; content_placement=&#8221;middle&#8221; cms_row_inner_overflow=&#8221;&#8221;][vc_column_inner width=&#8221;1\/4&#8243;][vc_single_image image=&#8221;5470&#8243; img_size=&#8221;full&#8221; alignment=&#8221;center&#8221; vc_none_hover_effect=&#8221;&#8221;][vc_single_image image=&#8221;5453&#8243; img_size=&#8221;56&#215;56&#8243; alignment=&#8221;center&#8221; onclick=&#8221;custom_link&#8221; vc_none_hover_effect=&#8221;&#8221; link=&#8221;https:\/\/www.researchgate.net\/profile\/Jose_Cortes-Vazquez&#8221;][vc_column_text]<\/p>\n<p style=\"text-align: center;\"><a class=\"vc_general cms-button md cms-default btn-icon-animate teal\" title=\"\" href=\"http:\/\/www.intalent.udc.es\/wp-content\/uploads\/2017\/05\/CV_JoseCortesVazquez.pdf\" target=\"_self\" rel=\"noopener\">Descargar CV Completo<\/a><\/p>\n<p>[\/vc_column_text][\/vc_column_inner][vc_column_inner width=&#8221;1\/12&#8243; offset=&#8221;vc_hidden-xs&#8221;][\/vc_column_inner][vc_column_inner width=&#8221;2\/3&#8243;][vc_column_text]<span style=\"font-size: 12pt;\">Jos\u00e9 Antonio Cort\u00e9s V\u00e1zquez (Sevilla)\u00a0\u00e9 licenciado en Ciencias Ambientais e doutor en Antropolox\u00eda Social pola Universidad Pablo de Olavide (Sevilla). As s\u00faas investigaci\u00f3ns se centran na an\u00e1lise da relaci\u00f3n que os seres humanos mante\u00f1en co medio, desde o punto de vista da cultura e a ecolox\u00eda pol\u00edtica, a trav\u00e9s do estudo de comunidades rurais e costeiras en espazos naturais protexidos.<\/span><\/p>\n<p><span style=\"font-size: 12pt;\"><br \/>\nTraballou como investigador postdoutoral Marie Curie nas universidades de Manchester e Sheffield e como profesor na University College London e National University of Ireland-Galway. Coordinou congresos e proxectos internacionais e publicou m\u00e1is dunha ducia de cap\u00edtulos e artigos en revistas de prestixio internacional, ao igual que unha monograf\u00eda pola que recibiu en 2011 o premio nacional Marqu\u00e9s de Lozoya, o reco\u00f1ecemento de maior prestixio en antropolox\u00eda social en Espa\u00f1a.\u00a0<\/span>[\/vc_column_text][\/vc_column_inner][vc_column_inner][vc_empty_space height=&#8221;15px&#8221;][\/vc_column_inner][\/vc_row_inner][\/vc_column][\/vc_row][vc_row row_mask_bg=&#8221;&#8221; row_arrow=&#8221;&#8221; css=&#8221;.vc_custom_1494861130580{background-color: #f4f4f4 !important;}&#8221;][vc_column][vc_empty_space height=&#8221;15px&#8221;][vc_empty_space height=&#8221;15px&#8221;][vc_row_inner][vc_column_inner width=&#8221;1\/2&#8243;][vc_custom_heading text=&#8221;Proxecto&#8221; font_container=&#8221;tag:h3|font_size:35px|text_align:left|line_height:1&#8243; google_fonts=&#8221;font_family:Lato%3A100%2C100italic%2C300%2C300italic%2Cregular%2Citalic%2C700%2C700italic%2C900%2C900italic|font_style:300%20light%20regular%3A300%3Anormal&#8221; cms_custom_headding_type=&#8221;heading-borderleft-textbold&#8221; css=&#8221;.vc_custom_1493987604000{margin-bottom: 0px !important;}&#8221;][vc_empty_space height=&#8221;15px&#8221;][\/vc_column_inner][vc_column_inner width=&#8221;1\/2&#8243;][\/vc_column_inner][vc_column_inner][vc_column_text]<span style=\"font-size: 12pt;\">Jos\u00e9 Antonio Cort\u00e9s V\u00e1zquez estuda os beneficios e impactos sociais das pol\u00edticas de conservaci\u00f3n ambiental na Europa post-crise: O caso galego, e desenvolver\u00e1 o seu proxecto na Facultade de Sociolox\u00eda.<\/span><\/p>\n<p><span style=\"font-size: 12pt;\"><br \/>\nA expansi\u00f3n de pol\u00edticas de conservaci\u00f3n ambiental en d\u00e9cadas recentes veu aparellada de importantes cambios sociais no mundo rural e costeiro. Desde os anos 80, a complexidade de plantexar un uso m\u00e1s sustentable dos recursos naturais fixo que en numerosos casos a introduci\u00f3n de pol\u00edticas de conservaci\u00f3n ambiental derivase en conflitos con poboaci\u00f3ns locais. Por outro lado, tam\u00e9n abriu a porta a novas formas de desenvolvemento econ\u00f3mico por medio de actividades como o ecoturismo.<\/span><\/p>\n<p>&nbsp;<\/p>\n<p><span style=\"font-size: 12pt;\">Non obstante, a crise econ\u00f3mica e a introduci\u00f3n de pol\u00edticas de austeridade ao longo desta \u00faltima d\u00e9cada reduciu enormemente os recursos e a capacidade de acci\u00f3n da administraci\u00f3n ambiental. Por outro lado, tam\u00e9n potenciou a participaci\u00f3n de novos sectores da sociedade civil e do sector privado nas pol\u00edticas de conservaci\u00f3n. Con isto xerouse un novo escenario dentro dos espazos naturais protexidos sobre o que urxe reflexionar.<\/span><\/p>\n<p>&nbsp;<\/p>\n<p><span style=\"font-size: 12pt;\">\u00c1 luz destes cambios recentes, este proxecto busca identificar e analizar cales est\u00e1n sendo tanto os beneficios como os problemas sociais xerados polas novas estratexias de conservaci\u00f3n ambiental que se ve\u00f1en plantexando no presente contexto de post-crise.<\/span><\/p>\n<p>&nbsp;<\/p>\n<p><span style=\"font-size: 12pt;\"> A trav\u00e9s do estudo detallado entre comunidades rurais e costeiras en distintos espazos naturais protexidos de Galicia, o obxectivo deste traballo \u00e9 identificar c\u00f3mo as comunidades que habitan estes espazos protexidos est\u00e1n facendo fronte \u00e1 crise econ\u00f3mica e a vinculaci\u00f3n entre a s\u00faa situaci\u00f3n presente e as medidas de conservaci\u00f3n plantexadas nestes espazos. Con este proxecto pers\u00e9guese incorporar unha visi\u00f3n m\u00e1is social \u00e1s pol\u00edticas de conservaci\u00f3n e contribu\u00edr desde as ciencias sociais \u00e1 reflexi\u00f3n xeral sobre un uso m\u00e1is responsable dos recursos naturais.<\/span>[\/vc_column_text][\/vc_column_inner][\/vc_row_inner][vc_empty_space height=&#8221;15px&#8221;][vc_empty_space height=&#8221;15px&#8221;][\/vc_column][\/vc_row][vc_row][vc_column][vc_empty_space height=&#8221;35px&#8221;][\/vc_column][\/vc_row][vc_row][vc_column][vc_column_text][\/vc_column_text][\/vc_column][\/vc_row]<\/p>\n","protected":false},"excerpt":{"rendered":"<p>[vc_row row_mask_bg=&#8221;&#8221; row_arrow=&#8221;&#8221; el_class=&#8221;p-140-cont pb-0&#8243; css=&#8221;.vc_custom_1494861745759{margin-top: 0px !important;margin-bottom: 0px !important;}&#8221;][vc_column width=&#8221;2\/3&#8243;][vc_custom_heading text=&#8221;Jos\u00e9 Antonio Cort\u00e9s V\u00e1zquez&#8221; font_container=&#8221;tag:h2|font_size:45px|text_align:left|line_height:1&#8243; google_fonts=&#8221;font_family:Lato%3A100%2C100italic%2C300%2C300italic%2Cregular%2Citalic%2C700%2C700italic%2C900%2C900italic|font_style:300%20light%20regular%3A300%3Anormal&#8221; cms_custom_headding_type=&#8221;heading-borderleft-textbold&#8221; css=&#8221;.vc_custom_1494863546297{margin-bottom: 0px !important;}&#8221;][\/vc_column][vc_column width=&#8221;1\/3&#8243;][\/vc_column][\/vc_row][vc_row el_class=&#8221;p-140-cont pb-0&#8243; css=&#8221;.vc_custom_1440603786345{margin-bottom:<\/p>\n","protected":false},"author":2,"featured_media":0,"parent":7123,"menu_order":0,"comment_status":"closed","ping_status":"closed","template":"","meta":{"footnotes":""},"_links":{"self":[{"href":"https:\/\/www.intalent.udc.gal\/gl\/wp-json\/wp\/v2\/pages\/7119"}],"collection":[{"href":"https:\/\/www.intalent.udc.gal\/gl\/wp-json\/wp\/v2\/pages"}],"about":[{"href":"https:\/\/www.intalent.udc.gal\/gl\/wp-json\/wp\/v2\/types\/page"}],"author":[{"embeddable":true,"href":"https:\/\/www.intalent.udc.gal\/gl\/wp-json\/wp\/v2\/users\/2"}],"replies":[{"embeddable":true,"href":"https:\/\/www.intalent.udc.gal\/gl\/wp-json\/wp\/v2\/comments?post=7119"}],"version-history":[{"count":3,"href":"https:\/\/www.intalent.udc.gal\/gl\/wp-json\/wp\/v2\/pages\/7119\/revisions"}],"predecessor-version":[{"id":9032,"href":"https:\/\/www.intalent.udc.gal\/gl\/wp-json\/wp\/v2\/pages\/7119\/revisions\/9032"}],"up":[{"embeddable":true,"href":"https:\/\/www.intalent.udc.gal\/gl\/wp-json\/wp\/v2\/pages\/7123"}],"wp:attachment":[{"href":"https:\/\/www.intalent.udc.gal\/gl\/wp-json\/wp\/v2\/media?parent=7119"}],"curies":[{"name":"wp","href":"https:\/\/api.w.org\/{rel}","templated":true}]}}