{"id":7120,"date":"2018-06-18T13:19:06","date_gmt":"2018-06-18T11:19:06","guid":{"rendered":"http:\/\/www.intalent.udc.es\/jorge-ledo\/"},"modified":"2018-06-18T13:19:06","modified_gmt":"2018-06-18T11:19:06","slug":"jorge-ledo","status":"publish","type":"page","link":"https:\/\/www.intalent.udc.gal\/gl\/investigadores-2\/jorge-ledo\/","title":{"rendered":"Jorge Ledo"},"content":{"rendered":"<p>[vc_row row_mask_bg=&#8221;&#8221; row_arrow=&#8221;&#8221; el_class=&#8221;p-140-cont pb-0&#8243; css=&#8221;.vc_custom_1494861745759{margin-top: 0px !important;margin-bottom: 0px !important;}&#8221;][vc_column width=&#8221;1\/2&#8243;][vc_custom_heading text=&#8221;Jorge Ledo&#8221; font_container=&#8221;tag:h2|font_size:45px|text_align:left|line_height:1&#8243; google_fonts=&#8221;font_family:Lato%3A100%2C100italic%2C300%2C300italic%2Cregular%2Citalic%2C700%2C700italic%2C900%2C900italic|font_style:300%20light%20regular%3A300%3Anormal&#8221; cms_custom_headding_type=&#8221;heading-borderleft-textbold&#8221; css=&#8221;.vc_custom_1529317932042{margin-bottom: 0px !important;}&#8221;][\/vc_column][vc_column width=&#8221;1\/2&#8243;][\/vc_column][\/vc_row][vc_row el_class=&#8221;p-140-cont pb-0&#8243; css=&#8221;.vc_custom_1440603786345{margin-bottom: 100px !important;background-color: #ffffff !important;}&#8221;][vc_column][vc_empty_space height=&#8221;15px&#8221;][vc_row_inner equal_height=&#8221;yes&#8221; content_placement=&#8221;middle&#8221; cms_row_inner_overflow=&#8221;&#8221;][vc_column_inner width=&#8221;1\/4&#8243;][vc_single_image image=&#8221;6906&#8243; img_size=&#8221;full&#8221; alignment=&#8221;center&#8221; vc_none_hover_effect=&#8221;&#8221;][vc_column_text css=&#8221;.vc_custom_1529322480963{margin-left: 35px !important;padding-left: 25% !important;}&#8221;]<a href=\"https:\/\/www.linkedin.com\/in\/jorge-ledo-b2a5b942\/\"><img loading=\"lazy\" decoding=\"async\" class=\"alignleft wp-image-5465 size-full\" src=\"http:\/\/www.intalent.udc.es\/wp-content\/uploads\/2017\/05\/linkedin-1.png\" alt=\"\" width=\"56\" height=\"56\" \/><\/a>[\/vc_column_text][vc_empty_space height=&#8221;15px&#8221;][vc_empty_space height=&#8221;30px&#8221;][\/vc_column_inner][vc_column_inner width=&#8221;1\/12&#8243; offset=&#8221;vc_hidden-xs&#8221;][\/vc_column_inner][vc_column_inner width=&#8221;2\/3&#8243;][vc_column_text]<span style=\"font-size: 12pt;\">Despois de completar o seu PhD en Historia Intelectual (Centro de Pensamento Moderno, da Universidade de Aberdeen, 2009), Jorge Ledo foi profesor asistente na Universidade de Michigan (Ann Arbor, 2009-2010) e da Universidade de Basilea (Su\u00edza, 2011- 2017).<\/span><\/p>\n<p>&nbsp;<\/p>\n<p><span style=\"font-size: 12pt;\">Organizou e participou en conferencias en varias universidades e centros de renome internacional de investigaci\u00f3n, inclu\u00edndo o Instituto Warburg, Universidade de Londres, da Universidade de Buffalo, da Universidade de Tokio, Universidade de Bristol ou Universidade Foscari do Ca &#8216;. El \u00e9 fundador e director da colecci\u00f3n &#8220;heterodoxia Iberica&#8221; \u200b\u200bna editorial Brill.<\/span><\/p>\n<p>&nbsp;<\/p>\n<p><span style=\"font-size: 12pt;\">Entre o seu traballo acad\u00e9mico, con foco na historia intelectual da Idade Media e do Renacemento, eles salientan os seus estudos sobre o humanista neerland\u00e9s Desiderius Erasmus. Ledo foi unha parte fundamental no descubrimento e edici\u00f3n cr\u00edtica da \u00fanica traduci\u00f3n para castel\u00e1n do s\u00e9culo XVI chamado o Eloxio da tolemia (Moria Erasmus Roterodamo, Leiden-Boston: Brill) e parciais (Estudos Erasmus, 2018). Na actualidade, est\u00e1 terminando varios volumes con editoriais de reco\u00f1ecido prestixio no \u00e1mbito nacional e internacional.<\/span><\/p>\n<p>[\/vc_column_text][\/vc_column_inner][vc_column_inner][vc_empty_space height=&#8221;15px&#8221;][\/vc_column_inner][\/vc_row_inner][\/vc_column][\/vc_row][vc_row row_mask_bg=&#8221;&#8221; row_arrow=&#8221;&#8221; css=&#8221;.vc_custom_1494861130580{background-color: #f4f4f4 !important;}&#8221;][vc_column][vc_empty_space height=&#8221;15px&#8221;][vc_empty_space height=&#8221;15px&#8221;][vc_row_inner][vc_column_inner width=&#8221;1\/2&#8243;][vc_custom_heading text=&#8221;Proxecto&#8221; font_container=&#8221;tag:h3|font_size:35px|text_align:left|line_height:1&#8243; google_fonts=&#8221;font_family:Lato%3A100%2C100italic%2C300%2C300italic%2Cregular%2Citalic%2C700%2C700italic%2C900%2C900italic|font_style:300%20light%20regular%3A300%3Anormal&#8221; cms_custom_headding_type=&#8221;heading-borderleft-textbold&#8221; css=&#8221;.vc_custom_1493987604000{margin-bottom: 0px !important;}&#8221;][vc_empty_space height=&#8221;15px&#8221;][\/vc_column_inner][vc_column_inner width=&#8221;1\/2&#8243;][\/vc_column_inner][vc_column_inner][vc_column_text]<span style=\"font-size: 12pt;\">Historiograf\u00eda das \u00faltimas d\u00e9cadas est\u00e1 a pagar cada vez m\u00e1is atenci\u00f3n \u00e1s pr\u00e1cticas comunicativas do Rexurdimento, con particular \u00e9nfase para a cultura do tribunal, nas academias e, m\u00e1is recentemente, no campo da diplomacia. Non obstante, a\u00ednda falta unha an\u00e1lise exhaustiva das pr\u00e1cticas comunicativas do que se poder\u00eda chamar &#8220;cultura cient\u00edfica&#8221; e &#8220;alta cultura&#8221; durante a \u00e9poca.<\/span><\/p>\n<p>&nbsp;<\/p>\n<p><span style=\"font-size: 12pt;\">Meu foco neste proxecto non ser\u00e1 o de proporcionar un estudo descritivo ou completo de tales pr\u00e1cticas, pero nunha an\u00e1lise das bases conceptuais e ideol\u00f3xicas, moito m\u00e1is rara e pouco estudada, que lles dan entidade te\u00f3rica e cohesi\u00f3n. O obxectivo \u00e9 mostrar que, baixo a aparente heteroxeneidade dos mecanismos sostendo e co\u00f1ecemento antigo perpetuado, ou que \u00e9 refutada, \u00e9 eliminada, castigados ou impostas polo novo, son unha serie de c\u00f3digos comunicativos aceptado m\u00e1is ou menos consciente por unha gran maior\u00eda dos intelectuais da \u00e9poca.<\/span><\/p>\n<p>&nbsp;<\/p>\n<p><span style=\"font-size: 12pt;\">A dificultade para describir esta &#8220;teor\u00eda&#8221; comunicativa \u00e9 dobre. Por unha banda, \u00e9 dado o feito de que, durante o per\u00edodo, non debe atribu\u00edr a calquera dominio espec\u00edfico -a te\u00f3rica desde calquera natureza disciplinar \u00e9 transversal por definici\u00f3n, como debe estar intentando estudar an\u00e1lise. Por outra banda, non todos os conceptos centrais dentro dese &#8220;teor\u00eda&#8221; son incorporados \u00e1 vez ou coa mesma intensidade, pero son modificados ea cristalizaci\u00f3n trav\u00e9s da sedimentaci\u00f3n de materiais moi diferentes, desde avances na cr\u00edtica textual estudo do dereito romano, da ex\u00e9gesis b\u00edblica a innovaci\u00f3ns na cultura material, para dar alg\u00fans exemplos &#8211; entre finais do s\u00e9culo XIV e principios do s\u00e9culo XVI.<\/span><\/p>\n<p>&nbsp;<\/p>\n<p><span style=\"font-size: 12pt;\">A importancia do proxecto \u00e9 que nos permite comprender as grandes interrupci\u00f3ns hist\u00f3ricas que se producen no longo proceso de transformaci\u00f3n da cultura medieval \u00e1 cultura europea moderna como un todo coherente baseado nunha nova cultura comunicativa. Un conxunto te\u00f3rico \u00e9, polo tanto, un punto de partida para a comprensi\u00f3n da s\u00faa matriz te\u00f3rica, non exclusivamente caracter\u00edsticas &#8220;arqueol\u00f3xicas&#8221; que propios europeos quixeron dar-se como distintivo da s\u00faa cultura: a liberdade de expresi\u00f3n, liberdade de conciencia, liberdade relixiosa ou idea de progreso.<\/span>[\/vc_column_text][\/vc_column_inner][\/vc_row_inner][vc_empty_space height=&#8221;15px&#8221;][vc_empty_space height=&#8221;15px&#8221;][\/vc_column][\/vc_row][vc_row][vc_column][vc_empty_space height=&#8221;35px&#8221;][\/vc_column][\/vc_row]<\/p>\n","protected":false},"excerpt":{"rendered":"<p>[vc_row row_mask_bg=&#8221;&#8221; row_arrow=&#8221;&#8221; el_class=&#8221;p-140-cont pb-0&#8243; css=&#8221;.vc_custom_1494861745759{margin-top: 0px !important;margin-bottom: 0px !important;}&#8221;][vc_column width=&#8221;1\/2&#8243;][vc_custom_heading text=&#8221;Jorge Ledo&#8221; font_container=&#8221;tag:h2|font_size:45px|text_align:left|line_height:1&#8243; google_fonts=&#8221;font_family:Lato%3A100%2C100italic%2C300%2C300italic%2Cregular%2Citalic%2C700%2C700italic%2C900%2C900italic|font_style:300%20light%20regular%3A300%3Anormal&#8221; cms_custom_headding_type=&#8221;heading-borderleft-textbold&#8221; css=&#8221;.vc_custom_1529317932042{margin-bottom: 0px !important;}&#8221;][\/vc_column][vc_column width=&#8221;1\/2&#8243;][\/vc_column][\/vc_row][vc_row el_class=&#8221;p-140-cont pb-0&#8243; css=&#8221;.vc_custom_1440603786345{margin-bottom: 100px !important;background-color:<\/p>\n","protected":false},"author":1,"featured_media":0,"parent":7123,"menu_order":0,"comment_status":"closed","ping_status":"closed","template":"","meta":{"footnotes":""},"_links":{"self":[{"href":"https:\/\/www.intalent.udc.gal\/gl\/wp-json\/wp\/v2\/pages\/7120"}],"collection":[{"href":"https:\/\/www.intalent.udc.gal\/gl\/wp-json\/wp\/v2\/pages"}],"about":[{"href":"https:\/\/www.intalent.udc.gal\/gl\/wp-json\/wp\/v2\/types\/page"}],"author":[{"embeddable":true,"href":"https:\/\/www.intalent.udc.gal\/gl\/wp-json\/wp\/v2\/users\/1"}],"replies":[{"embeddable":true,"href":"https:\/\/www.intalent.udc.gal\/gl\/wp-json\/wp\/v2\/comments?post=7120"}],"version-history":[{"count":0,"href":"https:\/\/www.intalent.udc.gal\/gl\/wp-json\/wp\/v2\/pages\/7120\/revisions"}],"up":[{"embeddable":true,"href":"https:\/\/www.intalent.udc.gal\/gl\/wp-json\/wp\/v2\/pages\/7123"}],"wp:attachment":[{"href":"https:\/\/www.intalent.udc.gal\/gl\/wp-json\/wp\/v2\/media?parent=7120"}],"curies":[{"name":"wp","href":"https:\/\/api.w.org\/{rel}","templated":true}]}}