{"id":7121,"date":"2018-06-19T11:40:34","date_gmt":"2018-06-19T09:40:34","guid":{"rendered":"http:\/\/www.intalent.udc.es\/elena-pazos-chantrero\/"},"modified":"2018-06-19T11:40:34","modified_gmt":"2018-06-19T09:40:34","slug":"elena-pazos-chantrero","status":"publish","type":"page","link":"https:\/\/www.intalent.udc.gal\/gl\/investigadores-2\/elena-pazos-chantrero\/","title":{"rendered":"Elena Pazos Chantrero"},"content":{"rendered":"<p>[vc_row row_mask_bg=&#8221;&#8221; row_arrow=&#8221;&#8221; el_class=&#8221;p-140-cont pb-0&#8243; css=&#8221;.vc_custom_1494861745759{margin-top: 0px !important;margin-bottom: 0px !important;}&#8221;][vc_column width=&#8221;1\/2&#8243;][vc_custom_heading text=&#8221;Elena Pazos Chantrero&#8221; font_container=&#8221;tag:h2|font_size:45px|text_align:left|line_height:1&#8243; google_fonts=&#8221;font_family:Lato%3A100%2C100italic%2C300%2C300italic%2Cregular%2Citalic%2C700%2C700italic%2C900%2C900italic|font_style:300%20light%20regular%3A300%3Anormal&#8221; cms_custom_headding_type=&#8221;heading-borderleft-textbold&#8221; css=&#8221;.vc_custom_1493987132407{margin-bottom: 0px !important;}&#8221;][\/vc_column][vc_column width=&#8221;1\/2&#8243;][\/vc_column][\/vc_row][vc_row el_class=&#8221;p-140-cont pb-0&#8243; css=&#8221;.vc_custom_1440603786345{margin-bottom: 100px !important;background-color: #ffffff !important;}&#8221;][vc_column][vc_empty_space height=&#8221;15px&#8221;][vc_row_inner equal_height=&#8221;yes&#8221; content_placement=&#8221;middle&#8221; cms_row_inner_overflow=&#8221;&#8221;][vc_column_inner width=&#8221;1\/4&#8243;][vc_single_image image=&#8221;5468&#8243; img_size=&#8221;full&#8221; alignment=&#8221;center&#8221; vc_none_hover_effect=&#8221;&#8221;][vc_column_text css=&#8221;.vc_custom_1494947977618{padding-left: 25% !important;}&#8221;]<a href=\"https:\/\/www.linkedin.com\/in\/elena-pazos-chantrero-b46b1812\/?ppe=1\"><img loading=\"lazy\" decoding=\"async\" class=\"alignleft wp-image-5465 size-full\" src=\"http:\/\/www.intalent.udc.es\/wp-content\/uploads\/2017\/05\/linkedin-1.png\" alt=\"\" width=\"56\" height=\"56\" \/><\/a><a href=\"https:\/\/www.researchgate.net\/profile\/Elena_Pazos\"><img loading=\"lazy\" decoding=\"async\" class=\"wp-image-5453 size-full alignnone alignleft\" src=\"http:\/\/www.intalent.udc.es\/wp-content\/uploads\/2017\/05\/Logo-researchgathe.jpg\" alt=\"\" width=\"56\" height=\"56\" \/><\/a>[\/vc_column_text][vc_empty_space height=&#8221;15px&#8221;][vc_empty_space height=&#8221;30px&#8221;][vc_column_text css=&#8221;.vc_custom_1503574824104{padding-top: 40px !important;}&#8221;]<\/p>\n<p style=\"text-align: center;\"><a class=\"vc_general cms-button md cms-default btn-icon-animate teal\" title=\"\" href=\"http:\/\/www.intalent.udc.es\/wp-content\/uploads\/2017\/08\/CV-Elena-Pazos.pdf\" target=\"_self\">Descargar CV Completo<\/a><\/p>\n<p>[\/vc_column_text][\/vc_column_inner][vc_column_inner width=&#8221;1\/12&#8243; offset=&#8221;vc_hidden-xs&#8221;][\/vc_column_inner][vc_column_inner width=&#8221;2\/3&#8243;][vc_column_text]<span style=\"font-size: 12pt;\">Elena Pazos Chantrero (Mar\u00edn) doutorouse pola Universidade de Santiago de Compostela en 2012 baixo a supervisi\u00f3n dos profesores Jos\u00e9 Lu\u00eds Mascare\u00f1as e M.\u00a0<\/span><span style=\"font-size: 12pt;\">Eugenio V\u00e1zquez, traballando na s\u00edntese de sensores fluorescentes para a detecci\u00f3n dalgunhas prote\u00ednas implicadas en cancro.<\/span><br \/>\n<span style=\"font-size: 12pt;\"><br \/>\nDurante a s\u00faa etapa doutoral foi estudante visitante no Trinity College Dublin (Irlanda) e na Universidade de Illinois en Urbana-Champaign (Estados Unidos).<\/span><\/p>\n<p><span style=\"font-size: 12pt;\"><br \/>\nAo finalizar o seu doutoramento, recibiu unha beca postdoutoral da Fundaci\u00f3n Barri\u00e9 que lle permitiu unirse ao grupo do profesor Samuel I. Stupp na Universidade de Northwestern nos Estados Unidos, onde levou a cabo investigaci\u00f3ns no campo da qu\u00edmica supramolecular e da bionanotecnolox\u00eda.<\/span><\/p>\n<p><span style=\"font-size: 12pt;\"><br \/>\nTras a s\u00faa etapa postdoutoral, traballou na spin-off Medcom Advance como research officer durante un ano, e en decembro de 2015 incorporouse ao grupo do profesor Ram\u00f3n \u00c1lvarez Puebla no Centro Tecnol\u00f3gico de Qu\u00edmica de Catalu\u00f1a como investigadora TECNIOspring e Marie Curie. Ao longo da s\u00faa carreira investigadora publicou quince artigos cient\u00edficos, a maior\u00eda deles en revistas con alto impacto no \u00e1mbito da qu\u00edmica, un cap\u00edtulo de libro, e alg\u00fans dos resultados da s\u00faa investigaci\u00f3n tam\u00e9n foron protexidos con d\u00faas patentes.<\/span>[\/vc_column_text][\/vc_column_inner][vc_column_inner][vc_empty_space height=&#8221;15px&#8221;][\/vc_column_inner][\/vc_row_inner][\/vc_column][\/vc_row][vc_row row_mask_bg=&#8221;&#8221; row_arrow=&#8221;&#8221; css=&#8221;.vc_custom_1494861130580{background-color: #f4f4f4 !important;}&#8221;][vc_column][vc_empty_space height=&#8221;15px&#8221;][vc_empty_space height=&#8221;15px&#8221;][vc_row_inner][vc_column_inner width=&#8221;1\/2&#8243;][vc_custom_heading text=&#8221;Proxecto&#8221; font_container=&#8221;tag:h3|font_size:35px|text_align:left|line_height:1&#8243; google_fonts=&#8221;font_family:Lato%3A100%2C100italic%2C300%2C300italic%2Cregular%2Citalic%2C700%2C700italic%2C900%2C900italic|font_style:300%20light%20regular%3A300%3Anormal&#8221; cms_custom_headding_type=&#8221;heading-borderleft-textbold&#8221; css=&#8221;.vc_custom_1495817110008{margin-bottom: 0px !important;}&#8221;][vc_empty_space height=&#8221;15px&#8221;][\/vc_column_inner][vc_column_inner width=&#8221;1\/2&#8243;][\/vc_column_inner][vc_column_inner][vc_column_text]<span style=\"font-size: 12pt;\">O proxecto de investigaci\u00f3n que Elena Pazos leva a cabo no <a href=\"https:\/\/cica.udc.es\/gl\">Centro de Investigaci\u00f3ns Cient\u00edficas Avanzadas (CICA)<\/a> da Universidade da Coru\u00f1a ten\u00a0a mesma natureza multidisciplinar que caracteriza a s\u00faa traxectoria investigadora, e est\u00e1 enfocado no desenvolvemento de ferramentas qu\u00edmicas con aplicaci\u00f3ns en biomedicina.<\/span><\/p>\n<p><span style=\"font-size: 12pt;\"><br \/>\nPor unha parte, desenvolvense sensores intelixentes para enfermidades dexenerativas, \u00e9 dicir, mol\u00e9culas que en presenza de marcadores espec\u00edficos destas doenzas emitan luz permitindo as\u00ed a s\u00faa detecci\u00f3n. Estes sensores non s\u00f3 se poder\u00edan empregar para o diagn\u00f3stico precoz, sen\u00f3n tam\u00e9n para comprender a nivel molecular os mecanismos que causan a patolox\u00eda e como ferramentas poderosas para identificar novas dianas terap\u00e9uticas e novos f\u00e1rmacos.<\/span><\/p>\n<p><span style=\"font-size: 12pt;\"><br \/>\nPor outra banda, tam\u00e9n traballa no desenvolvemento de novos nanomateriais biocompatibles capaces de producir un determinado efecto nas c\u00e9lulas, como por exemplo promover a rexeneraci\u00f3n celular ou empregalos como veh\u00edculos para a administraci\u00f3n controlada de f\u00e1rmacos.<\/span>[\/vc_column_text][\/vc_column_inner][\/vc_row_inner][vc_empty_space height=&#8221;15px&#8221;][vc_empty_space height=&#8221;15px&#8221;][\/vc_column][\/vc_row][vc_row][vc_column][vc_empty_space height=&#8221;35px&#8221;][\/vc_column][\/vc_row][vc_row][vc_column][vc_column_text][\/vc_column_text][\/vc_column][\/vc_row]<\/p>\n","protected":false},"excerpt":{"rendered":"<p>[vc_row row_mask_bg=&#8221;&#8221; row_arrow=&#8221;&#8221; el_class=&#8221;p-140-cont pb-0&#8243; css=&#8221;.vc_custom_1494861745759{margin-top: 0px !important;margin-bottom: 0px !important;}&#8221;][vc_column width=&#8221;1\/2&#8243;][vc_custom_heading text=&#8221;Elena Pazos Chantrero&#8221; font_container=&#8221;tag:h2|font_size:45px|text_align:left|line_height:1&#8243; google_fonts=&#8221;font_family:Lato%3A100%2C100italic%2C300%2C300italic%2Cregular%2Citalic%2C700%2C700italic%2C900%2C900italic|font_style:300%20light%20regular%3A300%3Anormal&#8221; cms_custom_headding_type=&#8221;heading-borderleft-textbold&#8221; css=&#8221;.vc_custom_1493987132407{margin-bottom: 0px !important;}&#8221;][\/vc_column][vc_column width=&#8221;1\/2&#8243;][\/vc_column][\/vc_row][vc_row el_class=&#8221;p-140-cont pb-0&#8243; css=&#8221;.vc_custom_1440603786345{margin-bottom: 100px<\/p>\n","protected":false},"author":1,"featured_media":0,"parent":7123,"menu_order":0,"comment_status":"closed","ping_status":"closed","template":"","meta":{"footnotes":""},"_links":{"self":[{"href":"https:\/\/www.intalent.udc.gal\/gl\/wp-json\/wp\/v2\/pages\/7121"}],"collection":[{"href":"https:\/\/www.intalent.udc.gal\/gl\/wp-json\/wp\/v2\/pages"}],"about":[{"href":"https:\/\/www.intalent.udc.gal\/gl\/wp-json\/wp\/v2\/types\/page"}],"author":[{"embeddable":true,"href":"https:\/\/www.intalent.udc.gal\/gl\/wp-json\/wp\/v2\/users\/1"}],"replies":[{"embeddable":true,"href":"https:\/\/www.intalent.udc.gal\/gl\/wp-json\/wp\/v2\/comments?post=7121"}],"version-history":[{"count":0,"href":"https:\/\/www.intalent.udc.gal\/gl\/wp-json\/wp\/v2\/pages\/7121\/revisions"}],"up":[{"embeddable":true,"href":"https:\/\/www.intalent.udc.gal\/gl\/wp-json\/wp\/v2\/pages\/7123"}],"wp:attachment":[{"href":"https:\/\/www.intalent.udc.gal\/gl\/wp-json\/wp\/v2\/media?parent=7121"}],"curies":[{"name":"wp","href":"https:\/\/api.w.org\/{rel}","templated":true}]}}