{"id":7125,"date":"2016-09-23T12:09:48","date_gmt":"2016-09-23T12:09:48","guid":{"rendered":"http:\/\/www.intalent.udc.es\/institutos-de-investigacion\/"},"modified":"2023-02-22T15:19:49","modified_gmt":"2023-02-22T14:19:49","slug":"institutos-de-investigacion","status":"publish","type":"page","link":"https:\/\/www.intalent.udc.gal\/gl\/institutos-de-investigacion\/","title":{"rendered":"INSTITUTOS DE INVESTIGACI\u00d3N"},"content":{"rendered":"<p>[vc_row el_class=&#8221;p-140-cont pb-0&#8243; css=&#8221;.vc_custom_1440583825981{margin-bottom: 0px !important;}&#8221;][vc_column width=&#8221;1\/2&#8243;][vc_custom_heading text=&#8221;Investigaci\u00f3n|UDC&#8221; font_container=&#8221;tag:h2|font_size:45px|text_align:left|line_height:1&#8243; google_fonts=&#8221;font_family:Lato%3A100%2C100italic%2C300%2C300italic%2Cregular%2Citalic%2C700%2C700italic%2C900%2C900italic|font_style:300%20light%20regular%3A300%3Anormal&#8221; cms_custom_headding_type=&#8221;heading-borderleft-textbold&#8221; css=&#8221;.vc_custom_1474632027892{margin-bottom: 0px !important;}&#8221;][vc_empty_space][vc_column_text]<\/p>\n<div class=\"wpb_column vc_custom_column_container vc_col-sm-12 vc_col-lg-9 vc_col-md-9 cms_animate vc_custom_1440860401285\">\n<div class=\"wpb_wrapper\">A UDC disp\u00f3n de oito institutos especializados en diferentes ramas de co\u00f1ecemento e que po\u00f1en en valor as s\u00faas potencialidades e progresos:<\/div>\n<\/div>\n<p>[\/vc_column_text][vc_empty_space][\/vc_column][vc_column width=&#8221;1\/2&#8243;][vc_single_image image=&#8221;3918&#8243; img_size=&#8221;full&#8221; alignment=&#8221;center&#8221; vc_none_hover_effect=&#8221;&#8221;][\/vc_column][\/vc_row][vc_row][vc_column width=&#8221;1\/2&#8243;][vc_column_text]<\/p>\n<ul class=\"rss\">\n<li><a href=\"http:\/\/www.udc.gal\/centros_departamentos_servizos\/departamentos\/detalleDepartamento\/?codigo=I907\" target=\"_blank\" rel=\"noopener noreferrer\">Instituto de Investigaci\u00f3n Biom\u00e9dica da Coru\u00f1a (INIBIC)<\/a><\/li>\n<li><a href=\"http:\/\/www.udc.gal\/centros_departamentos_servizos\/departamentos\/detalleDepartamento\/?codigo=I902\" target=\"_blank\" rel=\"noopener noreferrer\">Instituto Universitario de Estudos Europeos Salvador de Madariaga<\/a><\/li>\n<li><a href=\"http:\/\/www.udc.gal\/centros_departamentos_servizos\/departamentos\/detalleDepartamento\/?codigo=I906\" target=\"_blank\" rel=\"noopener noreferrer\">Instituto Universitario de Estudos Irlandeses Amergin<\/a><\/li>\n<\/ul>\n<p>[\/vc_column_text][\/vc_column][vc_column width=&#8221;1\/2&#8243;][vc_column_text]<\/p>\n<ul class=\"rss\">\n<li><a href=\"https:\/\/www.udc.es\/centros_departamentos_servizos\/departamentos\/detalleDepartamento\/?codigo=I905\" target=\"_blank\" rel=\"noopener noreferrer\">Instituto Universitario de Estudos Mar\u00edtimos<\/a><\/li>\n<li><a href=\"http:\/\/www.udc.gal\/centros_departamentos_servizos\/departamentos\/detalleDepartamento\/?codigo=I904\" target=\"_blank\" rel=\"noopener noreferrer\">Instituto Universitario de Medio Ambiente<\/a><\/li>\n<li><a href=\"http:\/\/www.udc.gal\/centros_departamentos_servizos\/departamentos\/detalleDepartamento\/?codigo=I903\" target=\"_blank\" rel=\"noopener noreferrer\">Instituto Universitario de Xeolox\u00eda Isidro Parga Pondal<\/a><\/li>\n<\/ul>\n<p>[\/vc_column_text][\/vc_column][\/vc_row]<\/p>\n","protected":false},"excerpt":{"rendered":"<p>[vc_row el_class=&#8221;p-140-cont pb-0&#8243; css=&#8221;.vc_custom_1440583825981{margin-bottom: 0px !important;}&#8221;][vc_column width=&#8221;1\/2&#8243;][vc_custom_heading text=&#8221;Investigaci\u00f3n|UDC&#8221; font_container=&#8221;tag:h2|font_size:45px|text_align:left|line_height:1&#8243; google_fonts=&#8221;font_family:Lato%3A100%2C100italic%2C300%2C300italic%2Cregular%2Citalic%2C700%2C700italic%2C900%2C900italic|font_style:300%20light%20regular%3A300%3Anormal&#8221; cms_custom_headding_type=&#8221;heading-borderleft-textbold&#8221; css=&#8221;.vc_custom_1474632027892{margin-bottom: 0px !important;}&#8221;][vc_empty_space][vc_column_text] A UDC disp\u00f3n de oito institutos especializados en diferentes ramas de<\/p>\n","protected":false},"author":1,"featured_media":0,"parent":0,"menu_order":0,"comment_status":"closed","ping_status":"closed","template":"","meta":{"footnotes":""},"_links":{"self":[{"href":"https:\/\/www.intalent.udc.gal\/gl\/wp-json\/wp\/v2\/pages\/7125"}],"collection":[{"href":"https:\/\/www.intalent.udc.gal\/gl\/wp-json\/wp\/v2\/pages"}],"about":[{"href":"https:\/\/www.intalent.udc.gal\/gl\/wp-json\/wp\/v2\/types\/page"}],"author":[{"embeddable":true,"href":"https:\/\/www.intalent.udc.gal\/gl\/wp-json\/wp\/v2\/users\/1"}],"replies":[{"embeddable":true,"href":"https:\/\/www.intalent.udc.gal\/gl\/wp-json\/wp\/v2\/comments?post=7125"}],"version-history":[{"count":1,"href":"https:\/\/www.intalent.udc.gal\/gl\/wp-json\/wp\/v2\/pages\/7125\/revisions"}],"predecessor-version":[{"id":8973,"href":"https:\/\/www.intalent.udc.gal\/gl\/wp-json\/wp\/v2\/pages\/7125\/revisions\/8973"}],"wp:attachment":[{"href":"https:\/\/www.intalent.udc.gal\/gl\/wp-json\/wp\/v2\/media?parent=7125"}],"curies":[{"name":"wp","href":"https:\/\/api.w.org\/{rel}","templated":true}]}}