{"id":7126,"date":"2016-09-16T12:17:53","date_gmt":"2016-09-16T12:17:53","guid":{"rendered":"http:\/\/www.intalent.udc.es\/home-intalent\/"},"modified":"2016-09-16T12:17:53","modified_gmt":"2016-09-16T12:17:53","slug":"home-intalent","status":"publish","type":"page","link":"https:\/\/www.intalent.udc.gal\/gl\/","title":{"rendered":"INICIO"},"content":{"rendered":"<p>[vc_row full_width=&#8221;1&#8243;][vc_column][rev_slider_vc alias=&#8221;home-gal&#8221;][\/vc_column][\/vc_row][vc_row row_mask_bg=&#8221;&#8221; row_arrow=&#8221;&#8221; css=&#8221;.vc_custom_1479834734628{background-color: #eeeeee !important;}&#8221;][vc_column][vc_empty_space height=&#8221;40px&#8221;][\/vc_column][vc_column width=&#8221;1\/2&#8243;][vc_custom_heading text=&#8221;InTalent&#8221; font_container=&#8221;tag:div|font_size:18px|text_align:left|color:%234b4e53|line_height:25px&#8221; google_fonts=&#8221;font_family:Open%20Sans%3A300%2C300italic%2Cregular%2Citalic%2C600%2C600italic%2C700%2C700italic%2C800%2C800italic|font_style:700%20bold%20regular%3A700%3Anormal&#8221; css=&#8221;.vc_custom_1474575876011{margin-bottom: 5px !important;}&#8221;][vc_column_text css=&#8221;.vc_custom_1476428431467{margin-bottom: 10px !important;}&#8221;]\u00c9 un programa espec\u00edfico de colaboraci\u00f3n entre a <span style=\"color: #e42184;\">Universidade da Coru\u00f1a e Inditex<\/span> para a contrataci\u00f3n de investigadores posdoutorais con proxecci\u00f3n e ampla traxectoria internacional baixo o \u00fanico criterio da excelencia.[\/vc_column_text][vc_empty_space height=&#8221;40px&#8221;][\/vc_column][vc_column width=&#8221;1\/2&#8243;][vc_empty_space height=&#8221;12px&#8221;][vc_btn title=&#8221;M\u00e1is&#8221; color=&#8221;teal&#8221; align=&#8221;center&#8221; link=&#8221;url:%2Findex.php%2Fdescripcion-del-programa%2F%3Flang%3Dpt-pt|||&#8221; el_class=&#8221;.rosabuttom&#8221; css=&#8221;.vc_custom_1483098311720{margin-top: 40px !important;}&#8221;][vc_empty_space height=&#8221;12px&#8221;][\/vc_column][\/vc_row][vc_row][vc_column][vc_empty_space][\/vc_column][\/vc_row][vc_row full_width=&#8221;1&#8243; css=&#8221;.vc_custom_1440605414478{background-color: #ffffff !important;}&#8221;][vc_column css_animation=&#8221;cms_animate wow fadeInLeft&#8221; equal_height=&#8221;1&#8243; column_max_width=&#8221;1&#8243; offset=&#8221;vc_col-lg-6 vc_col-md-6&#8243;][vc_row_inner][vc_column_inner column_max_width=&#8221;1&#8243; equal_height=&#8221;1&#8243;][vc_custom_heading text=&#8221;SOBRE A|UDC&#8221; font_container=&#8221;tag:h2|font_size:45px|text_align:left|line_height:1&#8243; google_fonts=&#8221;font_family:Lato%3A100%2C100italic%2C300%2C300italic%2Cregular%2Citalic%2C700%2C700italic%2C900%2C900italic|font_style:300%20light%20regular%3A300%3Anormal&#8221; cms_custom_headding_type=&#8221;heading-underline-textbold&#8221; css=&#8221;.vc_custom_1476428460975{margin-bottom: 0px !important;}&#8221;][vc_column_text css=&#8221;.vc_custom_1476428517582{margin-top: 30px !important;margin-bottom: 0px !important;}&#8221;]A Universidade da Coru\u00f1a (UDC) \u00e9 unha instituci\u00f3n p\u00fablica, nova e moderna. Situada no noroeste de Galicia, est\u00e1 estruturada territorialmente en campus da Coru\u00f1a e campus de Ferrol.<br \/>\nA UDC ten como finalidade esencial a xeraci\u00f3n, xesti\u00f3n e difusi\u00f3n da cultura e do co\u00f1ecemento cient\u00edfico, tecnol\u00f3xico e profesional a trav\u00e9s do desenvolvemento de investigaci\u00f3n e de docencia.<br \/>\n[\/vc_column_text][\/vc_column_inner][\/vc_row_inner][\/vc_column][vc_column offset=&#8221;vc_col-lg-6 vc_col-md-6&#8243;][vc_single_image image=&#8221;4001&#8243; img_size=&#8221;full&#8221; vc_none_hover_effect=&#8221;&#8221; equal_height=&#8221;1&#8243; vc_set_img_bg=&#8221;true&#8221;][\/vc_column][\/vc_row][vc_row full_width=&#8221;1&#8243; row_mask_bg=&#8221;&#8221; row_arrow=&#8221;&#8221; css=&#8221;.vc_custom_1474038593031{margin-bottom: 0px !important;}&#8221;][vc_column css_animation=&#8221;cms_animate wow fadeInRight&#8221; el_class=&#8221;left-50&#8243; offset=&#8221;vc_col-lg-6 vc_col-md-6&#8243;][vc_row_inner][vc_column_inner column_max_width=&#8221;1&#8243; equal_height=&#8221;1&#8243;][vc_custom_heading text=&#8221;SOBRE|INDITEX&#8221; font_container=&#8221;tag:h2|font_size:45px|text_align:left|line_height:1&#8243; google_fonts=&#8221;font_family:Lato%3A100%2C100italic%2C300%2C300italic%2Cregular%2Citalic%2C700%2C700italic%2C900%2C900italic|font_style:300%20light%20regular%3A300%3Anormal&#8221; cms_custom_headding_type=&#8221;heading-underline-textbold&#8221; css=&#8221;.vc_custom_1474575943477{margin-bottom: 0px !important;}&#8221;][vc_column_text css=&#8221;.vc_custom_1476428795795{margin-top: 30px !important;margin-bottom: 0px !important;}&#8221;]Inditex \u00e9 un dos maiores grupos de distribuci\u00f3n de moda do mundo e conta con oito formatos comerciais con m\u00e1is de 7000 tendas en 91 mercados. Nos \u00faltimos anos veu apoiando as instituci\u00f3ns de educaci\u00f3n superior, co seu compromiso coa UDC como un dos seus sinais de identidade.[\/vc_column_text][\/vc_column_inner][\/vc_row_inner][\/vc_column][vc_column el_class=&#8221;col-md-pull-6&#8243; offset=&#8221;vc_col-lg-6 vc_col-md-6&#8243;][vc_single_image image=&#8221;4000&#8243; img_size=&#8221;&#8221; vc_none_hover_effect=&#8221;&#8221; equal_height=&#8221;1&#8243; vc_set_img_bg=&#8221;true&#8221;][\/vc_column][\/vc_row][vc_row row_mask_bg=&#8221;&#8221; row_arrow=&#8221;&#8221; css=&#8221;.vc_custom_1476802188651{background-image: url(http:\/\/www.intalent.udc.es\/wp-content\/uploads\/2016\/09\/assets-03-2.png?id=3549) !important;}&#8221;][vc_column][vc_empty_space][vc_column_text]<\/p>\n<h2 style=\"text-align: center;\"><span style=\"color: #ffffff;\">InTalent, o programa nado para captar e reter excelencia investigadora en Galicia<\/span><\/h2>\n<p>[\/vc_column_text][vc_empty_space][\/vc_column][\/vc_row][vc_row][vc_column][vc_empty_space][vc_empty_space][\/vc_column][\/vc_row][vc_row el_class=&#8221;fes4-cont&#8221;][vc_column][vc_row_inner][vc_column_inner width=&#8221;1\/3&#8243;][vc_single_image image=&#8221;3507&#8243; img_size=&#8221;60&#215;49&#8243; alignment=&#8221;center&#8221; vc_none_hover_effect=&#8221;&#8221;][vc_column_text]<\/p>\n<h2 style=\"text-align: center;\">Ciencia excelente<\/h2>\n<p>[\/vc_column_text][vc_column_text]A UDC plasmou o seu apoio \u00e1 ciencia excelente nunha serie de medidas concretas, que se incl\u00faen no <a href=\"https:\/\/www.udc.gal\/otri\/programa_berce\/index.html?language=gl\" target=\"_blank\" rel=\"noopener noreferrer\">programa Berce<\/a>, destinadas tanto a investigadores da propia UDC como a cient\u00edficos procedentes de calquera parte do mundo que decidan desenvolver o seu proxecto de investigaci\u00f3n nesta universidade.[\/vc_column_text][\/vc_column_inner][vc_column_inner width=&#8221;1\/3&#8243;][vc_single_image image=&#8221;3508&#8243; img_size=&#8221;60&#215;52&#8243; alignment=&#8221;center&#8221; vc_none_hover_effect=&#8221;&#8221;][vc_column_text]<\/p>\n<h2 style=\"text-align: center;\">Top \u00e1reas cient\u00edficas<\/h2>\n<p>[\/vc_column_text][vc_column_text]<\/p>\n<ul class=\"rss\">\n<li>TIC<\/li>\n<li>Industrial<\/li>\n<li>Ciencias experimentais<\/li>\n<li>Innovaci\u00f3n social<\/li>\n<li>Enxe\u00f1ar\u00eda<\/li>\n<li>Construci\u00f3n civil<\/li>\n<li>Sa\u00fade<\/li>\n<li>Humanidades<\/li>\n<\/ul>\n<p>[\/vc_column_text][\/vc_column_inner][vc_column_inner width=&#8221;1\/3&#8243;][vc_single_image image=&#8221;3509&#8243; img_size=&#8221;60&#215;42&#8243; alignment=&#8221;center&#8221; vc_none_hover_effect=&#8221;&#8221;][vc_column_text]<\/p>\n<h2 style=\"text-align: center;\">Campus &amp; Investigaci\u00f3n<\/h2>\n<p>[\/vc_column_text][vc_column_text]<\/p>\n<ul class=\"rss\">\n<li><a href=\"http:\/\/www.udc.es\/citeec\/index-gl.html\" target=\"_blank\" rel=\"noopener noreferrer\">Centro de Innovaci\u00f3n Tecnol\u00f3xica en Edificaci\u00f3n e Enxe\u00f1ar\u00eda Civil (CITEEC)<\/a><\/li>\n<li><a href=\"http:\/\/www.citic.udc.es\/?locale=gl\" target=\"_blank\" rel=\"noopener noreferrer\">Centro de Investigaci\u00f3n de Tecnolox\u00edas da<br \/>\nInformaci\u00f3n e da Comunicaci\u00f3n (CITIC)<\/a><\/li>\n<li><a href=\"https:\/\/cica.udc.es\/\" target=\"_blank\" rel=\"noopener noreferrer\">Centro de Investigaci\u00f3ns Cient\u00edficas Avanzadas (CICA)<\/a><\/li>\n<li><a href=\"http:\/\/www.udc.es\/cit\/galego\/comenzo.htm\" target=\"_blank\" rel=\"noopener noreferrer\">Centro de Investigaci\u00f3ns Tecnol\u00f3xicas (CIT)<\/a><\/li>\n<li><a href=\"http:\/\/campusindustrial.udc.gal\/\" target=\"_blank\" rel=\"noopener noreferrer\">Campus Industrial<\/a><\/li>\n<li><a href=\"https:\/\/www.intalent.udc.gal\/gl\/institutos-de-investigacion\/\">Institutos de Investigaci\u00f3n<\/a><\/li>\n<\/ul>\n<p>[\/vc_column_text][\/vc_column_inner][\/vc_row_inner][\/vc_column][\/vc_row][vc_row row_mask_bg=&#8221;&#8221; row_arrow=&#8221;&#8221; el_class=&#8221;pt-80-b-50-cont&#8221; css=&#8221;.vc_custom_1474041011359{margin-top: 40px !important;background-color: #b1b3b4 !important;}&#8221;][vc_column width=&#8221;1\/2&#8243; css=&#8221;.vc_custom_1440860401285{padding-bottom: 30px !important;}&#8221; offset=&#8221;vc_col-lg-9 vc_col-md-9&#8243;][vc_column_text css=&#8221;.vc_custom_1476428827582{margin-bottom: 0px !important;}&#8221;]<\/p>\n<div class=\"post-container\">\n<div class=\"post-thumb\"><img loading=\"lazy\" decoding=\"async\" src=\"http:\/\/www.intalent.udc.es\/wp-content\/uploads\/2016\/09\/assets-08.png\" width=\"60\" height=\"64\" \/><\/div>\n<p><span style=\"color: #e42184; font-weight: bold; font-size: 16px;\">Xuntos cara ao progreso<\/span><\/p>\n<p><span style=\"color: #ffffff; font-size: 14px;\">Unha universidade moderna que traballa pola excelencia cient\u00edfica<\/span><\/p>\n<\/div>\n<p>[\/vc_column_text][\/vc_column][vc_column width=&#8221;1\/2&#8243; css=&#8221;.vc_custom_1474040970653{margin-top: 7px !important;padding-bottom: 30px !important;}&#8221; offset=&#8221;vc_col-lg-3 vc_col-md-3&#8243;][vc_btn title=&#8221;Solicitar&#8221; color=&#8221;teal&#8221; align=&#8221;center&#8221; link=&#8221;url:http%3A%2F%2Fwww.intalent.udc.es%2Findex.php%2Fsolicitudes%2F%3Flang%3Dpt-pt|||&#8221; el_class=&#8221;.rosabuttom&#8221;][\/vc_column][\/vc_row]<\/p>\n","protected":false},"excerpt":{"rendered":"<p>[vc_row full_width=&#8221;1&#8243;][vc_column][rev_slider_vc alias=&#8221;home-gal&#8221;][\/vc_column][\/vc_row][vc_row row_mask_bg=&#8221;&#8221; row_arrow=&#8221;&#8221; css=&#8221;.vc_custom_1479834734628{background-color: #eeeeee !important;}&#8221;][vc_column][vc_empty_space height=&#8221;40px&#8221;][\/vc_column][vc_column width=&#8221;1\/2&#8243;][vc_custom_heading text=&#8221;InTalent&#8221; font_container=&#8221;tag:div|font_size:18px|text_align:left|color:%234b4e53|line_height:25px&#8221; google_fonts=&#8221;font_family:Open%20Sans%3A300%2C300italic%2Cregular%2Citalic%2C600%2C600italic%2C700%2C700italic%2C800%2C800italic|font_style:700%20bold%20regular%3A700%3Anormal&#8221; css=&#8221;.vc_custom_1474575876011{margin-bottom: 5px !important;}&#8221;][vc_column_text css=&#8221;.vc_custom_1476428431467{margin-bottom: 10px !important;}&#8221;]\u00c9 un programa espec\u00edfico de colaboraci\u00f3n entre<\/p>\n","protected":false},"author":1,"featured_media":0,"parent":0,"menu_order":0,"comment_status":"closed","ping_status":"closed","template":"","meta":{"footnotes":""},"_links":{"self":[{"href":"https:\/\/www.intalent.udc.gal\/gl\/wp-json\/wp\/v2\/pages\/7126"}],"collection":[{"href":"https:\/\/www.intalent.udc.gal\/gl\/wp-json\/wp\/v2\/pages"}],"about":[{"href":"https:\/\/www.intalent.udc.gal\/gl\/wp-json\/wp\/v2\/types\/page"}],"author":[{"embeddable":true,"href":"https:\/\/www.intalent.udc.gal\/gl\/wp-json\/wp\/v2\/users\/1"}],"replies":[{"embeddable":true,"href":"https:\/\/www.intalent.udc.gal\/gl\/wp-json\/wp\/v2\/comments?post=7126"}],"version-history":[{"count":0,"href":"https:\/\/www.intalent.udc.gal\/gl\/wp-json\/wp\/v2\/pages\/7126\/revisions"}],"wp:attachment":[{"href":"https:\/\/www.intalent.udc.gal\/gl\/wp-json\/wp\/v2\/media?parent=7126"}],"curies":[{"name":"wp","href":"https:\/\/api.w.org\/{rel}","templated":true}]}}