{"id":7129,"date":"2016-09-23T09:06:51","date_gmt":"2016-09-23T09:06:51","guid":{"rendered":"http:\/\/www.intalent.udc.es\/gastronomia\/"},"modified":"2016-09-23T09:06:51","modified_gmt":"2016-09-23T09:06:51","slug":"gastronomia","status":"publish","type":"page","link":"https:\/\/www.intalent.udc.gal\/gl\/gastronomia\/","title":{"rendered":"GASTRONOM\u00cdA"},"content":{"rendered":"<p>[vc_row][vc_column][vc_empty_space][vc_row_inner][vc_column_inner width=&#8221;1\/2&#8243;][vc_custom_heading text=&#8221;Calidade|reco\u00f1ecida&#8221; font_container=&#8221;tag:h2|font_size:45px|text_align:left|line_height:1&#8243; google_fonts=&#8221;font_family:Lato%3A100%2C100italic%2C300%2C300italic%2Cregular%2Citalic%2C700%2C700italic%2C900%2C900italic|font_style:300%20light%20regular%3A300%3Anormal&#8221; cms_custom_headding_type=&#8221;heading-underline-textbold&#8221; css=&#8221;.vc_custom_1476354296983{margin-bottom: 0px !important;}&#8221;][\/vc_column_inner][vc_column_inner width=&#8221;1\/2&#8243;][\/vc_column_inner][\/vc_row_inner][\/vc_column][\/vc_row][vc_row el_class=&#8221;p-140-cont pb-0&#8243; css=&#8221;.vc_custom_1440583825981{margin-bottom: 0px !important;}&#8221;][vc_column][vc_single_image image=&#8221;3850&#8243; img_size=&#8221;1264&#215;300&#8243; alignment=&#8221;center&#8221; vc_none_hover_effect=&#8221;&#8221; css=&#8221;.vc_custom_1474621554772{margin-bottom: 50px !important;}&#8221;][vc_row_inner][vc_column_inner width=&#8221;5\/6&#8243;][vc_column_text css=&#8221;.vc_custom_1476354421292{margin-top: 30px !important;margin-bottom: 0px !important;}&#8221;]Cunha ampla cultura gastron\u00f3mica, a costa proporciona variedade e calidade en peixes e mariscos. Contan con restaurantes con Estrela Michel\u00edn internacionalmente reco\u00f1ecidos onde gozar da mellor comida.<\/p>\n<p>Nas populares zonas dos vi\u00f1os encontrar\u00e1s unha das mellores f\u00f3rmulas para relaxarse, practicando unha tendencia moi caracter\u00edstica: <span style=\"color: #e62686;\"><strong>o tapeo<\/strong><\/span>.[\/vc_column_text][\/vc_column_inner][vc_column_inner width=&#8221;1\/6&#8243;][vc_single_image image=&#8221;3825&#8243; img_size=&#8221;full&#8221; alignment=&#8221;center&#8221; vc_none_hover_effect=&#8221;&#8221;][\/vc_column_inner][\/vc_row_inner][vc_empty_space][\/vc_column][\/vc_row][vc_row row_mask_bg=&#8221;&#8221; row_arrow=&#8221;&#8221; css=&#8221;.vc_custom_1475618310813{background-color: #efefef !important;}&#8221;][vc_column][vc_empty_space][vc_row_inner][vc_column_inner width=&#8221;1\/2&#8243;][vc_custom_heading text=&#8221;Mar|e terra&#8221; font_container=&#8221;tag:h2|font_size:45px|text_align:left|line_height:1&#8243; google_fonts=&#8221;font_family:Lato%3A100%2C100italic%2C300%2C300italic%2Cregular%2Citalic%2C700%2C700italic%2C900%2C900italic|font_style:300%20light%20regular%3A300%3Anormal&#8221; cms_custom_headding_type=&#8221;heading-underline-textbold&#8221; css=&#8221;.vc_custom_1476354453722{margin-bottom: 0px !important;}&#8221;][\/vc_column_inner][vc_column_inner width=&#8221;1\/2&#8243;][vc_column_text]<\/p>\n<p class=\"item_texto\">A calidade e a variedade dos seus produtos aut\u00f3ctonos, tanto do campo como do mar, fan da gastronom\u00eda un dos principais recursos da zona. M\u00e1is de 300 festas gastron\u00f3micas na rexi\u00f3n de Galicia as\u00ed o demostran.<\/p>\n<p>[\/vc_column_text][\/vc_column_inner][\/vc_row_inner][vc_empty_space][vc_row_inner][vc_column_inner width=&#8221;1\/4&#8243;][vc_single_image image=&#8221;4080&#8243; img_size=&#8221;400&#215;250&#8243; vc_none_hover_effect=&#8221;&#8221;][\/vc_column_inner][vc_column_inner width=&#8221;1\/4&#8243;][vc_single_image image=&#8221;4079&#8243; img_size=&#8221;400&#215;250&#8243; vc_none_hover_effect=&#8221;&#8221;][\/vc_column_inner][vc_column_inner width=&#8221;1\/4&#8243;][vc_single_image image=&#8221;4078&#8243; img_size=&#8221;400&#215;250&#8243; vc_none_hover_effect=&#8221;&#8221;][\/vc_column_inner][vc_column_inner width=&#8221;1\/4&#8243;][vc_single_image image=&#8221;4077&#8243; img_size=&#8221;400&#215;250&#8243; vc_none_hover_effect=&#8221;&#8221;][\/vc_column_inner][\/vc_row_inner][vc_empty_space][\/vc_column][\/vc_row][vc_row][vc_column width=&#8221;1\/2&#8243;][vc_empty_space][vc_column_text]<strong><span style=\"color: #e62686;\">A Coru\u00f1a<\/span><\/strong> disp\u00f3n dunha ampl\u00edsima listaxe de restaurantes, tascas, tabernas ou bares. Exquisitos produtos e unha mimada elaboraci\u00f3n capaz de seducir o m\u00e1is esixente dos padais.[\/vc_column_text][vc_btn title=&#8221;M\u00e1is&#8221; color=&#8221;teal&#8221; align=&#8221;left&#8221; link=&#8221;url:http%3A%2F%2Fwww.turismocoruna.com%2Fweb%2FcorTurServer.php%3FidSecweb%3D97%26idCategoria%3D49||target:%20_blank|&#8221;][\/vc_column][vc_column width=&#8221;1\/2&#8243;][vc_column_text css=&#8221;.vc_custom_1476354839193{margin-top: 30px !important;margin-bottom: 0px !important;}&#8221;]<span style=\"color: #e62686;\"><strong>Ferrol e a comarca de Ferrolterra<\/strong><\/span> oferta unha gran variedade de bares e restaurantes para gozar do pracer da s\u00faa gastronom\u00eda.[\/vc_column_text][vc_empty_space][vc_btn title=&#8221;M\u00e1is&#8221; color=&#8221;teal&#8221; align=&#8221;left&#8221; link=&#8221;url:http%3A%2F%2Fturferrol.com%2Fdondecomer.asp||target:%20_blank|&#8221;][\/vc_column][\/vc_row]<\/p>\n","protected":false},"excerpt":{"rendered":"<p>[vc_row][vc_column][vc_empty_space][vc_row_inner][vc_column_inner width=&#8221;1\/2&#8243;][vc_custom_heading text=&#8221;Calidade|reco\u00f1ecida&#8221; font_container=&#8221;tag:h2|font_size:45px|text_align:left|line_height:1&#8243; google_fonts=&#8221;font_family:Lato%3A100%2C100italic%2C300%2C300italic%2Cregular%2Citalic%2C700%2C700italic%2C900%2C900italic|font_style:300%20light%20regular%3A300%3Anormal&#8221; cms_custom_headding_type=&#8221;heading-underline-textbold&#8221; css=&#8221;.vc_custom_1476354296983{margin-bottom: 0px !important;}&#8221;][\/vc_column_inner][vc_column_inner width=&#8221;1\/2&#8243;][\/vc_column_inner][\/vc_row_inner][\/vc_column][\/vc_row][vc_row el_class=&#8221;p-140-cont pb-0&#8243; css=&#8221;.vc_custom_1440583825981{margin-bottom: 0px !important;}&#8221;][vc_column][vc_single_image image=&#8221;3850&#8243; img_size=&#8221;1264&#215;300&#8243; alignment=&#8221;center&#8221; vc_none_hover_effect=&#8221;&#8221; css=&#8221;.vc_custom_1474621554772{margin-bottom: 50px !important;}&#8221;][vc_row_inner][vc_column_inner width=&#8221;5\/6&#8243;][vc_column_text css=&#8221;.vc_custom_1476354421292{margin-top: 30px<\/p>\n","protected":false},"author":1,"featured_media":0,"parent":0,"menu_order":0,"comment_status":"closed","ping_status":"closed","template":"","meta":{"footnotes":""},"_links":{"self":[{"href":"https:\/\/www.intalent.udc.gal\/gl\/wp-json\/wp\/v2\/pages\/7129"}],"collection":[{"href":"https:\/\/www.intalent.udc.gal\/gl\/wp-json\/wp\/v2\/pages"}],"about":[{"href":"https:\/\/www.intalent.udc.gal\/gl\/wp-json\/wp\/v2\/types\/page"}],"author":[{"embeddable":true,"href":"https:\/\/www.intalent.udc.gal\/gl\/wp-json\/wp\/v2\/users\/1"}],"replies":[{"embeddable":true,"href":"https:\/\/www.intalent.udc.gal\/gl\/wp-json\/wp\/v2\/comments?post=7129"}],"version-history":[{"count":0,"href":"https:\/\/www.intalent.udc.gal\/gl\/wp-json\/wp\/v2\/pages\/7129\/revisions"}],"wp:attachment":[{"href":"https:\/\/www.intalent.udc.gal\/gl\/wp-json\/wp\/v2\/media?parent=7129"}],"curies":[{"name":"wp","href":"https:\/\/api.w.org\/{rel}","templated":true}]}}