{"id":7130,"date":"2015-08-25T00:49:54","date_gmt":"2015-08-24T17:49:54","guid":{"rendered":"http:\/\/www.intalent.udc.es\/faq-2\/"},"modified":"2023-03-29T10:50:56","modified_gmt":"2023-03-29T08:50:56","slug":"faq-2","status":"publish","type":"page","link":"https:\/\/www.intalent.udc.gal\/gl\/faq-2\/","title":{"rendered":"FAQS"},"content":{"rendered":"<p>[vc_row row_mask_bg=&#8221;&#8221; row_arrow=&#8221;&#8221; css=&#8221;.vc_custom_1474638399264{background-color: #e62686 !important;}&#8221;][vc_column width=&#8221;2\/3&#8243;][vc_custom_heading text=&#8221;QUE EST\u00c1S A BUSCAR?&#8221; font_container=&#8221;tag:h2|font_size:32px|text_align:left|color:%23ffffff|line_height:45px&#8221; google_fonts=&#8221;font_family:Lato%3A100%2C100italic%2C300%2C300italic%2Cregular%2Citalic%2C700%2C700italic%2C900%2C900italic|font_style:400%20regular%3A400%3Anormal&#8221; css=&#8221;.vc_custom_1680077994223{margin-top: 40px !important;margin-bottom: 32px !important;}&#8221;][vc_empty_space][\/vc_column][vc_column width=&#8221;1\/3&#8243;][vc_empty_space][vc_wp_search el_class=&#8221;search-in-faq&#8221;][\/vc_column][\/vc_row][vc_row el_class=&#8221;p-110-cont&#8221;][vc_column][vc_toggle title=&#8221;A QUEN SE DIRIXE O PROGRAMA?&#8221; el_id=&#8221;1440663850998-112411bf-3c35&#8243;]O programa InTalent est\u00e1 dirixido a investigadores de calquera nacionalidade que queiran desenvolver a s\u00faa actividade investigadora na UDC. Nesta edici\u00f3n, pret\u00e9ndese orientar o programa principalmente a beneficiarios dunha axuda de ciencia excelente. En concreto, o Programa InTalent orientarase a favorecer a captaci\u00f3n de investigadores que conseguisen unha axuda Ram\u00f3n e Cajal (RyC), financiada polo Ministerio de Ciencia e Innovaci\u00f3n na convocatoria de 2021.[\/vc_toggle][vc_toggle title=&#8221;CANTAS PRAZAS OF\u00c9RTANSE NA PRIMEIRA CONVOCATORIA DA SEGUNDA EDICI\u00d3N DO PROGRAMA INTALENT?&#8221; el_id=&#8221;1440663884831-5b9b1a16-2305&#8243;]O obxecto desta primeira convocatoria da segunda edici\u00f3n do programa InTalent \u00e9 seleccionar a tres investigadores\/as beneficiarios\/as dunha axuda RyC na convocatoria 2021 que vaian asinar ou asinasen un acordo de incorporaci\u00f3n \u00e1 UDC dentro do marco da s\u00faa axuda RyC, aos que se lles ofrecen unha serie de medidas espec\u00edficas de apoio, segundo o que se detalla nesta convocatoria.[\/vc_toggle][vc_toggle title=&#8221;A QUE \u00c1REAS DE INVESTIGACI\u00d3N DEBEN PERTENCER OS CANDIDATOS?&#8221; el_id=&#8221;1440663946780-a508ff7c-ca04&#8243;]As li\u00f1as de investigaci\u00f3n a desenvolver polo persoal seleccionado poden estar relacionadas con calquera \u00e1rea de co\u00f1ecemento e referirse tanto a investigaci\u00f3n b\u00e1sica como a investigaci\u00f3n aplicada. O obxectivo \u00e9 apoiar ao persoal investigador excelente beneficiario dunha axuda RyC, independentemente da s\u00faa \u00e1rea de co\u00f1ecemento, sen ning\u00fan tipo de exclusi\u00f3n, a\u00ednda que se ter\u00e1 en conta a viabilidade das s\u00faas li\u00f1as de investigaci\u00f3n dentro da UDC e a s\u00faa adecuaci\u00f3n a aquelas \u00e1reas especialmente interesantes para a UDC pola s\u00faa proxecci\u00f3n cient\u00edfica, polo seu car\u00e1cter emerxente ou pola s\u00faa consideraci\u00f3n de estrat\u00e9xicas dentro da planificaci\u00f3n actual da entidade.[\/vc_toggle][vc_toggle title=&#8221;CAL \u00c9 A DURACI\u00d3N DOS CONTRATOS?&#8221; el_id=&#8221;1478521219444-e1c2a210-c5b2&#8243;]As axudas do programa InTalent ter\u00e1n a mesma duraci\u00f3n que o contrato Ram\u00f3n e Cajal do que fosen beneficiados.[\/vc_toggle][vc_toggle title=&#8221;CAL \u00c9 A RETRIBUCI\u00d3N PARA O BENEFICIARIO?&#8221; el_id=&#8221;1478521239647-9422ff92-9644&#8243;]Establ\u00e9cese un complemento econ\u00f3mico para o contrato das persoas seleccionadas nesta convocatoria, ata alcanzar un salario total de 60.000\u20ac anuais (inclu\u00edndo o salario bruto, os custos sociais da contrataci\u00f3n e a indemnizaci\u00f3n final do contrato). Este complemento percibirase desde a concesi\u00f3n de InTalent, nunca antes do inicio do contrato e durante a vixencia da axuda Ram\u00f3n e Cajal, finalizando ao mesmo tempo que esta.[\/vc_toggle][vc_toggle title=&#8221;QUE REQUISITOS DEBEN CUMPRIR OS SOLICITANTES?&#8221; el_id=&#8221;1478521261122-111bdd21-8401&#8243;]As persoas solicitantes deber\u00e1n estar en posesi\u00f3n do grao de doutor\/a, ser seleccionadas na convocatoria 2021 das axudas Ram\u00f3n e Cajal da Axencia Estatal de Investigaci\u00f3n, cumprir os requisitos establecidos na convocatoria 2021 das axudas RyC de incorporaci\u00f3n \u00e1 UDC e asinar ou asinar o acordo de incorporaci\u00f3n da s\u00faa axuda RyC coa UDC.[\/vc_toggle][vc_toggle title=&#8221;CAL \u00c9 O PRAZO DE SOLICITUDE?&#8221; el_id=&#8221;1478521284943-aaf986f3-6c33&#8243;]O prazo para o env\u00edo de solicitudes in\u00edciase o d\u00eda\u00a0<strong>3 de outubro de 2022<\/strong> e finaliza o d\u00eda <strong>19 de outubro de 2022<\/strong> (hora peninsular espa\u00f1ola).[\/vc_toggle][vc_toggle title=&#8221;COMO PODO PRESENTAR A MI\u00d1A SOLICITUDE?&#8221; el_id=&#8221;1478521412678-677fc574-8b89&#8243;]A presentaci\u00f3n de solicitudes realizarase exclusivamente a trav\u00e9s da Sede electr\u00f3nica da UDC (https:\/\/sede.udc.gal\/services\/electronic_board), e ir\u00e1n dirixidas ao vicerreitorado de Pol\u00edtica Cient\u00edfica, Investigaci\u00f3n e Transferencia. As solicitudes presentadas por un sistema diferente ser\u00e1n exclu\u00eddas.[\/vc_toggle][vc_toggle title=&#8221;ONDE PODO DESCARGAR OS MODELOS PARA PRESENTAR A SOLICITUDE?&#8221; el_id=&#8221;1478521476886-7e11d2af-7f6a&#8221;]Pode descargar os modelos de solicitude no apartado de <a href=\"https:\/\/www.intalent.udc.gal\/convocatoria\/\">\u201cConvocatoria\u201d<\/a> da p\u00e1xina web do Programa InTalent.[\/vc_toggle][vc_toggle title=&#8221;EN QUE IDIOMAS PODO PRESENTAR A SOLICITUDE?&#8221; el_id=&#8221;1478521510002-c543dfa9-a4f6&#8243;]A solicitude haber\u00e1 de redactarse en ingl\u00e9s, espa\u00f1ol ou galego. Recom\u00e9ndase presentar a memoria t\u00e9cnica en ingl\u00e9s.[\/vc_toggle][vc_toggle title=&#8221;CALES SON OS CRITERIOS DE VALORACI\u00d3N?&#8221; el_id=&#8221;1478521542905-eceaa3fe-5f32&#8243;]Os criterios de valoraci\u00f3n ve\u00f1en especificados no apartado VI da convocatoria e incl\u00faen a excelencia da traxectoria cient\u00edfica, participaci\u00f3n en actividade internacional, interese e calidade das li\u00f1as de investigaci\u00f3n desenvolvidas, capacidade para liderar a s\u00faa li\u00f1a de investigaci\u00f3n e xerar novo co\u00f1ecemento, e a independencia na s\u00faa traxectoria \u00a0as\u00ed como a s\u00faa capacidade para liderar un proxecto en convocatorias dentro do programa marco \u201cHorizon Europe\u201d destacando as promovidas polo ERC ou o EIC.[\/vc_toggle][vc_toggle title=&#8221;NESTES MOMENTOS NON PERTENZO \u00c1 UDC, NECESITO QUE A MI\u00d1A SOLICITUDE ESTEA AVALADA POR ALG\u00daN GRUPO OU INVESTIGADOR DA UDC?&#8221; el_id=&#8221;1478521587928-68fdd3fd-62c7&#8243;]Non. NON \u00e9 necesaria ningunha carta de aceptaci\u00f3n, titor nin vinculaci\u00f3n con grupo de investigaci\u00f3n ou investigador da UDC. Os beneficiarios libremente poder\u00e1n establecer as colaboraci\u00f3ns que estimen oportunas cos grupos da UDC ou con investigadores doutras universidades. O \u00fanico requisito \u00e9 que desenvolvan o seu proxecto na UDC.[\/vc_toggle][vc_toggle title=&#8221;QUEN AVAL\u00cdA OS PROXECTOS?&#8221; el_id=&#8221;1478521623973-720d4ae6-fd68&#8243;]A avaliaci\u00f3n das solicitudes ser\u00e1 realizada dacordo con os criterios establecidos por unha Comisi\u00f3n de Avaliaci\u00f3n presidida polo vicerreitor de Pol\u00edtica Cient\u00edfica, Investigaci\u00f3n e Transferencia e expertos de reco\u00f1ecido prestixio da propia UDC e\/o doutras instituci\u00f3ns cient\u00edficas nomeados polo Reitor da UDC. Esta comisi\u00f3n estar\u00e1 asistida polo Coordinador Cient\u00edfico do Programa InTalent, que actuar\u00e1 sen a condici\u00f3n de membro con voz pero sen voto[\/vc_toggle][vc_toggle title=&#8221;SE RESULTO ELIXIDO, ESTOU OBRIGADO A PRESENTARME A TODAS AS CONVOCATORIAS NACIONAIS E INTERNACIONAIS DE CIENCIA EXCELENTE?&#8221; el_id=&#8221;1478521631529-576cb1e6-532c&#8221;]A convocatoria recolle a obrigaci\u00f3n de presentar a trav\u00e9s da UDC polo menos unha solicitude a unha convocatoria promovida polo ERC durante o per\u00edodo do contrato. En caso de ter \u00e9xito esa solicitude, a persoa beneficiaria deber\u00e1 desenvolver na UDC o seu proxecto. O incumprimento deste compromiso dar\u00e1 lugar \u00e1 perda de dereito \u00e1 cobranza do complemento salarial establecido nesta convocatoria e de todo o financiamento concedido na mesma; e \u00e1 obrigaci\u00f3n de reintegrar as cantidades percibidas na s\u00faa totalidade, salvo acordo espec\u00edfico entre a persoa beneficiaria e a UDC. Este requisito tam\u00e9n poder\u00e1 darse por satisfeito cando, de mutuo acordo entre a persoa solicitante e a UDC, a solicitude non se presente \u00e1s \u201cERC grants\u201d, sen\u00f3n a outra convocatoria de prestixio similar cun proxecto coordinado pola persoa solicitante.[\/vc_toggle][vc_toggle title=&#8221;QUE OUTRAS OBRIGACI\u00d3NS TE\u00d1EN AS PERSOAS BENEFICIARIAS DESTE PROGRAMA?&#8221;]<\/p>\n<div class=\"textboxes\">\n<div class=\"col_b\">\n<div class=\"textbox\">\n<div id=\"contenedor\" class=\"textarea unknown\">A convocatoria establece as obrigaci\u00f3ns \u00e1s que se comprometen os beneficiarios deste programa, tales como: cumprir coas normas e obrigaci\u00f3ns establecidas na convocatoria Ram\u00f3n e Cajal 202; desenvolver a s\u00faa li\u00f1a de investigaci\u00f3n na UDC segundo os requisitos da axuda Ram\u00f3n e Cajal; cumprir coas obrigaci\u00f3ns e normas de car\u00e1cter xeral na UDC para o seu persoal investigador; colaborar e participar nas actividades formativas e divulgativas, tanto do proxecto propio como do Programa InTalent; participar en foros e comit\u00e9s para a mellora e avaliaci\u00f3n de calquera actividade relacionada co Programa InTalent; facer menci\u00f3n expresa a Inditex e ao seu financiamento a trav\u00e9s do Programa InTalen en todas as referencias a en medios de comunicaci\u00f3n, congresos, publicaci\u00f3ns, etc. relacionados coa investigaci\u00f3n desenvolvida e presentar a trav\u00e9s da UDC polo menos unha solicitude a unha convocatoria promovida polo ERC durante o per\u00edodo do contrato<\/div>\n<\/div>\n<\/div>\n<\/div>\n<p>[\/vc_toggle][vc_toggle title=&#8221;AS PERSOAS BENEFICIARIAS DESTE PROGRAMA PODER\u00c1N SOLICITAR E SER BENEFICARIAS DO PROGRAMA \u201cBERCE PARA UDC\u201d SIMULTANEAMENTE?&#8221;]Non. As persoas beneficiarias do programa InTalent non poder\u00e1n ser tam\u00e9n beneficiarias simultaneamente do programa propio da UDC \u201cberce para RyC\u201d, a\u00ednda que ser\u00e1n de aplicaci\u00f3n directa para as persoas beneficiarias desta convocatoria aquelas medidas o programa \u201cberce para RyC\u201d que melloren o establecido neste programa.[\/vc_toggle][vc_toggle title=&#8221;ADEMAIS DO COMPLEMENTO SALARIAL, ESTE PROGRAMA ACHEGA FINANCIAMENTO PARA A LI\u00d1A DE INVESTIGACI\u00d3N DAS PERSOAS BENEFICIARIAS?&#8221;]<\/p>\n<div class=\"textboxes\">\n<div class=\"col_b\">\n<div class=\"textbox\">\n<div id=\"contenedor\" class=\"textarea unknown\">O persoal investigador seleccionado recibir\u00e1 unha axuda complementaria para o establecemento dunha li\u00f1a de investigaci\u00f3n propia, por un importe de 40.000 euros, nun pago \u00fanico e puntual tras a concesi\u00f3n. Esta axuda \u00e9 adicional \u00e1 inclu\u00edda nas axudas RyC e ten por obxectivo garantir a continuidade da actividade investigadora dos RyC que se incorporen \u00e1 UDC ata que logren captar fondos a trav\u00e9s de convocatorias competitivas, polo que est\u00e1 previsto que deban gastar estes fondos adicionais durante os dous primeiros anos do seu contrato.<\/div>\n<\/div>\n<\/div>\n<\/div>\n<p>[\/vc_toggle][vc_toggle title=&#8221;\u00bfA QU\u00c9 SE PODER\u00c1 DESTINAR LA FINANCIACI\u00d3N ADICIONAL PARA LA L\u00cdNEA DE INVESTIGACI\u00d3N QUE APORTA ESTE PROGRAMA?&#8221;]Este financiamento adicional destinarase a cubrir os gastos debidamente xustificados para: adquisici\u00f3n, alugueiro, traslado, mantemento ou reparaci\u00f3n de equipamento cient\u00edfico-t\u00e9cnico, material bibliogr\u00e1fico, material funxible, subministraci\u00f3ns e produtos similares; adaptaci\u00f3n de infraestruturas cient\u00edfico-t\u00e9cnicas; gastos de viaxes e dietas, asistencia a cursos formativos, gastos de inscrici\u00f3n e de organizaci\u00f3n de congresos, seminarios e conferencias de car\u00e1cter cient\u00edfico; custos de utilizaci\u00f3n e acceso a Infraestruturas Cient\u00edficas e T\u00e9cnicas Singulares (ICTS) inclu\u00eddas no mapa aprobado polo Consello de Pol\u00edtica Cient\u00edfica, Tecnol\u00f3xica e de Innovaci\u00f3n e grandes instalaci\u00f3ns cient\u00edficas nacionais e internacionais; custos de solicitude e outros gastos de mantemento de dereitos de propiedade industrial e intelectual derivados da actuaci\u00f3n;\u00a0 contrataci\u00f3n de persoal e gastos derivados do asesoramento e apoio t\u00e9cnico \u00e1 investigaci\u00f3n, innovaci\u00f3n e transferencia de resultados; gastos de publicaci\u00f3n e difusi\u00f3n de resultados inclu\u00eddos aqueles que puidesen derivarse da publicaci\u00f3n en revistas de acceso aberto; outros gastos directamente relacionados coa execuci\u00f3n da actividade tales como utilizaci\u00f3n de servizos centrais e xenerais de investigaci\u00f3n da entidade.[\/vc_toggle][vc_toggle title=&#8221;FUN SELECCIONADO\/A EN A PROPOSTA PROVISINAL DAS AXUDAS RAM\u00d3N E CAJAL 2021, PERO A\u00cdNDA NON SE PUBLICOU A RESOLUCI\u00d3N DEFINITIVA. PODO PRESENTARME A ESTA CONVOCATORIA?&#8221;]Dado que a data de publicaci\u00f3n desta convocatoria InTalent, non foi publicada a resoluci\u00f3n de concesi\u00f3n das axudas RyC 2021, poder\u00e1n presentarse a esta convocatoria InTalent aquelas persoas que fosen seleccionadas nas propostas provisionais das axudas RyC2021, a\u00ednda que a concesi\u00f3n definitiva das axudas correspondentes a esta convocatoria do programa InTalent quedan condicionadas \u00e1 concesi\u00f3n definitiva da axuda RyC e da formalizaci\u00f3n do seu contrato coa UDC.[\/vc_toggle][vc_toggle title=&#8221;PODO CONSEGUIR ALGUNHA AXUDA A TRAV\u00c9S DESTE PROGRAMA PARA FINANCIAR O TRASLADO E INSTALACI\u00d3N NA UDC?&#8221;]Adicionalmente ao complemento salarial e \u00e1 axuda para establecemento da li\u00f1a de investigaci\u00f3n, cada investigador\/para recibir\u00e1, nun \u00fanico pago inicial ao comezo do contrato, unha axuda asistencial de 1.000 euros brutos.[\/vc_toggle][vc_toggle title=&#8221;QUE PRAZO TE\u00d1EN OS INVESTIGADORES SELECCIONADOS PARA INCORPORARSE \u00c1 UDC?&#8221; el_id=&#8221;1478521724046-634c9cff-93f2&#8243;]Os investigadores seleccionados deber\u00e1n incorporarse \u00e1 UDC nos prazos marcados para ou inicio de contratos das axudas Ram\u00f3n e Cajal correspondentes \u00e1 convocatoria 2021.[\/vc_toggle][vc_toggle title=&#8221;ONDE PODO ATOPAR INFORMACI\u00d3N SOBRE O PROGRAMA, A CONVOCATORIA E O MODELO DE SOLICITUDE?&#8221; el_id=&#8221;1478521751431-07abf6dd-dd89&#8243;]Na p\u00e1xina web de InTalent (http:\/\/www.intalent.udc.es) pode atopar toda a informaci\u00f3n sobre este programa. Ademais no apartado de \u201cConvocatoria\u201d figura o texto desta e o modelo de solicitude. A presentaci\u00f3n de solicitudes realizarase exclusivamente a trav\u00e9s do procedemento habilitado na sede electr\u00f3nica da UDC.[\/vc_toggle][vc_toggle title=&#8221;SIGO TENDO D\u00daBIDAS, COMO PODO SOLUCIONALAS?&#8221; el_id=&#8221;1478522209368-4322514f-ccb9&#8243;]Se ten algunha d\u00fabida pode contactar connosco enviando un correo electr\u00f3nico a intalent@udc.es ou por tel\u00e9fono (+34 881 01 20 73). Tam\u00e9n \u00e9 posible manter unha reuni\u00f3n por videoconferencia, tras concretar unha cita previa a trav\u00e9s do correo electr\u00f3nico ou tel\u00e9fono.[\/vc_toggle][\/vc_column][\/vc_row]<\/p>\n","protected":false},"excerpt":{"rendered":"<p>[vc_row row_mask_bg=&#8221;&#8221; row_arrow=&#8221;&#8221; css=&#8221;.vc_custom_1474638399264{background-color: #e62686 !important;}&#8221;][vc_column width=&#8221;2\/3&#8243;][vc_custom_heading text=&#8221;QUE EST\u00c1S A BUSCAR?&#8221; font_container=&#8221;tag:h2|font_size:32px|text_align:left|color:%23ffffff|line_height:45px&#8221; google_fonts=&#8221;font_family:Lato%3A100%2C100italic%2C300%2C300italic%2Cregular%2Citalic%2C700%2C700italic%2C900%2C900italic|font_style:400%20regular%3A400%3Anormal&#8221; css=&#8221;.vc_custom_1680077994223{margin-top: 40px !important;margin-bottom: 32px !important;}&#8221;][vc_empty_space][\/vc_column][vc_column width=&#8221;1\/3&#8243;][vc_empty_space][vc_wp_search el_class=&#8221;search-in-faq&#8221;][\/vc_column][\/vc_row][vc_row el_class=&#8221;p-110-cont&#8221;][vc_column][vc_toggle title=&#8221;A QUEN SE DIRIXE<\/p>\n","protected":false},"author":1,"featured_media":0,"parent":0,"menu_order":0,"comment_status":"closed","ping_status":"closed","template":"","meta":{"footnotes":""},"_links":{"self":[{"href":"https:\/\/www.intalent.udc.gal\/gl\/wp-json\/wp\/v2\/pages\/7130"}],"collection":[{"href":"https:\/\/www.intalent.udc.gal\/gl\/wp-json\/wp\/v2\/pages"}],"about":[{"href":"https:\/\/www.intalent.udc.gal\/gl\/wp-json\/wp\/v2\/types\/page"}],"author":[{"embeddable":true,"href":"https:\/\/www.intalent.udc.gal\/gl\/wp-json\/wp\/v2\/users\/1"}],"replies":[{"embeddable":true,"href":"https:\/\/www.intalent.udc.gal\/gl\/wp-json\/wp\/v2\/comments?post=7130"}],"version-history":[{"count":3,"href":"https:\/\/www.intalent.udc.gal\/gl\/wp-json\/wp\/v2\/pages\/7130\/revisions"}],"predecessor-version":[{"id":9017,"href":"https:\/\/www.intalent.udc.gal\/gl\/wp-json\/wp\/v2\/pages\/7130\/revisions\/9017"}],"wp:attachment":[{"href":"https:\/\/www.intalent.udc.gal\/gl\/wp-json\/wp\/v2\/media?parent=7130"}],"curies":[{"name":"wp","href":"https:\/\/api.w.org\/{rel}","templated":true}]}}