{"id":7132,"date":"2016-09-22T21:37:34","date_gmt":"2016-09-22T21:37:34","guid":{"rendered":"http:\/\/www.intalent.udc.es\/erc-grants\/"},"modified":"2016-09-22T21:37:34","modified_gmt":"2016-09-22T21:37:34","slug":"erc-grants","status":"publish","type":"page","link":"https:\/\/www.intalent.udc.gal\/gl\/erc-grants\/","title":{"rendered":"ERC Grants"},"content":{"rendered":"<p>[vc_row][vc_column][vc_empty_space][\/vc_column][\/vc_row][vc_row full_width=&#8221;1&#8243; row_mask_bg=&#8221;&#8221; row_arrow=&#8221;&#8221; css=&#8221;.vc_custom_1474038593031{margin-bottom: 0px !important;}&#8221;][vc_column css_animation=&#8221;cms_animate wow fadeInRight&#8221; el_class=&#8221;left-50&#8243; offset=&#8221;vc_col-lg-6 vc_col-md-6&#8243;][vc_row_inner][vc_column_inner column_max_width=&#8221;1&#8243; equal_height=&#8221;1&#8243;][vc_custom_heading text=&#8221;Fomento|da investigaci\u00f3n&#8221; font_container=&#8221;tag:h2|font_size:45px|text_align:left|line_height:1&#8243; google_fonts=&#8221;font_family:Lato%3A100%2C100italic%2C300%2C300italic%2Cregular%2Citalic%2C700%2C700italic%2C900%2C900italic|font_style:300%20light%20regular%3A300%3Anormal&#8221; cms_custom_headding_type=&#8221;heading-underline-textbold&#8221; css=&#8221;.vc_custom_1476351744700{margin-bottom: 0px !important;}&#8221;][vc_column_text css=&#8221;.vc_custom_1476351904378{margin-top: 30px !important;margin-bottom: 0px !important;}&#8221;]O principal obxectivo do <span style=\"color: #e62686;\">Consello Europeo de Investigaci\u00f3n (ERC)<\/span> \u00e9 fomentar a investigaci\u00f3n de alta calidade en Europa financiando proxectos a longo prazo mediante convocatorias competitivas. As ERC Grants apoian investigadores individuais de calquera nacionalidade e idade que desexen continuar a s\u00faa investigaci\u00f3n en ciencia excelente.[\/vc_column_text][\/vc_column_inner][\/vc_row_inner][\/vc_column][vc_column el_class=&#8221;col-md-pull-6&#8243; offset=&#8221;vc_col-lg-6 vc_col-md-6&#8243;][vc_single_image image=&#8221;5213&#8243; img_size=&#8221;&#8221; alignment=&#8221;right&#8221; vc_none_hover_effect=&#8221;&#8221; equal_height=&#8221;1&#8243; vc_set_img_bg=&#8221;true&#8221;][\/vc_column][\/vc_row][vc_row][vc_column width=&#8221;1\/2&#8243;][vc_column_text]<\/p>\n<h2><span style=\"color: #e62686;\">ERC Starting Grants (StG)<\/span><\/h2>\n<p>As Starting Grants est\u00e1n dese\u00f1adas para apoiar investigadores excelentes en posesi\u00f3n do t\u00edtulo de doutor cunha antig\u00fcidade de entre dous e sete anos e que est\u00e1n empezando a s\u00faa propia li\u00f1a de investigaci\u00f3n independente e queiran formar o seu propio equipo.<\/p>\n<h2><span style=\"color: #e62686;\">ERC Consolidator Grants (CoG)<\/span><\/h2>\n<p>As Consolidator Grants est\u00e1n dese\u00f1adas para apoiar investigadores excelentes en posesi\u00f3n do t\u00edtulo de doutor cunha antig\u00fcidade de entre sete e doce anos e que est\u00e1n consolidando o seu propio equipo e li\u00f1a de investigaci\u00f3n independente.[\/vc_column_text][\/vc_column][vc_column width=&#8221;1\/2&#8243;][vc_column_text]<\/p>\n<h2><span style=\"color: #e62686;\">ERC Advanced Grants (AdG)<\/span><\/h2>\n<p>As Advanced Grants est\u00e1n dese\u00f1adas para apoiar investigadores excelentes s\u00e9nior con, polo menos, dez anos de experiencia e que presenten propostas innovadoras, ambiciosas e na fronteira do co\u00f1ecemento.[\/vc_column_text][vc_row_inner][vc_column_inner width=&#8221;1\/3&#8243;][\/vc_column_inner][vc_column_inner width=&#8221;1\/3&#8243;][vc_single_image image=&#8221;3782&#8243; img_size=&#8221;full&#8221; onclick=&#8221;custom_link&#8221; img_link_target=&#8221;_blank&#8221; vc_none_hover_effect=&#8221;&#8221; link=&#8221;https:\/\/erc.europa.eu&#8221;][\/vc_column_inner][vc_column_inner width=&#8221;1\/3&#8243;][\/vc_column_inner][\/vc_row_inner][\/vc_column][vc_column][vc_empty_space][vc_btn title=&#8221;Saber m\u00e1is&#8221; color=&#8221;teal&#8221; align=&#8221;center&#8221; link=&#8221;url:https%3A%2F%2Ferc.europa.eu||target:%20_blank|&#8221;][vc_empty_space][\/vc_column][vc_column][vc_single_image image=&#8221;5165&#8243; img_size=&#8221;full&#8221; alignment=&#8221;center&#8221; onclick=&#8221;custom_link&#8221; vc_none_hover_effect=&#8221;&#8221; link=&#8221;mailto:intalent@udc.es&#8221;][vc_empty_space][\/vc_column][\/vc_row]<\/p>\n","protected":false},"excerpt":{"rendered":"<p>[vc_row][vc_column][vc_empty_space][\/vc_column][\/vc_row][vc_row full_width=&#8221;1&#8243; row_mask_bg=&#8221;&#8221; row_arrow=&#8221;&#8221; css=&#8221;.vc_custom_1474038593031{margin-bottom: 0px !important;}&#8221;][vc_column css_animation=&#8221;cms_animate wow fadeInRight&#8221; el_class=&#8221;left-50&#8243; offset=&#8221;vc_col-lg-6 vc_col-md-6&#8243;][vc_row_inner][vc_column_inner column_max_width=&#8221;1&#8243; equal_height=&#8221;1&#8243;][vc_custom_heading text=&#8221;Fomento|da investigaci\u00f3n&#8221; font_container=&#8221;tag:h2|font_size:45px|text_align:left|line_height:1&#8243; google_fonts=&#8221;font_family:Lato%3A100%2C100italic%2C300%2C300italic%2Cregular%2Citalic%2C700%2C700italic%2C900%2C900italic|font_style:300%20light%20regular%3A300%3Anormal&#8221; cms_custom_headding_type=&#8221;heading-underline-textbold&#8221; css=&#8221;.vc_custom_1476351744700{margin-bottom: 0px !important;}&#8221;][vc_column_text css=&#8221;.vc_custom_1476351904378{margin-top: 30px<\/p>\n","protected":false},"author":1,"featured_media":7128,"parent":0,"menu_order":0,"comment_status":"closed","ping_status":"closed","template":"","meta":{"footnotes":""},"_links":{"self":[{"href":"https:\/\/www.intalent.udc.gal\/gl\/wp-json\/wp\/v2\/pages\/7132"}],"collection":[{"href":"https:\/\/www.intalent.udc.gal\/gl\/wp-json\/wp\/v2\/pages"}],"about":[{"href":"https:\/\/www.intalent.udc.gal\/gl\/wp-json\/wp\/v2\/types\/page"}],"author":[{"embeddable":true,"href":"https:\/\/www.intalent.udc.gal\/gl\/wp-json\/wp\/v2\/users\/1"}],"replies":[{"embeddable":true,"href":"https:\/\/www.intalent.udc.gal\/gl\/wp-json\/wp\/v2\/comments?post=7132"}],"version-history":[{"count":0,"href":"https:\/\/www.intalent.udc.gal\/gl\/wp-json\/wp\/v2\/pages\/7132\/revisions"}],"wp:featuredmedia":[{"embeddable":true,"href":"https:\/\/www.intalent.udc.gal\/gl\/wp-json\/wp\/v2\/media\/7128"}],"wp:attachment":[{"href":"https:\/\/www.intalent.udc.gal\/gl\/wp-json\/wp\/v2\/media?parent=7132"}],"curies":[{"name":"wp","href":"https:\/\/api.w.org\/{rel}","templated":true}]}}