{"id":7134,"date":"2016-09-23T08:23:40","date_gmt":"2016-09-23T08:23:40","guid":{"rendered":"http:\/\/www.intalent.udc.es\/economia\/"},"modified":"2016-09-23T08:23:40","modified_gmt":"2016-09-23T08:23:40","slug":"economia","status":"publish","type":"page","link":"https:\/\/www.intalent.udc.gal\/gl\/economia\/","title":{"rendered":"ECONOM\u00cdA &#038; RECURSOS"},"content":{"rendered":"<p>[vc_row][vc_column][vc_empty_space][vc_row_inner][vc_column_inner width=&#8221;1\/2&#8243;][vc_custom_heading text=&#8221;Recursos|e oportunidades&#8221; font_container=&#8221;tag:h2|font_size:45px|text_align:left|line_height:1&#8243; google_fonts=&#8221;font_family:Lato%3A100%2C100italic%2C300%2C300italic%2Cregular%2Citalic%2C700%2C700italic%2C900%2C900italic|font_style:300%20light%20regular%3A300%3Anormal&#8221; cms_custom_headding_type=&#8221;heading-underline-textbold&#8221; css=&#8221;.vc_custom_1476345566035{margin-bottom: 0px !important;}&#8221;][\/vc_column_inner][vc_column_inner width=&#8221;1\/2&#8243;][\/vc_column_inner][\/vc_row_inner][\/vc_column][\/vc_row][vc_row el_class=&#8221;p-140-cont pb-0&#8243; css=&#8221;.vc_custom_1440583825981{margin-bottom: 0px !important;}&#8221;][vc_column][vc_single_image image=&#8221;3830&#8243; img_size=&#8221;1264&#215;300&#8243; alignment=&#8221;center&#8221; vc_none_hover_effect=&#8221;&#8221; css=&#8221;.vc_custom_1474619690818{margin-bottom: 50px !important;}&#8221;][\/vc_column][\/vc_row][vc_row el_class=&#8221;p-140-cont pb-0&#8243; css=&#8221;.vc_custom_1440583825981{margin-bottom: 0px !important;}&#8221;][vc_column width=&#8221;5\/6&#8243;][vc_custom_heading text=&#8221;Territorio|conectado&#8221; font_container=&#8221;tag:h2|font_size:45px|text_align:left|line_height:1&#8243; google_fonts=&#8221;font_family:Lato%3A100%2C100italic%2C300%2C300italic%2Cregular%2Citalic%2C700%2C700italic%2C900%2C900italic|font_style:300%20light%20regular%3A300%3Anormal&#8221; cms_custom_headding_type=&#8221;heading-underline-textbold&#8221; css=&#8221;.vc_custom_1475677909213{margin-bottom: 0px !important;}&#8221;][\/vc_column][vc_column width=&#8221;1\/6&#8243;][vc_single_image image=&#8221;4100&#8243; img_size=&#8221;full&#8221; alignment=&#8221;center&#8221; vc_none_hover_effect=&#8221;&#8221;][\/vc_column][\/vc_row][vc_row el_class=&#8221;p-140-cont pb-0&#8243; css=&#8221;.vc_custom_1440583825981{margin-bottom: 0px !important;}&#8221;][vc_column][vc_row_inner][vc_column_inner width=&#8221;1\/3&#8243;][vc_column_text]<\/p>\n<h2><span style=\"color: #e62686;\">Portos<\/span><\/h2>\n<p>Tanto o porto da Coru\u00f1a como o de Ferrol est\u00e1n situados nas principais rutas de transporte mar\u00edtimo internacional entre Europa, Am\u00e9rica e Asia. Est\u00e1n especializados en carga e descarga de artigos a granel, produtos pesqueiros e mercador\u00eda xeral diversa, ademais de contar con li\u00f1as regulares Feeder e actividade de cruceiros. C\u00f3mpre sinalar que son dos primeiros de Espa\u00f1a en descargas, tanto de peixe fresco como conxelado.[\/vc_column_text][\/vc_column_inner][vc_column_inner width=&#8221;1\/3&#8243;][vc_column_text]<\/p>\n<h2><span style=\"color: #e62686;\">Aeroportos<\/span><\/h2>\n<p>A Coru\u00f1a conta cun aeroporto comunitario de car\u00e1cter internacional. Moi pr\u00f3ximos at\u00f3panse os de Santiago de Compostela e Vigo. Actualmente os tres aeroportos galegos te\u00f1en varios voos diarios coas principais cidades espa\u00f1olas, as\u00ed como diversas conexi\u00f3ns internacionais directas.[\/vc_column_text][\/vc_column_inner][vc_column_inner width=&#8221;1\/3&#8243;][vc_column_text]<\/p>\n<h2><span style=\"color: #e62686;\">Rede viaria e ferroviaria<\/span><\/h2>\n<p>A zona conta cunha moderna rede de estradas que articula internamente a comunidade e que a une co resto do pa\u00eds.<\/p>\n<p>Na actualidade o ferrocarril conecta entre si as principais cidades galegas e comunica Galicia co resto de Espa\u00f1a e Portugal.[\/vc_column_text][\/vc_column_inner][\/vc_row_inner][vc_empty_space][\/vc_column][\/vc_row][vc_row row_mask_bg=&#8221;&#8221; row_arrow=&#8221;&#8221; css=&#8221;.vc_custom_1475682718476{background-color: #efefef !important;}&#8221;][vc_column][vc_empty_space][vc_row_inner][vc_column_inner width=&#8221;5\/6&#8243;][vc_custom_heading text=&#8221;Poder|adquisitivo&#8221; font_container=&#8221;tag:h2|font_size:45px|text_align:left|line_height:1&#8243; google_fonts=&#8221;font_family:Lato%3A100%2C100italic%2C300%2C300italic%2Cregular%2Citalic%2C700%2C700italic%2C900%2C900italic|font_style:300%20light%20regular%3A300%3Anormal&#8221; cms_custom_headding_type=&#8221;heading-underline-textbold&#8221; css=&#8221;.vc_custom_1475679230405{margin-bottom: 0px !important;}&#8221;][\/vc_column_inner][vc_column_inner width=&#8221;1\/6&#8243;][vc_single_image image=&#8221;3827&#8243; img_size=&#8221;full&#8221; alignment=&#8221;center&#8221; vc_none_hover_effect=&#8221;&#8221;][\/vc_column_inner][\/vc_row_inner][vc_row_inner][vc_column_inner width=&#8221;1\/2&#8243;][vc_column_text]<\/p>\n<h2><span style=\"color: #e62686;\">Vivenda<\/span><\/h2>\n<p>O prezo do alugueiro en Galicia \u00e9 un 23% m\u00e1is baixo que a media nacional, segundo datos de 2016 dun dos principais portais inmobiliarios.<\/p>\n<p>Concretamente, o prezo medio da vivenda en alugueiro na Coru\u00f1a sit\u00faase arredor dos 620 \u20ac, mentres que en Ferrol baixa ata os 36o \u20ac aproximadamente, medias que poder\u00e1n baixar se non temos en conta os arrendamentos vacacionais ou se ampliamos a nosa busca f\u00f3ra dos principais n\u00facleos.[\/vc_column_text][\/vc_column_inner][vc_column_inner width=&#8221;1\/2&#8243;][vc_column_text]<\/p>\n<h2><span style=\"color: #e62686;\">Custo da vida<br \/>\n<\/span><\/h2>\n<p>Tendo en conta factores como o custo dos alimentos, a vivenda ou o nivel de vida, unha listaxe realizada por MoveHub d\u00e1lle a Espa\u00f1a 65,70 puntos, tomando Nova York (100) como indicador xeral. Este indicador sit\u00faa o custo da vida en Espa\u00f1a moi por debaixo da media de Europa Occidental.[\/vc_column_text][\/vc_column_inner][\/vc_row_inner][vc_empty_space][\/vc_column][\/vc_row][vc_row][vc_column width=&#8221;5\/6&#8243;][vc_empty_space][vc_custom_heading text=&#8221;Datos|econ\u00f3micos&#8221; font_container=&#8221;tag:h2|font_size:45px|text_align:left|line_height:1&#8243; google_fonts=&#8221;font_family:Lato%3A100%2C100italic%2C300%2C300italic%2Cregular%2Citalic%2C700%2C700italic%2C900%2C900italic|font_style:300%20light%20regular%3A300%3Anormal&#8221; cms_custom_headding_type=&#8221;heading-underline-textbold&#8221; css=&#8221;.vc_custom_1475680076932{margin-bottom: 0px !important;}&#8221;][vc_column_text]<\/p>\n<ul class=\"rss\">\n<li>A Coru\u00f1a obt\u00e9n unha taxa de crecemento do 5,48%<\/li>\n<li>O sector que xera m\u00e1is valor engadido \u00e9 o vinculado ao sistema produtivo do t\u00e9xtil, confecci\u00f3n e moda, cifra vinculada directamente \u00e1 presenza do grupo Inditex<\/li>\n<li>A comarca da Coru\u00f1a xerou o 44,96 % do VAB total galego<\/li>\n<li>Os sectores con maiores incrementos de valor engadido bruto son os de<br \/>\nservizos t\u00e9cnicos de enxe\u00f1ar\u00eda, elaboraci\u00f3n de bebidas alcoh\u00f3licas, ag\u00e1s vi\u00f1o, e dese\u00f1o especializado<\/li>\n<li>Taxas de crecemento continuado desde 2008<\/li>\n<\/ul>\n<p>&nbsp;<\/p>\n<p><em>Fonte: ARD\u00c1N 2016<\/em>[\/vc_column_text][vc_empty_space][\/vc_column][vc_column width=&#8221;1\/6&#8243;][vc_empty_space][vc_single_image image=&#8221;4097&#8243; img_size=&#8221;full&#8221; alignment=&#8221;center&#8221; vc_none_hover_effect=&#8221;&#8221;][\/vc_column][\/vc_row][vc_row row_mask_bg=&#8221;&#8221; row_arrow=&#8221;&#8221; css=&#8221;.vc_custom_1475682263278{background-color: #efefef !important;}&#8221;][vc_column][vc_empty_space][vc_row_inner][vc_column_inner width=&#8221;5\/6&#8243;][vc_custom_heading text=&#8221;Sector de|futuro&#8221; font_container=&#8221;tag:h2|font_size:45px|text_align:left|line_height:1&#8243; google_fonts=&#8221;font_family:Lato%3A100%2C100italic%2C300%2C300italic%2Cregular%2Citalic%2C700%2C700italic%2C900%2C900italic|font_style:300%20light%20regular%3A300%3Anormal&#8221; cms_custom_headding_type=&#8221;heading-underline-textbold&#8221; css=&#8221;.vc_custom_1475681690054{margin-bottom: 0px !important;}&#8221;][\/vc_column_inner][vc_column_inner width=&#8221;1\/6&#8243;][vc_single_image image=&#8221;4103&#8243; img_size=&#8221;full&#8221; alignment=&#8221;center&#8221; vc_none_hover_effect=&#8221;&#8221;][\/vc_column_inner][\/vc_row_inner][vc_column_text]Galicia aposta decididamente polo <span style=\"color: #e62686;\">futuro a trav\u00e9s da investigaci\u00f3n<\/span>, o desenvolvemento e a innovaci\u00f3n das s\u00faas empresas. Contamos cunha serie de centros tecnol\u00f3xicos que dan apoio t\u00e9cnico sectorial para a mellora dos seus procesos e produtos as\u00ed como para garantir uns niveis de calidade e excelencia que poidan competir con garant\u00eda de \u00e9xito nos mercados m\u00e1is esixentes do mundo.[\/vc_column_text][vc_empty_space][\/vc_column][\/vc_row][vc_row][vc_column][vc_empty_space][\/vc_column][\/vc_row]<\/p>\n","protected":false},"excerpt":{"rendered":"<p>[vc_row][vc_column][vc_empty_space][vc_row_inner][vc_column_inner width=&#8221;1\/2&#8243;][vc_custom_heading text=&#8221;Recursos|e oportunidades&#8221; font_container=&#8221;tag:h2|font_size:45px|text_align:left|line_height:1&#8243; google_fonts=&#8221;font_family:Lato%3A100%2C100italic%2C300%2C300italic%2Cregular%2Citalic%2C700%2C700italic%2C900%2C900italic|font_style:300%20light%20regular%3A300%3Anormal&#8221; cms_custom_headding_type=&#8221;heading-underline-textbold&#8221; css=&#8221;.vc_custom_1476345566035{margin-bottom: 0px !important;}&#8221;][\/vc_column_inner][vc_column_inner width=&#8221;1\/2&#8243;][\/vc_column_inner][\/vc_row_inner][\/vc_column][\/vc_row][vc_row el_class=&#8221;p-140-cont pb-0&#8243; css=&#8221;.vc_custom_1440583825981{margin-bottom: 0px !important;}&#8221;][vc_column][vc_single_image image=&#8221;3830&#8243; img_size=&#8221;1264&#215;300&#8243; alignment=&#8221;center&#8221; vc_none_hover_effect=&#8221;&#8221; css=&#8221;.vc_custom_1474619690818{margin-bottom: 50px !important;}&#8221;][\/vc_column][\/vc_row][vc_row el_class=&#8221;p-140-cont pb-0&#8243;<\/p>\n","protected":false},"author":1,"featured_media":0,"parent":0,"menu_order":0,"comment_status":"closed","ping_status":"closed","template":"","meta":{"footnotes":""},"_links":{"self":[{"href":"https:\/\/www.intalent.udc.gal\/gl\/wp-json\/wp\/v2\/pages\/7134"}],"collection":[{"href":"https:\/\/www.intalent.udc.gal\/gl\/wp-json\/wp\/v2\/pages"}],"about":[{"href":"https:\/\/www.intalent.udc.gal\/gl\/wp-json\/wp\/v2\/types\/page"}],"author":[{"embeddable":true,"href":"https:\/\/www.intalent.udc.gal\/gl\/wp-json\/wp\/v2\/users\/1"}],"replies":[{"embeddable":true,"href":"https:\/\/www.intalent.udc.gal\/gl\/wp-json\/wp\/v2\/comments?post=7134"}],"version-history":[{"count":0,"href":"https:\/\/www.intalent.udc.gal\/gl\/wp-json\/wp\/v2\/pages\/7134\/revisions"}],"wp:attachment":[{"href":"https:\/\/www.intalent.udc.gal\/gl\/wp-json\/wp\/v2\/media?parent=7134"}],"curies":[{"name":"wp","href":"https:\/\/api.w.org\/{rel}","templated":true}]}}