{"id":7137,"date":"2016-09-16T16:00:56","date_gmt":"2016-09-16T14:00:56","guid":{"rendered":"http:\/\/www.intalent.udc.es\/convocatoria\/"},"modified":"2025-12-03T13:58:03","modified_gmt":"2025-12-03T12:58:03","slug":"convocatoria","status":"publish","type":"page","link":"https:\/\/www.intalent.udc.gal\/gl\/convocatoria\/","title":{"rendered":"CONVOCATORIAS"},"content":{"rendered":"<p>[vc_row el_class=&#8221;p-140-cont pb-0&#8243; css=&#8221;.vc_custom_1440583825981{margin-bottom: 0px !important;}&#8221;][vc_column][vc_empty_space][vc_column_text]<span style=\"color: #000000;\">O programa InTalent est\u00e1 dirixido a persoal investigador de calquera nacionalidade beneficiario dunha axuda de ciencia excelente. As axudas de ciencia excelente son aquelas pertencentes a programas de financiamento p\u00fablico ou privado, de alto prestixio nacional ou internacional, que financian a carreira investigadora dos cient\u00edficos solicitantes nun organismo p\u00fablico de investigaci\u00f3n.<\/span><\/p>\n<p><span style=\"color: #000000;\">Polo tanto, para poder formar parte do programa, \u00e9 requisito que a persoa candidata te\u00f1a obtido unha axuda de ciencia excelente.<\/span>[\/vc_column_text][vc_row_inner][vc_column_inner width=&#8221;1\/2&#8243;][vc_custom_heading text=&#8221;CONVOCATORIAS 2\u00aa EDICI\u00d3N&#8221; font_container=&#8221;tag:h2|font_size:45px|text_align:left|line_height:1&#8243; google_fonts=&#8221;font_family:Lato%3A100%2C100italic%2C300%2C300italic%2Cregular%2Citalic%2C700%2C700italic%2C900%2C900italic|font_style:300%20light%20regular%3A300%3Anormal&#8221; cms_custom_headding_type=&#8221;heading-borderleft-textbold&#8221; css=&#8221;.vc_custom_1764687140795{margin-bottom: 0px !important;}&#8221;][\/vc_column_inner][vc_column_inner width=&#8221;1\/2&#8243;][\/vc_column_inner][\/vc_row_inner][vc_empty_space][\/vc_column][\/vc_row][vc_row row_mask_bg=&#8221;&#8221; row_arrow=&#8221;&#8221; css=&#8221;.vc_custom_1666281508759{background-color: #efefef !important;}&#8221; el_class=&#8221;p-140-cont pb-0&#8243;][vc_column width=&#8221;1\/2&#8243;][vc_column_text]<\/p>\n<h2 style=\"text-align: center;\"><span style=\"color: #e42184;\">Convocatoria 2022<br \/>\n<\/span><\/h2>\n<p>[\/vc_column_text][\/vc_column][vc_column width=&#8221;1\/2&#8243;][vc_empty_space][vc_column_text]<strong>APOIO \u00c1 CAPTACI\u00d3N DE PERSONAL INVESTIGADOR \u201cRAM\u00d3N Y CAJAL\u201d<\/strong>[\/vc_column_text][\/vc_column][\/vc_row][vc_row row_mask_bg=&#8221;&#8221; row_arrow=&#8221;&#8221; css=&#8221;.vc_custom_1666281508759{background-color: #efefef !important;}&#8221; el_class=&#8221;p-140-cont pb-0&#8243;][vc_column width=&#8221;1\/2&#8243;][vc_column_text]<\/p>\n<h2 style=\"text-align: center;\"><span style=\"color: #e42184;\">Convocatoria 2023<br \/>\n<\/span><\/h2>\n<p>[\/vc_column_text][\/vc_column][vc_column width=&#8221;1\/2&#8243;][vc_empty_space][vc_column_text]<strong>APOIO \u00c1 CAPTACI\u00d3N DE PERSONAL INVESTIGADOR \u201cERC\u201d<\/strong>[\/vc_column_text][\/vc_column][\/vc_row][vc_row row_mask_bg=&#8221;&#8221; row_arrow=&#8221;&#8221; css=&#8221;.vc_custom_1666281508759{background-color: #efefef !important;}&#8221; el_class=&#8221;p-140-cont pb-0&#8243;][vc_column width=&#8221;1\/2&#8243;][vc_column_text]<\/p>\n<h2 style=\"text-align: center;\"><span style=\"color: #e42184;\">Convocatoria 2024<br \/>\n<\/span><\/h2>\n<p>[\/vc_column_text][\/vc_column][vc_column width=&#8221;1\/2&#8243;][vc_empty_space][vc_column_text]<strong>APOIO \u00c1 CAPTACI\u00d3N DE PERSONAL INVESTIGADOR \u201cRAM\u00d3N Y CAJAL\u201d<\/strong>[\/vc_column_text][\/vc_column][\/vc_row][vc_row row_mask_bg=&#8221;&#8221; row_arrow=&#8221;&#8221; css=&#8221;.vc_custom_1666281508759{background-color: #efefef !important;}&#8221; el_class=&#8221;p-140-cont pb-0&#8243;][vc_column width=&#8221;1\/2&#8243;][vc_column_text]<\/p>\n<h2 style=\"text-align: center;\"><span style=\"color: #e42184;\">Convocatoria 2025<br \/>\n<\/span><\/h2>\n<p>[\/vc_column_text][\/vc_column][vc_column width=&#8221;1\/2&#8243;][vc_empty_space][vc_column_text]<strong>APOIO \u00c1 CAPTACI\u00d3N DE PERSONAL PROGRAMA \u201cATRAE\u201d<\/strong>[\/vc_column_text][vc_column_text]<strong>APOIO \u00c1 CAPTACI\u00d3N DE PERSONAL INVESTIGADOR \u201cERC\u201d<\/strong>[\/vc_column_text][vc_empty_space][\/vc_column][\/vc_row][vc_row row_mask_bg=&#8221;&#8221; row_arrow=&#8221;&#8221; el_class=&#8221;pt-80-b-50-cont&#8221; css=&#8221;.vc_custom_1474041011359{margin-top: 40px !important;background-color: #b1b3b4 !important;}&#8221;][vc_column width=&#8221;1\/2&#8243; css=&#8221;.vc_custom_1440860401285{padding-bottom: 30px !important;}&#8221; offset=&#8221;vc_col-lg-9 vc_col-md-9&#8243;][vc_column_text css=&#8221;.vc_custom_1474575381726{margin-bottom: 0px !important;}&#8221;]<\/p>\n<div class=\"post-container\">\n<div class=\"post-thumb\"><\/div>\n<p><span style=\"color: #e42184; font-weight: bold; font-size: 16px;\">Xuntos hacia o progreso<\/span><\/p>\n<p><span style=\"color: #ffffff; font-size: 14px;\">Unha universidade moderna que traballa pola excelencia cient\u00edfica<\/span><\/p>\n<\/div>\n<p>[\/vc_column_text][\/vc_column][vc_column width=&#8221;1\/2&#8243; css=&#8221;.vc_custom_1474040970653{margin-top: 7px !important;padding-bottom: 30px !important;}&#8221; offset=&#8221;vc_col-lg-3 vc_col-md-3&#8243;][vc_btn title=&#8221;Solicitar&#8221; color=&#8221;teal&#8221; align=&#8221;center&#8221; link=&#8221;url:%2Fsolicitudes|||&#8221; el_class=&#8221;.rosabuttom&#8221;][\/vc_column][\/vc_row]<\/p>\n","protected":false},"excerpt":{"rendered":"<p>[vc_row el_class=&#8221;p-140-cont pb-0&#8243; css=&#8221;.vc_custom_1440583825981{margin-bottom: 0px !important;}&#8221;][vc_column][vc_empty_space][vc_column_text]O programa InTalent est\u00e1 dirixido a persoal investigador de calquera nacionalidade beneficiario dunha axuda de ciencia excelente. As axudas de<\/p>\n","protected":false},"author":1,"featured_media":7139,"parent":0,"menu_order":0,"comment_status":"closed","ping_status":"closed","template":"","meta":{"footnotes":""},"_links":{"self":[{"href":"https:\/\/www.intalent.udc.gal\/gl\/wp-json\/wp\/v2\/pages\/7137"}],"collection":[{"href":"https:\/\/www.intalent.udc.gal\/gl\/wp-json\/wp\/v2\/pages"}],"about":[{"href":"https:\/\/www.intalent.udc.gal\/gl\/wp-json\/wp\/v2\/types\/page"}],"author":[{"embeddable":true,"href":"https:\/\/www.intalent.udc.gal\/gl\/wp-json\/wp\/v2\/users\/1"}],"replies":[{"embeddable":true,"href":"https:\/\/www.intalent.udc.gal\/gl\/wp-json\/wp\/v2\/comments?post=7137"}],"version-history":[{"count":16,"href":"https:\/\/www.intalent.udc.gal\/gl\/wp-json\/wp\/v2\/pages\/7137\/revisions"}],"predecessor-version":[{"id":9626,"href":"https:\/\/www.intalent.udc.gal\/gl\/wp-json\/wp\/v2\/pages\/7137\/revisions\/9626"}],"wp:featuredmedia":[{"embeddable":true,"href":"https:\/\/www.intalent.udc.gal\/gl\/wp-json\/wp\/v2\/media\/7139"}],"wp:attachment":[{"href":"https:\/\/www.intalent.udc.gal\/gl\/wp-json\/wp\/v2\/media?parent=7137"}],"curies":[{"name":"wp","href":"https:\/\/api.w.org\/{rel}","templated":true}]}}