{"id":7141,"date":"2016-09-23T11:30:47","date_gmt":"2016-09-23T11:30:47","guid":{"rendered":"http:\/\/www.intalent.udc.es\/centros-tecnoloxicos\/"},"modified":"2023-02-15T14:36:40","modified_gmt":"2023-02-15T13:36:40","slug":"centros-tecnoloxicos","status":"publish","type":"page","link":"https:\/\/www.intalent.udc.gal\/gl\/centros-tecnoloxicos\/","title":{"rendered":"CENTROS TECNOL\u00d3XICOS"},"content":{"rendered":"<p>[vc_row el_class=&#8221;p-140-cont pb-0&#8243; css=&#8221;.vc_custom_1440583825981{margin-bottom: 0px !important;}&#8221;][vc_column width=&#8221;1\/3&#8243;][vc_custom_heading text=&#8221;Progreso &amp;|innovaci\u00f3n&#8221; font_container=&#8221;tag:h2|font_size:45px|text_align:left|line_height:1&#8243; google_fonts=&#8221;font_family:Lato%3A100%2C100italic%2C300%2C300italic%2Cregular%2Citalic%2C700%2C700italic%2C900%2C900italic|font_style:300%20light%20regular%3A300%3Anormal&#8221; cms_custom_headding_type=&#8221;heading-borderleft-textbold&#8221; css=&#8221;.vc_custom_1474630336609{margin-bottom: 0px !important;}&#8221;][\/vc_column][vc_column width=&#8221;2\/3&#8243;][vc_column_text]A Universidade da Coru\u00f1a contrib\u00fae ao progreso e \u00e1 innovaci\u00f3n coa posta en marcha de diversos centros tecnol\u00f3xicos que se converter\u00e1n no departamento de I+D+i das empresas. Os centros tecnol\u00f3xicos est\u00e1n repartidos entre os campus de Elvi\u00f1a e de Ferrol. Este proxecto, que xa \u00e9 unha realidade apoiada de forma decidida tanto polas administraci\u00f3ns p\u00fablicas como polo sector empresarial, posibilitar\u00e1 o contacto directo entre a universidade e a empresa.[\/vc_column_text][\/vc_column][\/vc_row][vc_row][vc_column][vc_empty_space][\/vc_column][\/vc_row][vc_row row_mask_bg=&#8221;&#8221; row_arrow=&#8221;&#8221;][vc_column width=&#8221;1\/2&#8243;][vc_single_image image=&#8221;4033&#8243; img_size=&#8221;463&#215;189&#8243; alignment=&#8221;center&#8221; vc_none_hover_effect=&#8221;&#8221;][vc_column_text]<\/p>\n<h2 style=\"text-align: center;\"><span style=\"color: #e62686;\">CITEEC<\/span><\/h2>\n<p style=\"text-align: center;\"><a href=\"http:\/\/www.udc.es\/citeec\/index-gl.html\" target=\"_blank\" rel=\"noopener noreferrer\">Centro de Innovaci\u00f3n Tecnol\u00f3xica en Edificaci\u00f3n e Enxe\u00f1ar\u00eda Civil<\/a><\/p>\n<p>[\/vc_column_text][\/vc_column][vc_column width=&#8221;1\/2&#8243;][vc_single_image image=&#8221;3924&#8243; img_size=&#8221;full&#8221; alignment=&#8221;center&#8221; vc_none_hover_effect=&#8221;&#8221;][vc_column_text]<\/p>\n<h2 style=\"text-align: center;\"><span style=\"color: #e62686;\">CICA<\/span><\/h2>\n<p style=\"text-align: center;\"><a href=\"https:\/\/cica.udc.es\" target=\"_blank\" rel=\"noopener noreferrer\">Centro Interdisciplinar de Qu\u00edmica e Biolox\u00eda<\/a><\/p>\n<p>[\/vc_column_text][\/vc_column][\/vc_row][vc_row][vc_column][vc_empty_space][\/vc_column][\/vc_row][vc_row row_mask_bg=&#8221;&#8221; row_arrow=&#8221;&#8221;][vc_column width=&#8221;1\/2&#8243;][vc_single_image image=&#8221;3925&#8243; img_size=&#8221;full&#8221; alignment=&#8221;center&#8221; vc_none_hover_effect=&#8221;&#8221;][vc_column_text]<\/p>\n<h2 style=\"text-align: center;\"><span style=\"color: #e62686;\">CITIC<\/span><\/h2>\n<p style=\"text-align: center;\"><a href=\"http:\/\/www.citic.udc.es\/?locale=gl\" target=\"_blank\" rel=\"noopener noreferrer\">Centro de Investigaci\u00f3n de Tecnolox\u00edas da Informaci\u00f3n e a Comunicaci\u00f3n<\/a><\/p>\n<p>[\/vc_column_text][\/vc_column][vc_column width=&#8221;1\/2&#8243;][vc_single_image image=&#8221;3927&#8243; img_size=&#8221;full&#8221; alignment=&#8221;center&#8221; vc_none_hover_effect=&#8221;&#8221;][vc_column_text]<\/p>\n<h2 style=\"text-align: center;\"><span style=\"color: #e62686;\">CITENI<\/span><\/h2>\n<p style=\"text-align: center;\"><a href=\"http:\/\/www.udc.es\/cit\/galego\/comenzo.htm\" target=\"_blank\" rel=\"noopener noreferrer\">Centro\u00a0de Investigaci\u00f3n en Tecnolox\u00edas Navais e Industriais <\/a><\/p>\n<p>[\/vc_column_text][\/vc_column][\/vc_row]<\/p>\n","protected":false},"excerpt":{"rendered":"<p>[vc_row el_class=&#8221;p-140-cont pb-0&#8243; css=&#8221;.vc_custom_1440583825981{margin-bottom: 0px !important;}&#8221;][vc_column width=&#8221;1\/3&#8243;][vc_custom_heading text=&#8221;Progreso &amp;|innovaci\u00f3n&#8221; font_container=&#8221;tag:h2|font_size:45px|text_align:left|line_height:1&#8243; google_fonts=&#8221;font_family:Lato%3A100%2C100italic%2C300%2C300italic%2Cregular%2Citalic%2C700%2C700italic%2C900%2C900italic|font_style:300%20light%20regular%3A300%3Anormal&#8221; cms_custom_headding_type=&#8221;heading-borderleft-textbold&#8221; css=&#8221;.vc_custom_1474630336609{margin-bottom: 0px !important;}&#8221;][\/vc_column][vc_column width=&#8221;2\/3&#8243;][vc_column_text]A Universidade da Coru\u00f1a contrib\u00fae ao progreso e \u00e1 innovaci\u00f3n<\/p>\n","protected":false},"author":1,"featured_media":0,"parent":0,"menu_order":0,"comment_status":"closed","ping_status":"closed","template":"","meta":{"footnotes":""},"_links":{"self":[{"href":"https:\/\/www.intalent.udc.gal\/gl\/wp-json\/wp\/v2\/pages\/7141"}],"collection":[{"href":"https:\/\/www.intalent.udc.gal\/gl\/wp-json\/wp\/v2\/pages"}],"about":[{"href":"https:\/\/www.intalent.udc.gal\/gl\/wp-json\/wp\/v2\/types\/page"}],"author":[{"embeddable":true,"href":"https:\/\/www.intalent.udc.gal\/gl\/wp-json\/wp\/v2\/users\/1"}],"replies":[{"embeddable":true,"href":"https:\/\/www.intalent.udc.gal\/gl\/wp-json\/wp\/v2\/comments?post=7141"}],"version-history":[{"count":1,"href":"https:\/\/www.intalent.udc.gal\/gl\/wp-json\/wp\/v2\/pages\/7141\/revisions"}],"predecessor-version":[{"id":8951,"href":"https:\/\/www.intalent.udc.gal\/gl\/wp-json\/wp\/v2\/pages\/7141\/revisions\/8951"}],"wp:attachment":[{"href":"https:\/\/www.intalent.udc.gal\/gl\/wp-json\/wp\/v2\/media?parent=7141"}],"curies":[{"name":"wp","href":"https:\/\/api.w.org\/{rel}","templated":true}]}}