{"id":7143,"date":"2016-09-23T11:48:55","date_gmt":"2016-09-23T11:48:55","guid":{"rendered":"http:\/\/www.intalent.udc.es\/campus-industrial\/"},"modified":"2023-03-29T13:20:08","modified_gmt":"2023-03-29T11:20:08","slug":"campus-especializacion","status":"publish","type":"page","link":"https:\/\/www.intalent.udc.gal\/gl\/campus-especializacion\/","title":{"rendered":"CAMPUS DE ESPECIALIZACI\u00d3N"},"content":{"rendered":"<p>[vc_row el_class=&#8221;p-140-cont pb-0&#8243; css=&#8221;.vc_custom_1440583825981{margin-bottom: 0px !important;}&#8221;][vc_column width=&#8221;1\/2&#8243;][vc_custom_heading text=&#8221;Campus|Industrial&#8221; font_container=&#8221;tag:h2|font_size:45px|text_align:left|line_height:1&#8243; google_fonts=&#8221;font_family:Lato%3A100%2C100italic%2C300%2C300italic%2Cregular%2Citalic%2C700%2C700italic%2C900%2C900italic|font_style:300%20light%20regular%3A300%3Anormal&#8221; cms_custom_headding_type=&#8221;heading-borderleft-textbold&#8221; css=&#8221;.vc_custom_1680088804863{margin-bottom: 0px !important;}&#8221;][vc_empty_space][vc_column_text]<\/p>\n<div class=\"wpb_column vc_custom_column_container vc_col-sm-12 vc_col-lg-9 vc_col-md-9 cms_animate vc_custom_1440860401285\">\n<div class=\"wpb_wrapper\">\n<div class=\"vc_custom_heading vc_custom_1466153331982 \">\n<div class=\"cms-heading-inner \">O Campus Industrial de Ferrol \u00e9 unha potencialidade docente e investigadora.<\/div>\n<\/div>\n<div class=\"wpb_text_column wpb_content_element vc_custom_1466501681409\">\n<div class=\"wpb_wrapper\">\n<p>Permite aproveitar e impulsar as potencialidades da Universidade e da industria para dinamizar e crear crecemento e progreso para toda a sociedade.<\/p>\n<p>En concreto, conta con seis centros nos que se imparten once graos, sete mestrados e seis programas de doutoramento enmarcados nas d\u00faas \u00e1reas de especializaci\u00f3n que fan de Ferrol un campus singular: a naval e oce\u00e1nica e a industrial.<\/p>\n<\/div>\n<\/div>\n<\/div>\n<\/div>\n<p>[\/vc_column_text][\/vc_column][vc_column width=&#8221;1\/2&#8243;][vc_single_image image=&#8221;3912&#8243; img_size=&#8221;full&#8221; alignment=&#8221;center&#8221; vc_none_hover_effect=&#8221;&#8221;][\/vc_column][\/vc_row][vc_row][vc_column][vc_empty_space][vc_btn title=&#8221;M\u00e1is&#8221; color=&#8221;teal&#8221; link=&#8221;url:http%3A%2F%2Fcampusindustrial.udc.gal%2F||target:%20_blank|&#8221;][\/vc_column][\/vc_row][vc_row el_class=&#8221;p-140-cont pb-0&#8243; css=&#8221;.vc_custom_1440583825981{margin-bottom: 0px !important;}&#8221;][vc_column width=&#8221;1\/2&#8243;][vc_custom_heading text=&#8221;Campus|innova&#8221; font_container=&#8221;tag:h2|font_size:45px|text_align:left|line_height:1&#8243; google_fonts=&#8221;font_family:Lato%3A100%2C100italic%2C300%2C300italic%2Cregular%2Citalic%2C700%2C700italic%2C900%2C900italic|font_style:300%20light%20regular%3A300%3Anormal&#8221; cms_custom_headding_type=&#8221;heading-borderleft-textbold&#8221; css=&#8221;.vc_custom_1664803857741{margin-bottom: 0px !important;}&#8221;][vc_empty_space][vc_column_text]<\/p>\n<div class=\"wpb_column vc_custom_column_container vc_col-sm-12 vc_col-lg-9 vc_col-md-9 cms_animate vc_custom_1440860401285\">\n<div class=\"wpb_wrapper\">\n<div class=\"vc_custom_heading vc_custom_1466153331982 \">\n<div class=\"cms-heading-inner \">O Campus Innova responde o impacto da innovaci\u00f3n no crecemento econ\u00f3mico e no desenvolvemento empresarial consolidando a Universidade da Coru\u00f1a como un polo de co\u00f1ecemento de excelencia na innovaci\u00f3n dixital, tecnol\u00f3xica e human\u00edstica.<\/div>\n<\/div>\n<\/div>\n<\/div>\n<div><\/div>\n<div class=\"wpb_column vc_custom_column_container vc_col-sm-12 vc_col-lg-9 vc_col-md-9 cms_animate vc_custom_1440860401285\">\n<div class=\"wpb_wrapper\">\n<div class=\"vc_custom_heading vc_custom_1466153331982 \">\n<div>O campus innova potencia as fortalezas e os aspectos singulares que a universidade pos\u00fae ao redor das TIC, da s\u00faa hibridaci\u00f3n con outras \u00e1reas de co\u00f1ecemento, como son as humanidades ou as ciencias da vida, e do desenvolvemento de tecnolox\u00edas innovadoras en diferentes \u00e1mbitos, como a enxe\u00f1er\u00eda civil, a edificaci\u00f3n, a aeron\u00e1utica ou a biolox\u00eda avanzada.<\/div>\n<\/div>\n<\/div>\n<\/div>\n<p>[\/vc_column_text][\/vc_column][vc_column width=&#8221;1\/2&#8243;][vc_single_image image=&#8221;8767&#8243; img_size=&#8221;full&#8221; alignment=&#8221;center&#8221; vc_none_hover_effect=&#8221;&#8221;][\/vc_column][\/vc_row][vc_row][vc_column][vc_empty_space][vc_btn title=&#8221;M\u00e1is&#8221; color=&#8221;teal&#8221; link=&#8221;url:https%3A%2F%2Fwww.udc.es%2Fes%2Fcampus_innova|target:_blank&#8221;][\/vc_column][\/vc_row][vc_row el_class=&#8221;p-140-cont pb-0&#8243; css=&#8221;.vc_custom_1440583825981{margin-bottom: 0px !important;}&#8221;][vc_column width=&#8221;1\/2&#8243;][vc_custom_heading text=&#8221;Campus|sustentabilidade&#8221; font_container=&#8221;tag:h2|font_size:45px|text_align:left|line_height:1&#8243; google_fonts=&#8221;font_family:Lato%3A100%2C100italic%2C300%2C300italic%2Cregular%2Citalic%2C700%2C700italic%2C900%2C900italic|font_style:300%20light%20regular%3A300%3Anormal&#8221; cms_custom_headding_type=&#8221;heading-borderleft-textbold&#8221; css=&#8221;.vc_custom_1664804075925{margin-bottom: 0px !important;}&#8221;][vc_empty_space][vc_column_text]<\/p>\n<div class=\"wpb_column vc_custom_column_container vc_col-sm-12 vc_col-lg-9 vc_col-md-9 cms_animate vc_custom_1440860401285\">\n<div class=\"wpb_wrapper\">\n<div class=\"vc_custom_heading vc_custom_1466153331982 \">\n<div class=\"cms-heading-inner \">O Campus Sustentabilidade impulsa a excelencia no co\u00f1ecemento para a transici\u00f3n a estilos de vida sostibles que protexan os nosos recursos naturais, freen o cambio clim\u00e1tico e promovan o benestar.<\/div>\n<div><\/div>\n<div class=\"cms-heading-inner \">A Universidade da Coru\u00f1a responde as\u00ed con responsabilidade e determinaci\u00f3n aos actuais retos da nosa sociedade compromet\u00e9ndose desde os \u00e1mbitos da docencia, da investigaci\u00f3n e da transferencia de resultados, co impulso da sustentabilidade.<\/div>\n<\/div>\n<\/div>\n<\/div>\n<p>[\/vc_column_text][\/vc_column][vc_column width=&#8221;1\/2&#8243;][vc_single_image image=&#8221;8762&#8243; img_size=&#8221;full&#8221; alignment=&#8221;center&#8221; vc_none_hover_effect=&#8221;&#8221;][\/vc_column][\/vc_row][vc_row][vc_column][vc_empty_space][vc_btn title=&#8221;M\u00e1is&#8221; color=&#8221;teal&#8221; link=&#8221;url:https%3A%2F%2Fwww.udc.es%2Fes%2Fcampus_sustentabilidade|target:_blank&#8221;][\/vc_column][\/vc_row]<\/p>\n","protected":false},"excerpt":{"rendered":"<p>[vc_row el_class=&#8221;p-140-cont pb-0&#8243; css=&#8221;.vc_custom_1440583825981{margin-bottom: 0px !important;}&#8221;][vc_column width=&#8221;1\/2&#8243;][vc_custom_heading text=&#8221;Campus|Industrial&#8221; font_container=&#8221;tag:h2|font_size:45px|text_align:left|line_height:1&#8243; google_fonts=&#8221;font_family:Lato%3A100%2C100italic%2C300%2C300italic%2Cregular%2Citalic%2C700%2C700italic%2C900%2C900italic|font_style:300%20light%20regular%3A300%3Anormal&#8221; cms_custom_headding_type=&#8221;heading-borderleft-textbold&#8221; css=&#8221;.vc_custom_1680088804863{margin-bottom: 0px !important;}&#8221;][vc_empty_space][vc_column_text] O Campus Industrial de Ferrol \u00e9 unha potencialidade docente e investigadora.<\/p>\n","protected":false},"author":1,"featured_media":0,"parent":0,"menu_order":0,"comment_status":"closed","ping_status":"closed","template":"","meta":{"footnotes":""},"_links":{"self":[{"href":"https:\/\/www.intalent.udc.gal\/gl\/wp-json\/wp\/v2\/pages\/7143"}],"collection":[{"href":"https:\/\/www.intalent.udc.gal\/gl\/wp-json\/wp\/v2\/pages"}],"about":[{"href":"https:\/\/www.intalent.udc.gal\/gl\/wp-json\/wp\/v2\/types\/page"}],"author":[{"embeddable":true,"href":"https:\/\/www.intalent.udc.gal\/gl\/wp-json\/wp\/v2\/users\/1"}],"replies":[{"embeddable":true,"href":"https:\/\/www.intalent.udc.gal\/gl\/wp-json\/wp\/v2\/comments?post=7143"}],"version-history":[{"count":4,"href":"https:\/\/www.intalent.udc.gal\/gl\/wp-json\/wp\/v2\/pages\/7143\/revisions"}],"predecessor-version":[{"id":9048,"href":"https:\/\/www.intalent.udc.gal\/gl\/wp-json\/wp\/v2\/pages\/7143\/revisions\/9048"}],"wp:attachment":[{"href":"https:\/\/www.intalent.udc.gal\/gl\/wp-json\/wp\/v2\/media?parent=7143"}],"curies":[{"name":"wp","href":"https:\/\/api.w.org\/{rel}","templated":true}]}}