{"id":7144,"date":"2016-09-22T10:27:52","date_gmt":"2016-09-22T10:27:52","guid":{"rendered":"http:\/\/www.intalent.udc.es\/boletines\/"},"modified":"2016-09-22T10:27:52","modified_gmt":"2016-09-22T10:27:52","slug":"boletines","status":"publish","type":"page","link":"https:\/\/www.intalent.udc.gal\/gl\/boletines\/","title":{"rendered":"BOLET\u00cdNS"},"content":{"rendered":"<p>[vc_row][vc_column][vc_empty_space][\/vc_column][\/vc_row][vc_row row_mask_bg=&#8221;&#8221; row_arrow=&#8221;&#8221; el_class=&#8221;p-140-cont pb-0&#8243; css=&#8221;.vc_custom_1476383719404{margin-bottom: 0px !important;background-image: url(http:\/\/www.intalent.udc.es\/wp-content\/uploads\/2016\/09\/assets-03-2.png?id=3549) !important;}&#8221;][vc_column][vc_row_inner cms_row_inner_overflow=&#8221;&#8221;][vc_column_inner width=&#8221;2\/3&#8243;][vc_custom_heading text=&#8221;SUBSCRICI\u00d3N AO BOLET\u00cdN DE NOVIDADES&#8221; font_container=&#8221;tag:div|font_size:18px|text_align:left|color:%23ffffff|line_height:25px&#8221; google_fonts=&#8221;font_family:Open%20Sans%3A300%2C300italic%2Cregular%2Citalic%2C600%2C600italic%2C700%2C700italic%2C800%2C800italic|font_style:700%20bold%20regular%3A700%3Anormal&#8221; css=&#8221;.vc_custom_1476432525704{margin-bottom: 5px !important;}&#8221;][vc_column_text css=&#8221;.vc_custom_1476432587524{margin-bottom: 10px !important;}&#8221;]<span style=\"color: #ffffff;\">Deixa un nome e un enderezo de correo electr\u00f3nico onde poder recibir toda a informaci\u00f3n relevante do programa InTalent UDC-Inditex.<\/span>[\/vc_column_text][\/vc_column_inner][vc_column_inner width=&#8221;1\/3&#8243; css=&#8221;.vc_custom_1476383911195{background-color: rgba(255,255,255,0.6) !important;*background-color: rgb(255,255,255) !important;}&#8221;]\n<div class=\"wpcf7 no-js\" id=\"wpcf7-f5196-o1\" lang=\"es-ES\" dir=\"ltr\">\n<div class=\"screen-reader-response\"><p role=\"status\" aria-live=\"polite\" aria-atomic=\"true\"><\/p> <ul><\/ul><\/div>\n<form action=\"\/gl\/wp-json\/wp\/v2\/pages\/7144#wpcf7-f5196-o1\" method=\"post\" class=\"wpcf7-form init mailchimp-ext-0.5.72\" aria-label=\"Formulario de contacto\" novalidate=\"novalidate\" data-status=\"init\">\n<div style=\"display: none;\">\n<input type=\"hidden\" name=\"_wpcf7\" value=\"5196\" \/>\n<input type=\"hidden\" name=\"_wpcf7_version\" value=\"5.8.7\" \/>\n<input type=\"hidden\" name=\"_wpcf7_locale\" value=\"es_ES\" \/>\n<input type=\"hidden\" name=\"_wpcf7_unit_tag\" value=\"wpcf7-f5196-o1\" \/>\n<input type=\"hidden\" name=\"_wpcf7_container_post\" value=\"0\" \/>\n<input type=\"hidden\" name=\"_wpcf7_posted_data_hash\" value=\"\" \/>\n<\/div>\n<p><label> Nome (requirido)<br \/>\n<span class=\"wpcf7-form-control-wrap\" data-name=\"your-name\"><input size=\"40\" class=\"wpcf7-form-control wpcf7-text wpcf7-validates-as-required\" aria-required=\"true\" aria-invalid=\"false\" value=\"\" type=\"text\" name=\"your-name\" \/><\/span> <\/label>\n<\/p>\n<p><label> Correo electr\u00f3nico (requirido)<br \/>\n<span class=\"wpcf7-form-control-wrap\" data-name=\"your-email\"><input size=\"40\" class=\"wpcf7-form-control wpcf7-email wpcf7-validates-as-required wpcf7-text wpcf7-validates-as-email\" aria-required=\"true\" aria-invalid=\"false\" value=\"\" type=\"email\" name=\"your-email\" \/><\/span> <\/label>\n<\/p>\n<p><span class=\"wpcf7-form-control-wrap wpgdprc\"><span class=\"wpcf7-form-control wpcf7-wpgdprc wpcf7-validates-as-required\"><span class=\"wpcf7-list-item\"><input type=\"checkbox\" name=\"wpgdprc\" value=\"1\" aria-required=\"true\" aria-invalid=\"false\" \/><span class=\"wpcf7-list-item-label\">\u00d3 usar este formulario accedes \u00f3 almacenamento e xesti\u00f3n dos teus datos por parte desta web.<\/span><\/span><\/span>    <\/span>\n<\/p>\n<p><input class=\"wpcf7-form-control wpcf7-submit has-spinner\" type=\"submit\" value=\"Subscr\u00edbete\" \/>\n<\/p><div class=\"wpcf7-response-output\" aria-hidden=\"true\"><\/div><p style=\"display: none !important\"><span class=\"wpcf7-form-control-wrap referer-page\"><input type=\"hidden\" name=\"referer-page\" value=\"http:\/\/Direct%20Visit\" data-value=\"http:\/\/Direct%20Visit\" class=\"wpcf7-form-control wpcf7-text referer-page\" aria-invalid=\"false\"><\/span><\/p>\n<!-- Chimpmatic extension by Renzo Johnson -->\n<\/form>\n<\/div>\n[\/vc_column_inner][\/vc_row_inner][vc_empty_space height=&#8221;12px&#8221;][vc_empty_space height=&#8221;12px&#8221;][\/vc_column][\/vc_row][vc_row row_mask_bg=&#8221;&#8221; row_arrow=&#8221;&#8221; el_class=&#8221;pt-80-b-50-cont&#8221; css=&#8221;.vc_custom_1474041011359{margin-top: 40px !important;background-color: #b1b3b4 !important;}&#8221;][vc_column width=&#8221;1\/2&#8243; css=&#8221;.vc_custom_1440860401285{padding-bottom: 30px !important;}&#8221; offset=&#8221;vc_col-lg-9 vc_col-md-9&#8243;][vc_column_text css=&#8221;.vc_custom_1476343880318{margin-bottom: 0px !important;}&#8221;]<\/p>\n<div class=\"post-container\">\n<div class=\"post-thumb\"><img loading=\"lazy\" decoding=\"async\" src=\"http:\/\/www.intalent.udc.es\/wp-content\/uploads\/2016\/09\/assets-08.png\" width=\"60\" height=\"64\" \/><\/div>\n<p><span style=\"color: #e42184; font-weight: bold; font-size: 16px;\">Xuntos cara ao progreso<\/span><\/p>\n<p><span style=\"color: #ffffff; font-size: 14px;\">Unha universidade moderna que traballa pola excelencia cient\u00edfica<\/span><\/p>\n<\/div>\n<p>[\/vc_column_text][\/vc_column][vc_column width=&#8221;1\/2&#8243; css=&#8221;.vc_custom_1474040970653{margin-top: 7px !important;padding-bottom: 30px !important;}&#8221; offset=&#8221;vc_col-lg-3 vc_col-md-3&#8243;][vc_btn title=&#8221;Solicitar&#8221; color=&#8221;teal&#8221; align=&#8221;center&#8221; link=&#8221;url:http%3A%2F%2Fwww.intalent.udc.es%2Findex.php%2Fsolicitudes%2F%3Flang%3Dpt-pt|||&#8221; el_class=&#8221;.rosabuttom&#8221;][\/vc_column][\/vc_row]<\/p>\n","protected":false},"excerpt":{"rendered":"<p>[vc_row][vc_column][vc_empty_space][\/vc_column][\/vc_row][vc_row row_mask_bg=&#8221;&#8221; row_arrow=&#8221;&#8221; el_class=&#8221;p-140-cont pb-0&#8243; css=&#8221;.vc_custom_1476383719404{margin-bottom: 0px !important;background-image: url(http:\/\/www.intalent.udc.es\/wp-content\/uploads\/2016\/09\/assets-03-2.png?id=3549) !important;}&#8221;][vc_column][vc_row_inner cms_row_inner_overflow=&#8221;&#8221;][vc_column_inner width=&#8221;2\/3&#8243;][vc_custom_heading text=&#8221;SUBSCRICI\u00d3N AO BOLET\u00cdN DE NOVIDADES&#8221; font_container=&#8221;tag:div|font_size:18px|text_align:left|color:%23ffffff|line_height:25px&#8221; google_fonts=&#8221;font_family:Open%20Sans%3A300%2C300italic%2Cregular%2Citalic%2C600%2C600italic%2C700%2C700italic%2C800%2C800italic|font_style:700%20bold%20regular%3A700%3Anormal&#8221; css=&#8221;.vc_custom_1476432525704{margin-bottom: 5px !important;}&#8221;][vc_column_text css=&#8221;.vc_custom_1476432587524{margin-bottom: 10px !important;}&#8221;]Deixa<\/p>\n","protected":false},"author":1,"featured_media":0,"parent":0,"menu_order":0,"comment_status":"closed","ping_status":"closed","template":"","meta":{"footnotes":""},"_links":{"self":[{"href":"https:\/\/www.intalent.udc.gal\/gl\/wp-json\/wp\/v2\/pages\/7144"}],"collection":[{"href":"https:\/\/www.intalent.udc.gal\/gl\/wp-json\/wp\/v2\/pages"}],"about":[{"href":"https:\/\/www.intalent.udc.gal\/gl\/wp-json\/wp\/v2\/types\/page"}],"author":[{"embeddable":true,"href":"https:\/\/www.intalent.udc.gal\/gl\/wp-json\/wp\/v2\/users\/1"}],"replies":[{"embeddable":true,"href":"https:\/\/www.intalent.udc.gal\/gl\/wp-json\/wp\/v2\/comments?post=7144"}],"version-history":[{"count":0,"href":"https:\/\/www.intalent.udc.gal\/gl\/wp-json\/wp\/v2\/pages\/7144\/revisions"}],"wp:attachment":[{"href":"https:\/\/www.intalent.udc.gal\/gl\/wp-json\/wp\/v2\/media?parent=7144"}],"curies":[{"name":"wp","href":"https:\/\/api.w.org\/{rel}","templated":true}]}}