{"id":7145,"date":"2016-09-22T20:58:39","date_gmt":"2016-09-22T20:58:39","guid":{"rendered":"http:\/\/www.intalent.udc.es\/berce\/"},"modified":"2023-02-02T14:33:21","modified_gmt":"2023-02-02T13:33:21","slug":"berce","status":"publish","type":"page","link":"https:\/\/www.intalent.udc.gal\/gl\/berce\/","title":{"rendered":"BERCE"},"content":{"rendered":"<p>[vc_row][vc_column][vc_empty_space][\/vc_column][\/vc_row][vc_row full_width=&#8221;1&#8243; row_mask_bg=&#8221;&#8221; row_arrow=&#8221;&#8221; css=&#8221;.vc_custom_1474038593031{margin-bottom: 0px !important;}&#8221;][vc_column css_animation=&#8221;cms_animate wow fadeInRight&#8221; el_class=&#8221;left-50&#8243; offset=&#8221;vc_col-lg-6 vc_col-md-6&#8243;][vc_row_inner][vc_column_inner column_max_width=&#8221;1&#8243; equal_height=&#8221;1&#8243;][vc_custom_heading text=&#8221;Internacionalizaci\u00f3n|e excelencia&#8221; font_container=&#8221;tag:h2|font_size:45px|text_align:left|line_height:1&#8243; google_fonts=&#8221;font_family:Lato%3A100%2C100italic%2C300%2C300italic%2Cregular%2Citalic%2C700%2C700italic%2C900%2C900italic|font_style:300%20light%20regular%3A300%3Anormal&#8221; cms_custom_headding_type=&#8221;heading-underline-textbold&#8221; css=&#8221;.vc_custom_1476179289127{margin-bottom: 0px !important;}&#8221;][vc_column_text css=&#8221;.vc_custom_1476179473938{margin-top: 30px !important;margin-bottom: 0px !important;}&#8221;]O Plan estrat\u00e9xico da Universidade da Coru\u00f1a para o per\u00edodo 2013-2020 define entre os seus obxectivos xerar un ambiente universitario internacional e lograr unha produci\u00f3n cient\u00edfica baseada na calidade. Dentro do obxectivo estrat\u00e9xico de <span style=\"color: #e62686;\">internacionalizar a investigaci\u00f3n, a UDC prop\u00faxose ampliar as s\u00faas relaci\u00f3ns con outras universidades e fomentar e apoiar o acceso ao financiamento internacional para a investigaci\u00f3n<\/span>.[\/vc_column_text][\/vc_column_inner][\/vc_row_inner][\/vc_column][vc_column el_class=&#8221;col-md-pull-6&#8243; offset=&#8221;vc_col-lg-6 vc_col-md-6&#8243;][vc_single_image image=&#8221;3580&#8243; img_size=&#8221;&#8221; alignment=&#8221;right&#8221; vc_none_hover_effect=&#8221;&#8221; equal_height=&#8221;1&#8243; vc_set_img_bg=&#8221;true&#8221;][\/vc_column][\/vc_row][vc_row][vc_column width=&#8221;1\/2&#8243;][vc_column_text]O Consello Europeo de Investigaci\u00f3n (ERC, European Research Council) busca, mediante convocatorias espec\u00edficas dentro do piar I de Ciencia Excelente do Programa Horizonte 2020 da Uni\u00f3n Europea, financiar a longo prazo proxectos de investigadores destacados de todo o mundo para reforzar a excelencia, o dinamismo e a creatividade da investigaci\u00f3n. As subvenci\u00f3ns a proxectos do ERC (ERC Grants, <a href=\"http:\/\/erc.europa.eu\">http:\/\/erc.europa.eu<\/a>) est\u00e1n abertas a investigadores de calquera idade e de calquera pa\u00eds do mundo que queiran traballar en Europa.<br \/>\nO prestixio internacional asociado \u00e1s ERC Grants \u00e9 cada vez maior, tanto para os investigadores beneficiarios como para as instituci\u00f3ns cient\u00edficas que os acollen. A consecuci\u00f3n de proxectos financiados polo ERC \u00e9, actualmente, unha das prioridades no \u00e1mbito da investigaci\u00f3n para a UDC.<br \/>\nNeste contexto, a UDC decidiu po\u00f1er en marcha un programa de apoio \u00e1 ciencia excelente que fomente a presentaci\u00f3n de propostas de \u00e9xito de investigadores nalgunha das modalidades ao ERC: Starting Grants (StG), Consolidator Grants (CoG) e Advanced Grants (AdG).[\/vc_column_text][\/vc_column][vc_column width=&#8221;1\/2&#8243;][vc_column_text]Este programa de apoio, denominado <span style=\"color: #e62686;\">Berce (benvida, estabilizaci\u00f3n e retorno de ciencia excelente)<\/span>, cont\u00e9n unha serie de acci\u00f3ns concretas destinadas tanto a investigadores da UDC como a cient\u00edficos procedentes de calquera parte do mundo que decidan desenvolver o seu proxecto do ERC na UDC.<br \/>\nAdemais das ERC Grants existen outras convocatorias que posibilitan que investigadores internacionais realicen os seus proxectos na UDC. <span style=\"color: #e62686;\">Berce<\/span> pretende dar igualmente apoio t\u00e9cnico \u00e1s solicitudes de financiamento de proxectos individuais que supo\u00f1an apostar pola investigaci\u00f3n de calidade e que representen un paso significativo na carreira cient\u00edfica (m\u00e1is ciencia excelente).[\/vc_column_text][vc_row_inner][vc_column_inner width=&#8221;1\/3&#8243;][\/vc_column_inner][vc_column_inner width=&#8221;1\/3&#8243;][vc_single_image image=&#8221;4014&#8243; img_size=&#8221;full&#8221; alignment=&#8221;center&#8221; onclick=&#8221;custom_link&#8221; img_link_target=&#8221;_blank&#8221; vc_none_hover_effect=&#8221;&#8221; link=&#8221;https:\/\/www.udc.gal\/otri\/programa_berce\/index.html?language=gl&#8221;][\/vc_column_inner][vc_column_inner width=&#8221;1\/3&#8243;][\/vc_column_inner][\/vc_row_inner][\/vc_column][\/vc_row][vc_row][vc_column][vc_empty_space][vc_btn title=&#8221;Saber m\u00e1is&#8221; color=&#8221;teal&#8221; align=&#8221;center&#8221; link=&#8221;url:http%3A%2F%2Fotri.udc.es%2Fpresentacion%2F||target:%20_blank|&#8221;][vc_empty_space][\/vc_column][\/vc_row]<\/p>\n","protected":false},"excerpt":{"rendered":"<p>[vc_row][vc_column][vc_empty_space][\/vc_column][\/vc_row][vc_row full_width=&#8221;1&#8243; row_mask_bg=&#8221;&#8221; row_arrow=&#8221;&#8221; css=&#8221;.vc_custom_1474038593031{margin-bottom: 0px !important;}&#8221;][vc_column css_animation=&#8221;cms_animate wow fadeInRight&#8221; el_class=&#8221;left-50&#8243; offset=&#8221;vc_col-lg-6 vc_col-md-6&#8243;][vc_row_inner][vc_column_inner column_max_width=&#8221;1&#8243; equal_height=&#8221;1&#8243;][vc_custom_heading text=&#8221;Internacionalizaci\u00f3n|e excelencia&#8221; font_container=&#8221;tag:h2|font_size:45px|text_align:left|line_height:1&#8243; google_fonts=&#8221;font_family:Lato%3A100%2C100italic%2C300%2C300italic%2Cregular%2Citalic%2C700%2C700italic%2C900%2C900italic|font_style:300%20light%20regular%3A300%3Anormal&#8221; cms_custom_headding_type=&#8221;heading-underline-textbold&#8221; css=&#8221;.vc_custom_1476179289127{margin-bottom: 0px !important;}&#8221;][vc_column_text css=&#8221;.vc_custom_1476179473938{margin-top: 30px<\/p>\n","protected":false},"author":1,"featured_media":0,"parent":0,"menu_order":0,"comment_status":"closed","ping_status":"closed","template":"","meta":{"footnotes":""},"_links":{"self":[{"href":"https:\/\/www.intalent.udc.gal\/gl\/wp-json\/wp\/v2\/pages\/7145"}],"collection":[{"href":"https:\/\/www.intalent.udc.gal\/gl\/wp-json\/wp\/v2\/pages"}],"about":[{"href":"https:\/\/www.intalent.udc.gal\/gl\/wp-json\/wp\/v2\/types\/page"}],"author":[{"embeddable":true,"href":"https:\/\/www.intalent.udc.gal\/gl\/wp-json\/wp\/v2\/users\/1"}],"replies":[{"embeddable":true,"href":"https:\/\/www.intalent.udc.gal\/gl\/wp-json\/wp\/v2\/comments?post=7145"}],"version-history":[{"count":2,"href":"https:\/\/www.intalent.udc.gal\/gl\/wp-json\/wp\/v2\/pages\/7145\/revisions"}],"predecessor-version":[{"id":7384,"href":"https:\/\/www.intalent.udc.gal\/gl\/wp-json\/wp\/v2\/pages\/7145\/revisions\/7384"}],"wp:attachment":[{"href":"https:\/\/www.intalent.udc.gal\/gl\/wp-json\/wp\/v2\/media?parent=7145"}],"curies":[{"name":"wp","href":"https:\/\/api.w.org\/{rel}","templated":true}]}}