{"id":7148,"date":"2016-09-23T08:52:35","date_gmt":"2016-09-23T08:52:35","guid":{"rendered":"http:\/\/www.intalent.udc.es\/arte-cultura\/"},"modified":"2023-02-22T14:50:52","modified_gmt":"2023-02-22T13:50:52","slug":"arte-cultura","status":"publish","type":"page","link":"https:\/\/www.intalent.udc.gal\/gl\/arte-cultura\/","title":{"rendered":"ARTE &#038; CULTURA"},"content":{"rendered":"<p>[vc_row][vc_column][vc_empty_space][vc_row_inner][vc_column_inner width=&#8221;1\/2&#8243;][vc_custom_heading text=&#8221;Entretemento|e cultura&#8221; font_container=&#8221;tag:h2|font_size:45px|text_align:left|line_height:1&#8243; google_fonts=&#8221;font_family:Lato%3A100%2C100italic%2C300%2C300italic%2Cregular%2Citalic%2C700%2C700italic%2C900%2C900italic|font_style:300%20light%20regular%3A300%3Anormal&#8221; cms_custom_headding_type=&#8221;heading-underline-textbold&#8221; css=&#8221;.vc_custom_1476175697550{margin-bottom: 0px !important;}&#8221;][\/vc_column_inner][vc_column_inner width=&#8221;1\/2&#8243;][\/vc_column_inner][\/vc_row_inner][\/vc_column][\/vc_row][vc_row el_class=&#8221;p-140-cont pb-0&#8243; css=&#8221;.vc_custom_1440583825981{margin-bottom: 0px !important;}&#8221;][vc_column][vc_single_image image=&#8221;3867&#8243; img_size=&#8221;1264&#215;300&#8243; alignment=&#8221;center&#8221; vc_none_hover_effect=&#8221;&#8221; css=&#8221;.vc_custom_1474623994922{margin-bottom: 50px !important;}&#8221;][vc_row_inner][vc_column_inner width=&#8221;5\/6&#8243;][vc_column_text css=&#8221;.vc_custom_1476175883533{margin-top: 30px !important;margin-bottom: 0px !important;}&#8221;]Museos cient\u00edficos nos que descubrir as claves do firmamento ou a flora e a fauna da costa atl\u00e1ntica, salas de exposici\u00f3ns, galer\u00edas de arte ou centros de espect\u00e1culo&#8230;[\/vc_column_text][\/vc_column_inner][vc_column_inner width=&#8221;1\/6&#8243;][vc_single_image image=&#8221;3824&#8243; img_size=&#8221;full&#8221; alignment=&#8221;center&#8221; vc_none_hover_effect=&#8221;&#8221;][\/vc_column_inner][\/vc_row_inner][vc_row_inner][vc_column_inner width=&#8221;1\/2&#8243;][vc_column_text]<\/p>\n<div class=\"wpb_text_column wpb_content_element \">\n<div class=\"wpb_wrapper\">\n<h2>Normal (A Coru\u00f1a)<\/h2>\n<p><strong><span class=\"caps\">Normal<\/span><\/strong> \u00e9 o espazo de intervenci\u00f3n cultural da Universidade da Coru\u00f1a. A norma define unha resposta que non precisa interrogaci\u00f3n.\u00a0<strong><span class=\"caps\">Normal<\/span><\/strong> quere ser, con todo, permanente interrogaci\u00f3n.\u00a0<strong><span class=\"caps\">Normal<\/span><\/strong> non \u00e9 normal. Isto \u00e9 o normal para n\u00f3s.<\/p>\n<p>No momento da s\u00faa construci\u00f3n, 1955, o edificio dese\u00f1ado por Antonio Tenreiro foi a Escola Normal de Maxisterio. De a\u00ed\u00a0<strong><span class=\"caps\">Normal<\/span><\/strong>. As\u00ed foi co\u00f1ecida sempre na Coru\u00f1a. Cando rescatamos o nome reco\u00f1ecemos unha historia ligada \u00e1 educaci\u00f3n e, m\u00e1is concretamente, \u00e1 que foi a cidade escolar, o xermolo, cos edificios de N\u00e1utica e de Comercio, do que anos despois ser\u00eda esta universidade.<\/p>\n<p><strong><span class=\"caps\">Normal<\/span><\/strong>, por outro lado, arrastra significados que, desde o punto de vista do proxecto cultural que presentamos, s\u00f3 se pode interpretar en clave ir\u00f3nica: norma, regra, sistema, forma previsible ou mesmo simetr\u00eda, isto \u00e9, aquilo mesmo que aqu\u00ed se cuestiona.<\/div>\n<\/div>\n<p>[\/vc_column_text][vc_empty_space height=&#8221;10px&#8221;][vc_btn title=&#8221;M\u00e1is&#8221; color=&#8221;teal&#8221; align=&#8221;left&#8221; link=&#8221;url:http%3A%2F%2Fistoenormal.org%2Fgl%2F||target:%20_blank|&#8221;][\/vc_column_inner][vc_column_inner width=&#8221;1\/2&#8243;][vc_column_text]<\/p>\n<div class=\"wpb_text_column wpb_content_element \">\n<div class=\"wpb_wrapper\">\n<h2>Centro Cultural Universitario de Esteiro (Ferrol)<\/h2>\n<p>En concreto,<strong> o Centro Cultural Universitario de Esteiro<\/strong> acolle a oferta cultural do campus, tanto os cursos e os obradoiros (arte, teatro, m\u00fasica, fotograf\u00eda\u2026), como os ciclos de cine ou exposici\u00f3ns. Enc\u00f3ntrase na propia <strong>Oficina da \u00c1rea de Cultura de Ferrol<\/strong> e disp\u00f3n de d\u00faas aulas multiusos, una ampla sala de exposici\u00f3ns e\u00a0 unha sala de proxecci\u00f3n dotada cos m\u00e1is modernos equipos de imaxe e son.<\/p>\n<p>Neste lugar poderase encontrar informaci\u00f3n de interese sobre a oferta cultural do campus, que comprende <strong>exposici\u00f3ns, ciclos, teatro, danza e actividades de extensi\u00f3n universitaria<\/strong> que queren dar resposta \u00e1s demandas culturais tanto das persoas que pertencen \u00e1 comunidade universitaria como das que non son parte dela.<\/div>\n<\/div>\n<p>[\/vc_column_text][vc_empty_space height=&#8221;10px&#8221;][vc_btn title=&#8221;M\u00e1is&#8221; color=&#8221;teal&#8221; align=&#8221;left&#8221; link=&#8221;url:https%3A%2F%2Fwww.udc.es%2Fcultura%2F||target:%20_blank|&#8221;][\/vc_column_inner][\/vc_row_inner][vc_empty_space][\/vc_column][\/vc_row][vc_row row_mask_bg=&#8221;&#8221; row_arrow=&#8221;&#8221; css=&#8221;.vc_custom_1475845065843{background-color: #efefef !important;}&#8221;][vc_column][vc_empty_space][vc_row_inner][vc_column_inner width=&#8221;1\/2&#8243;][vc_custom_heading text=&#8221;Que facer|na Coru\u00f1a e Ferrol&#8221; font_container=&#8221;tag:h2|font_size:45px|text_align:left|line_height:1&#8243; google_fonts=&#8221;font_family:Lato%3A100%2C100italic%2C300%2C300italic%2Cregular%2Citalic%2C700%2C700italic%2C900%2C900italic|font_style:300%20light%20regular%3A300%3Anormal&#8221; cms_custom_headding_type=&#8221;heading-underline-textbold&#8221; css=&#8221;.vc_custom_1476176533582{margin-bottom: 0px !important;}&#8221;][\/vc_column_inner][vc_column_inner width=&#8221;1\/2&#8243;][vc_btn title=&#8221;A Coru\u00f1a&#8221; color=&#8221;teal&#8221; align=&#8221;left&#8221; link=&#8221;url:http%3A%2F%2Fwww.coruna.gal%2Fservlet%2FSatellite%3Fc%3DPage%26cid%3D1322783573133%26pagename%3Dcultura%252FPage%252FGenerico-Page-Generica%26argIdioma%3Dgl||target:%20_blank|&#8221;][vc_btn title=&#8221;Ferrol&#8221; color=&#8221;teal&#8221; align=&#8221;left&#8221; link=&#8221;url:http%3A%2F%2Fturferrol.com%2Focio.asp||target:%20_blank|&#8221;][\/vc_column_inner][\/vc_row_inner][vc_empty_space][\/vc_column][\/vc_row][vc_row][vc_column][vc_empty_space][\/vc_column][\/vc_row][vc_row][vc_column width=&#8221;1\/4&#8243;][vc_single_image image=&#8221;4139&#8243; img_size=&#8221;400&#215;250&#8243; vc_none_hover_effect=&#8221;&#8221;][\/vc_column][vc_column width=&#8221;1\/4&#8243;][vc_single_image image=&#8221;4110&#8243; img_size=&#8221;400&#215;250&#8243; vc_none_hover_effect=&#8221;&#8221;][\/vc_column][vc_column width=&#8221;1\/4&#8243;][vc_single_image image=&#8221;4109&#8243; img_size=&#8221;400&#215;250&#8243; vc_none_hover_effect=&#8221;&#8221;][\/vc_column][vc_column width=&#8221;1\/4&#8243;][vc_single_image image=&#8221;4108&#8243; img_size=&#8221;400&#215;250&#8243; vc_none_hover_effect=&#8221;&#8221;][\/vc_column][\/vc_row]<\/p>\n","protected":false},"excerpt":{"rendered":"<p>[vc_row][vc_column][vc_empty_space][vc_row_inner][vc_column_inner width=&#8221;1\/2&#8243;][vc_custom_heading text=&#8221;Entretemento|e cultura&#8221; font_container=&#8221;tag:h2|font_size:45px|text_align:left|line_height:1&#8243; google_fonts=&#8221;font_family:Lato%3A100%2C100italic%2C300%2C300italic%2Cregular%2Citalic%2C700%2C700italic%2C900%2C900italic|font_style:300%20light%20regular%3A300%3Anormal&#8221; cms_custom_headding_type=&#8221;heading-underline-textbold&#8221; css=&#8221;.vc_custom_1476175697550{margin-bottom: 0px !important;}&#8221;][\/vc_column_inner][vc_column_inner width=&#8221;1\/2&#8243;][\/vc_column_inner][\/vc_row_inner][\/vc_column][\/vc_row][vc_row el_class=&#8221;p-140-cont pb-0&#8243; css=&#8221;.vc_custom_1440583825981{margin-bottom: 0px !important;}&#8221;][vc_column][vc_single_image image=&#8221;3867&#8243; img_size=&#8221;1264&#215;300&#8243; alignment=&#8221;center&#8221; vc_none_hover_effect=&#8221;&#8221; css=&#8221;.vc_custom_1474623994922{margin-bottom: 50px !important;}&#8221;][vc_row_inner][vc_column_inner width=&#8221;5\/6&#8243;][vc_column_text css=&#8221;.vc_custom_1476175883533{margin-top:<\/p>\n","protected":false},"author":1,"featured_media":0,"parent":0,"menu_order":0,"comment_status":"closed","ping_status":"closed","template":"","meta":{"footnotes":""},"_links":{"self":[{"href":"https:\/\/www.intalent.udc.gal\/gl\/wp-json\/wp\/v2\/pages\/7148"}],"collection":[{"href":"https:\/\/www.intalent.udc.gal\/gl\/wp-json\/wp\/v2\/pages"}],"about":[{"href":"https:\/\/www.intalent.udc.gal\/gl\/wp-json\/wp\/v2\/types\/page"}],"author":[{"embeddable":true,"href":"https:\/\/www.intalent.udc.gal\/gl\/wp-json\/wp\/v2\/users\/1"}],"replies":[{"embeddable":true,"href":"https:\/\/www.intalent.udc.gal\/gl\/wp-json\/wp\/v2\/comments?post=7148"}],"version-history":[{"count":1,"href":"https:\/\/www.intalent.udc.gal\/gl\/wp-json\/wp\/v2\/pages\/7148\/revisions"}],"predecessor-version":[{"id":8971,"href":"https:\/\/www.intalent.udc.gal\/gl\/wp-json\/wp\/v2\/pages\/7148\/revisions\/8971"}],"wp:attachment":[{"href":"https:\/\/www.intalent.udc.gal\/gl\/wp-json\/wp\/v2\/media?parent=7148"}],"curies":[{"name":"wp","href":"https:\/\/api.w.org\/{rel}","templated":true}]}}