{"id":8582,"date":"2019-05-02T15:49:01","date_gmt":"2019-05-02T13:49:01","guid":{"rendered":"http:\/\/www.intalent.udc.es\/?page_id=8582"},"modified":"2019-05-02T17:19:28","modified_gmt":"2019-05-02T15:19:28","slug":"monica-ferrin-pereira","status":"publish","type":"page","link":"https:\/\/www.intalent.udc.gal\/gl\/investigadores-2\/monica-ferrin-pereira\/","title":{"rendered":"M\u00f3nica Ferr\u00edn Pereira"},"content":{"rendered":"<p>[vc_row row_mask_bg=&#8221;&#8221; row_arrow=&#8221;&#8221; el_class=&#8221;p-140-cont pb-0&#8243; css=&#8221;.vc_custom_1494861745759{margin-top: 0px !important;margin-bottom: 0px !important;}&#8221;][vc_column width=&#8221;1\/2&#8243;][vc_custom_heading text=&#8221;M\u00f3nica Ferr\u00edn Pereira&#8221; font_container=&#8221;tag:h2|font_size:45px|text_align:left|line_height:1&#8243; google_fonts=&#8221;font_family:Lato%3A100%2C100italic%2C300%2C300italic%2Cregular%2Citalic%2C700%2C700italic%2C900%2C900italic|font_style:300%20light%20regular%3A300%3Anormal&#8221; cms_custom_headding_type=&#8221;heading-borderleft-textbold&#8221; css=&#8221;.vc_custom_1556793828106{margin-bottom: 0px !important;}&#8221;][\/vc_column][vc_column width=&#8221;1\/2&#8243;][\/vc_column][\/vc_row][vc_row el_class=&#8221;p-140-cont pb-0&#8243; css=&#8221;.vc_custom_1440603786345{margin-bottom: 100px !important;background-color: #ffffff !important;}&#8221;][vc_column][vc_empty_space height=&#8221;15px&#8221;][vc_row_inner equal_height=&#8221;yes&#8221; content_placement=&#8221;middle&#8221; cms_row_inner_overflow=&#8221;&#8221;][vc_column_inner width=&#8221;1\/4&#8243;][vc_single_image image=&#8221;8584&#8243; img_size=&#8221;full&#8221; alignment=&#8221;center&#8221; vc_none_hover_effect=&#8221;&#8221;][vc_column_text css=&#8221;.vc_custom_1556794009114{margin-left: 35px !important;padding-left: 25% !important;}&#8221; el_class=&#8221;hidden&#8221;]<a href=\"https:\/\/www.linkedin.com\/in\/jorge-ledo-b2a5b942\/\"><img loading=\"lazy\" decoding=\"async\" class=\"wp-image-5465 size-full alignleft\" src=\"http:\/\/www.intalent.udc.es\/wp-content\/uploads\/2017\/05\/linkedin-1.png\" alt=\"\" width=\"56\" height=\"56\" \/><\/a>[\/vc_column_text][vc_empty_space height=&#8221;15px&#8221;][vc_empty_space height=&#8221;30px&#8221;][\/vc_column_inner][vc_column_inner width=&#8221;1\/12&#8243; offset=&#8221;vc_hidden-xs&#8221;][\/vc_column_inner][vc_column_inner width=&#8221;2\/3&#8243;][vc_column_text]<span style=\"font-size: 12pt;\">M\u00f3nica Ferr\u00edn Pereira licenciouse en ciencias pol\u00edticas e da administraci\u00f3n na Universidade de Santiago de Compostela. \u00c9 doutora en ciencias pol\u00edticas e sociais polo Instituto Universitario Europeo, un centro internacional para estudos doutorais e posdoutorais financiado pola Comisi\u00f3n Europea e os estados membro da UE. A s\u00faa tese doutoral <em>\u2018\u00bfQue \u00e9 a democracia para os cidad\u00e1ns?\u2019<\/em> (<em>\u2018What is democracy to citizens?\u2019<\/em>) obtivo o Premio Juan Linz \u00e1 mellor tese doutoral en ciencia pol\u00edtica polo Centro de Estudos Pol\u00edticos e Constitucionais. <\/span><\/p>\n<p>&nbsp;<\/p>\n<p><span style=\"font-size: 12pt;\">Traballou como profesora e investigadora posdoutoral no Collegio Carlo Alberto de Tur\u00edn e na Universidade de Zurich, onde participou en numerosos proxectos nacionais e internacionais. Foi ademais membro do comit\u00e9 de expertos da OCDE para a medici\u00f3n da confianza pol\u00edtica e social. Ten publicados numerosos cap\u00edtulos e artigos en editoriais de prestixio internacional.<\/span>[\/vc_column_text][\/vc_column_inner][vc_column_inner][vc_empty_space height=&#8221;15px&#8221;][\/vc_column_inner][\/vc_row_inner][\/vc_column][\/vc_row][vc_row row_mask_bg=&#8221;&#8221; row_arrow=&#8221;&#8221; css=&#8221;.vc_custom_1494861130580{background-color: #f4f4f4 !important;}&#8221;][vc_column][vc_empty_space height=&#8221;15px&#8221;][vc_empty_space height=&#8221;15px&#8221;][vc_row_inner][vc_column_inner width=&#8221;1\/2&#8243;][vc_custom_heading text=&#8221;Proxecto&#8221; font_container=&#8221;tag:h3|font_size:35px|text_align:left|line_height:1&#8243; google_fonts=&#8221;font_family:Lato%3A100%2C100italic%2C300%2C300italic%2Cregular%2Citalic%2C700%2C700italic%2C900%2C900italic|font_style:300%20light%20regular%3A300%3Anormal&#8221; cms_custom_headding_type=&#8221;heading-borderleft-textbold&#8221; css=&#8221;.vc_custom_1556802671253{margin-bottom: 0px !important;}&#8221;][vc_empty_space height=&#8221;15px&#8221;][\/vc_column_inner][vc_column_inner width=&#8221;1\/2&#8243;][\/vc_column_inner][vc_column_inner][vc_column_text]<span style=\"font-size: 12pt;\">M\u00f3nica Ferr\u00edn traballa actualmente en d\u00faas li\u00f1as de investigaci\u00f3n: 1) o estudo das actitudes dos europeos cara \u00e1 democracia; e 2) a desigualdade de x\u00e9nero na esfera p\u00fablica.<\/span><\/p>\n<p>&nbsp;<\/p>\n<p><span style=\"font-size: 12pt;\"><strong>As actitudes dos europeos cara \u00e1 democracia:<\/strong> Un dos principais retos das democracias europeas na actualidade \u00e9 o descontento cidad\u00e1 coa democracia; descontento que se incrementou despois da grande crise econ\u00f3mica que afectou \u00e1 maior\u00eda dos pa\u00edses en Europa. O obxecto desta investigaci\u00f3n \u00e9 estudar os cambios nas actitudes dos europeos cara \u00e1 democracia despois da \u201cgrande crise\u201d e as causas da insatisfacci\u00f3n cidad\u00e1: \u00bfestamos ante unha crise da democracia tal e como ve\u00f1en apuntando algunhas voces cr\u00edticas?<\/span><\/p>\n<p>&nbsp;<\/p>\n<p><span style=\"font-size: 12pt;\">Para responder a esta pregunta, M\u00f3nica Ferr\u00edn traballa no dese\u00f1o dunha enquisa sobre as actitudes \u00e1 democracia que levar\u00e1 a cabo a <a href=\"http:\/\/www.europeansocialsurvey.org\">Enquisa Social Europea no 2020\/2021<\/a>, e na que participar\u00e1n cidad\u00e1ns da maior\u00eda dos pa\u00edses europeos.<\/span><\/p>\n<p>&nbsp;<\/p>\n<p><span style=\"font-size: 12pt;\"><strong>A desigualdade de x\u00e9nero na esfera p\u00fablica:<\/strong> Non todos os cidad\u00e1ns participan en igual medida na esfera pol\u00edtica. Isto implica unha serie de problemas normativos, xa que unha desigual participaci\u00f3n pol\u00edtica leva aparellada unha desigual representaci\u00f3n pol\u00edtica. O caso das mulleres \u00e9 especialmente flagrante, xa que son m\u00e1is da metade da poboaci\u00f3n. En efecto, a\u00ednda hoxe en d\u00eda e a pesar dos moitos esforzos no proseguir a igualdade de x\u00e9nero, as mulleres participan menos na pol\u00edtica c\u00f3s homes na maior\u00eda dos pa\u00edses desenvolvidos e subdesenvolvidos. \u00bfPor que? O obxectivo deste proxecto \u00e9 estudar as raz\u00f3ns polas que as mulleres participan menos na pol\u00edtica e, por extensi\u00f3n, na esfera p\u00fablica.<\/span>[\/vc_column_text][\/vc_column_inner][\/vc_row_inner][vc_empty_space height=&#8221;15px&#8221;][vc_empty_space height=&#8221;15px&#8221;][\/vc_column][\/vc_row][vc_row][vc_column][vc_empty_space height=&#8221;35px&#8221;][\/vc_column][\/vc_row]<\/p>\n","protected":false},"excerpt":{"rendered":"<p>[vc_row row_mask_bg=&#8221;&#8221; row_arrow=&#8221;&#8221; el_class=&#8221;p-140-cont pb-0&#8243; css=&#8221;.vc_custom_1494861745759{margin-top: 0px !important;margin-bottom: 0px !important;}&#8221;][vc_column width=&#8221;1\/2&#8243;][vc_custom_heading text=&#8221;M\u00f3nica Ferr\u00edn Pereira&#8221; font_container=&#8221;tag:h2|font_size:45px|text_align:left|line_height:1&#8243; google_fonts=&#8221;font_family:Lato%3A100%2C100italic%2C300%2C300italic%2Cregular%2Citalic%2C700%2C700italic%2C900%2C900italic|font_style:300%20light%20regular%3A300%3Anormal&#8221; cms_custom_headding_type=&#8221;heading-borderleft-textbold&#8221; css=&#8221;.vc_custom_1556793828106{margin-bottom: 0px !important;}&#8221;][\/vc_column][vc_column width=&#8221;1\/2&#8243;][\/vc_column][\/vc_row][vc_row el_class=&#8221;p-140-cont pb-0&#8243; css=&#8221;.vc_custom_1440603786345{margin-bottom: 100px<\/p>\n","protected":false},"author":1,"featured_media":0,"parent":7123,"menu_order":0,"comment_status":"closed","ping_status":"closed","template":"","meta":{"footnotes":""},"_links":{"self":[{"href":"https:\/\/www.intalent.udc.gal\/gl\/wp-json\/wp\/v2\/pages\/8582"}],"collection":[{"href":"https:\/\/www.intalent.udc.gal\/gl\/wp-json\/wp\/v2\/pages"}],"about":[{"href":"https:\/\/www.intalent.udc.gal\/gl\/wp-json\/wp\/v2\/types\/page"}],"author":[{"embeddable":true,"href":"https:\/\/www.intalent.udc.gal\/gl\/wp-json\/wp\/v2\/users\/1"}],"replies":[{"embeddable":true,"href":"https:\/\/www.intalent.udc.gal\/gl\/wp-json\/wp\/v2\/comments?post=8582"}],"version-history":[{"count":6,"href":"https:\/\/www.intalent.udc.gal\/gl\/wp-json\/wp\/v2\/pages\/8582\/revisions"}],"predecessor-version":[{"id":8630,"href":"https:\/\/www.intalent.udc.gal\/gl\/wp-json\/wp\/v2\/pages\/8582\/revisions\/8630"}],"up":[{"embeddable":true,"href":"https:\/\/www.intalent.udc.gal\/gl\/wp-json\/wp\/v2\/pages\/7123"}],"wp:attachment":[{"href":"https:\/\/www.intalent.udc.gal\/gl\/wp-json\/wp\/v2\/media?parent=8582"}],"curies":[{"name":"wp","href":"https:\/\/api.w.org\/{rel}","templated":true}]}}