{"id":8603,"date":"2019-05-02T16:03:22","date_gmt":"2019-05-02T14:03:22","guid":{"rendered":"http:\/\/www.intalent.udc.es\/?page_id=8603"},"modified":"2019-05-02T16:03:22","modified_gmt":"2019-05-02T14:03:22","slug":"jose-a-iglesias-guitian","status":"publish","type":"page","link":"https:\/\/www.intalent.udc.gal\/gl\/investigadores-2\/jose-a-iglesias-guitian\/","title":{"rendered":"Jos\u00e9 A. Iglesias-Guiti\u00e1n"},"content":{"rendered":"<p>[vc_row row_mask_bg=&#8221;&#8221; row_arrow=&#8221;&#8221; el_class=&#8221;p-140-cont pb-0&#8243; css=&#8221;.vc_custom_1494861745759{margin-top: 0px !important;margin-bottom: 0px !important;}&#8221;][vc_column width=&#8221;1\/2&#8243;][vc_custom_heading text=&#8221;Jos\u00e9 A. Iglesias-Guiti\u00e1n&#8221; font_container=&#8221;tag:h2|font_size:45px|text_align:left|line_height:1&#8243; google_fonts=&#8221;font_family:Lato%3A100%2C100italic%2C300%2C300italic%2Cregular%2Citalic%2C700%2C700italic%2C900%2C900italic|font_style:300%20light%20regular%3A300%3Anormal&#8221; cms_custom_headding_type=&#8221;heading-borderleft-textbold&#8221; css=&#8221;.vc_custom_1556795931360{margin-bottom: 0px !important;}&#8221;][\/vc_column][vc_column width=&#8221;1\/2&#8243;][\/vc_column][\/vc_row][vc_row el_class=&#8221;p-140-cont pb-0&#8243; css=&#8221;.vc_custom_1440603786345{margin-bottom: 100px !important;background-color: #ffffff !important;}&#8221;][vc_column][vc_empty_space height=&#8221;15px&#8221;][vc_row_inner equal_height=&#8221;yes&#8221; content_placement=&#8221;middle&#8221; cms_row_inner_overflow=&#8221;&#8221;][vc_column_inner width=&#8221;1\/4&#8243;][vc_single_image image=&#8221;8605&#8243; img_size=&#8221;full&#8221; alignment=&#8221;center&#8221; vc_none_hover_effect=&#8221;&#8221;][vc_column_text css=&#8221;.vc_custom_1556794009114{margin-left: 35px !important;padding-left: 25% !important;}&#8221; el_class=&#8221;hidden&#8221;]<a href=\"https:\/\/www.linkedin.com\/in\/jorge-ledo-b2a5b942\/\"><img loading=\"lazy\" decoding=\"async\" class=\"wp-image-5465 size-full alignleft\" src=\"http:\/\/www.intalent.udc.es\/wp-content\/uploads\/2017\/05\/linkedin-1.png\" alt=\"\" width=\"56\" height=\"56\" \/><\/a>[\/vc_column_text][vc_empty_space height=&#8221;15px&#8221;][vc_empty_space height=&#8221;30px&#8221;][\/vc_column_inner][vc_column_inner width=&#8221;1\/12&#8243; offset=&#8221;vc_hidden-xs&#8221;][\/vc_column_inner][vc_column_inner width=&#8221;2\/3&#8243;][vc_column_text]<span style=\"font-size: 12pt;\">Jos\u00e9 A. Iglesias-Guiti\u00e1n \u00e9 investigador en ciencias da computaci\u00f3n. A s\u00faa especializaci\u00f3n \u00e9 a computaci\u00f3n visual e a computaci\u00f3n gr\u00e1fica. Actualmente traballa no Centre de Visi\u00f2 per Computador (CVC) e \u00e9 investigador asociado da Univ. Aut\u00f2noma de Barcelona (UAB) colaborando tam\u00e9n como docente. A s\u00faa actividade investigadora actual c\u00e9ntrase na exploraci\u00f3n de t\u00e9cnicas de rendering e iluminaci\u00f3n avanzadas para a visualizaci\u00f3n cient\u00edfica, e m\u00e1is recentemente para a s\u00faa aplicaci\u00f3n en simuladores virtuais. Anteriormente traballou durante case dous anos para The Walt Disney Company e Disney Research. O pr\u00f3ximo mes de setembro incorporarase \u00e1 Universidade da Coru\u00f1a.<\/span><\/p>\n<p>&nbsp;<\/p>\n<p><span style=\"font-size: 12pt;\">Jos\u00e9 foi receptor de tres axudas europeas Marie Curie, unha actualmente en curso como investigador asociado no CVC\/UAB, outra como investigador experto na Univ. de Zaragoza e na primeira ocasi\u00f3n durante a s\u00faa etapa como investigador no Visual Computing Group do CRS4 (Italia), onde financiado por unha axuda Marie Curie obtivo o seu doutoramento en Enxe\u00f1er\u00eda Electr\u00f3nica e Computaci\u00f3n pola Univ. dei Cagliari (2011). Jos\u00e9 comezou a s\u00faa andaina investigadora tras cursar os estudos de Enxe\u00f1er\u00eda Inform\u00e1tica na Univ. da Coru\u00f1a (UDC) (2006) e traballar no grupo VideaLAB da Escola de Enxe\u00f1er\u00eda Civil da mesma universidade.<\/span><\/p>\n<p>&nbsp;<\/p>\n<p><span style=\"font-size: 12pt;\">Ao longo da s\u00faa carreira investigadora publicou 14 artigos en revistas, 9 dos cales est\u00e1n publicados no top#3 na lista de revistas referenciadas en computaci\u00f3n gr\u00e1fica. \u00c9 co-inventor de 3 patentes en USA, e foi galardoado cun Disney Inventor Award (2016). Publicou ao redor dunha decena de artigos en conferencias e foi orador convidado en varias ocasi\u00f3ns. Participou en varios proxectos europeos, nacionais e internacionais, as\u00ed como proxectos con empresas, sendo co-investigador principal en varios deles. Pos\u00fae a certificaci\u00f3n da ANECA como profesor asociado e \u00e9 membro das asociaci\u00f3ns profesionais Eurographics, ACM e Marie Curie Alumni.<\/span><\/p>\n<p>&nbsp;<\/p>\n<p><span style=\"font-size: 12pt;\">Os seus traballos foron publicados nas m\u00e1is importantes conferencias e revistas do seu campo (p.ex. ACM SIGGRAPH, IEEE SciVis ou Eurographics). \u00c9 membro do comit\u00e9 de programa e revisor para m\u00faltiples conferencias e revistas internacionais (p.ex. Eurographics, I3D, HPG, EGSR, IJCV). Tam\u00e9n \u00e9 experto avaliador da Axencia Estatal de Investigaci\u00f3n. Recentemente foi co-organizador do ACM SIGGRAPH Workshop on Computer Graphics for Autonomous Driving Applications.<\/span>[\/vc_column_text][\/vc_column_inner][vc_column_inner][vc_empty_space height=&#8221;15px&#8221;][\/vc_column_inner][\/vc_row_inner][\/vc_column][\/vc_row][vc_row row_mask_bg=&#8221;&#8221; row_arrow=&#8221;&#8221; css=&#8221;.vc_custom_1494861130580{background-color: #f4f4f4 !important;}&#8221;][vc_column][vc_empty_space height=&#8221;15px&#8221;][vc_empty_space height=&#8221;15px&#8221;][vc_row_inner][vc_column_inner width=&#8221;1\/2&#8243;][vc_custom_heading text=&#8221;Proxecto&#8221; font_container=&#8221;tag:h3|font_size:35px|text_align:left|line_height:1&#8243; google_fonts=&#8221;font_family:Lato%3A100%2C100italic%2C300%2C300italic%2Cregular%2Citalic%2C700%2C700italic%2C900%2C900italic|font_style:300%20light%20regular%3A300%3Anormal&#8221; cms_custom_headding_type=&#8221;heading-borderleft-textbold&#8221; css=&#8221;.vc_custom_1556802526994{margin-bottom: 0px !important;}&#8221;][vc_empty_space height=&#8221;15px&#8221;][\/vc_column_inner][vc_column_inner width=&#8221;1\/2&#8243;][\/vc_column_inner][vc_column_inner][vc_column_text]<span style=\"font-size: 12pt;\">O seu proxecto de investigaci\u00f3n c\u00e9ntrase na explotaci\u00f3n de t\u00e9cnicas de rendering e iluminaci\u00f3n avanzadas para a visualizaci\u00f3n cient\u00edfica, as\u00ed como a s\u00faa recente adopci\u00f3n en simuladores virtuais e para a xeraci\u00f3n sint\u00e9tica de datos e imaxes m\u00e1is realistas.<\/span><\/p>\n<p>&nbsp;<\/p>\n<p><span style=\"font-size: 12pt;\">A computaci\u00f3n visual rev\u00e9lase como una alternativa extremadamente potente para a xeraci\u00f3n sint\u00e9tica de datos e imaxes que poden incrementar as capacidades actuais da intelixencia artificial, a visi\u00f3n por computador ou sinxelamente das propias habilidades humanas \u00e1 hora de desenvolver tarefas particularmente complicadas ou tediosas (p.e.x comunicaci\u00f3n e diagn\u00f3sticos m\u00e9dicos, anotaci\u00f3n autom\u00e1tica de mill\u00f3ns de imaxes, etc).<\/span><\/p>\n<p>&nbsp;<\/p>\n<p><span style=\"font-size: 12pt;\">A obtenci\u00f3n de grandes cantidades de datos, necesarios para alimentar os actuais algoritmos de intelixencia artificial, pode supor un dos principais pescozos de botella \u00e1 hora de avanzar nunha soluci\u00f3n baseada na aprendizaxe m\u00e1quina. Unha direcci\u00f3n prometedora para abordar este problema pasa por xerar as imaxes e os datos necesarios de forma dixital, \u00e9 dicir, utilizando simulaci\u00f3ns virtuais xeradas por un computador dentro dun mundo virtual que modela aqueles aspectos do mundo real a ter en conta para a soluci\u00f3n dun problema dado. A mellora das t\u00e9cnicas de computaci\u00f3n gr\u00e1fica axudar\u00e1 \u00e1 produci\u00f3n de novas imaxes sint\u00e9ticas m\u00e1is realistas, as\u00ed como aumentar as bases de datos xa existentes.<\/span><\/p>\n<p>&nbsp;<\/p>\n<p><span style=\"font-size: 12pt;\">Este proxecto pretende avanzar o noso co\u00f1ecemento sobre os procesos para a xeraci\u00f3n sint\u00e9tica de imaxes, as\u00ed como estudar o impacto nos futuros sistemas de visi\u00f3n e aprendizaxe m\u00e1quina. Como posibles campos de aplicaci\u00f3n para esta investigaci\u00f3n utilizaranse exemplos de imaxe m\u00e9dica ou simuladores virtuais de tr\u00e1fico.<\/span>[\/vc_column_text][\/vc_column_inner][\/vc_row_inner][vc_empty_space height=&#8221;15px&#8221;][vc_empty_space height=&#8221;15px&#8221;][\/vc_column][\/vc_row][vc_row][vc_column][vc_empty_space height=&#8221;35px&#8221;][\/vc_column][\/vc_row]<\/p>\n","protected":false},"excerpt":{"rendered":"<p>[vc_row row_mask_bg=&#8221;&#8221; row_arrow=&#8221;&#8221; el_class=&#8221;p-140-cont pb-0&#8243; css=&#8221;.vc_custom_1494861745759{margin-top: 0px !important;margin-bottom: 0px !important;}&#8221;][vc_column width=&#8221;1\/2&#8243;][vc_custom_heading text=&#8221;Jos\u00e9 A. Iglesias-Guiti\u00e1n&#8221; font_container=&#8221;tag:h2|font_size:45px|text_align:left|line_height:1&#8243; google_fonts=&#8221;font_family:Lato%3A100%2C100italic%2C300%2C300italic%2Cregular%2Citalic%2C700%2C700italic%2C900%2C900italic|font_style:300%20light%20regular%3A300%3Anormal&#8221; cms_custom_headding_type=&#8221;heading-borderleft-textbold&#8221; css=&#8221;.vc_custom_1556795931360{margin-bottom: 0px !important;}&#8221;][\/vc_column][vc_column width=&#8221;1\/2&#8243;][\/vc_column][\/vc_row][vc_row el_class=&#8221;p-140-cont pb-0&#8243; css=&#8221;.vc_custom_1440603786345{margin-bottom: 100px<\/p>\n","protected":false},"author":1,"featured_media":0,"parent":7123,"menu_order":0,"comment_status":"closed","ping_status":"closed","template":"","meta":{"footnotes":""},"_links":{"self":[{"href":"https:\/\/www.intalent.udc.gal\/gl\/wp-json\/wp\/v2\/pages\/8603"}],"collection":[{"href":"https:\/\/www.intalent.udc.gal\/gl\/wp-json\/wp\/v2\/pages"}],"about":[{"href":"https:\/\/www.intalent.udc.gal\/gl\/wp-json\/wp\/v2\/types\/page"}],"author":[{"embeddable":true,"href":"https:\/\/www.intalent.udc.gal\/gl\/wp-json\/wp\/v2\/users\/1"}],"replies":[{"embeddable":true,"href":"https:\/\/www.intalent.udc.gal\/gl\/wp-json\/wp\/v2\/comments?post=8603"}],"version-history":[{"count":4,"href":"https:\/\/www.intalent.udc.gal\/gl\/wp-json\/wp\/v2\/pages\/8603\/revisions"}],"predecessor-version":[{"id":8615,"href":"https:\/\/www.intalent.udc.gal\/gl\/wp-json\/wp\/v2\/pages\/8603\/revisions\/8615"}],"up":[{"embeddable":true,"href":"https:\/\/www.intalent.udc.gal\/gl\/wp-json\/wp\/v2\/pages\/7123"}],"wp:attachment":[{"href":"https:\/\/www.intalent.udc.gal\/gl\/wp-json\/wp\/v2\/media?parent=8603"}],"curies":[{"name":"wp","href":"https:\/\/api.w.org\/{rel}","templated":true}]}}