{"id":8678,"date":"2019-08-19T11:14:16","date_gmt":"2019-08-19T09:14:16","guid":{"rendered":"http:\/\/www.intalent.udc.es\/?page_id=8678"},"modified":"2019-08-19T12:05:09","modified_gmt":"2019-08-19T10:05:09","slug":"politica-privacidade","status":"publish","type":"page","link":"https:\/\/www.intalent.udc.gal\/gl\/politica-privacidade\/","title":{"rendered":"Pol\u00edtica de privacidade"},"content":{"rendered":"<p>[vc_row][vc_column][vc_column_text]<\/p>\n<div class=\"headline\">\n<p>A trav\u00e9s desta p\u00e1xina web non se solicitan datos de car\u00e1cter persoal dos usuarios sen o seu co\u00f1ecemento, nin se ceden a terceiros.<\/p>\n<p>A p\u00e1xina web http:\/\/www.intalent.udc.es\/ pode conter ligaz\u00f3ns a sitios web de terceiros, cuxas pol\u00edticas de privacidade son alleas \u00e1 de http:\/\/www.intalent.udc.es\/. Ao acceder a tales p\u00e1xinas web, o usuario pode decidir se aceptar as s\u00faas pol\u00edticas de privacidade e de cookies. Con car\u00e1cter xeral, se navega por internet vostede pode aceptar ou rexeitar as cookies de terceiros desde as opci\u00f3ns de configuraci\u00f3n do seu navegador.<\/p>\n<p>A continuaci\u00f3n, indic\u00e1moslle a informaci\u00f3n b\u00e1sica:<\/p>\n<h3>Responsable do tratamento:<\/h3>\n<p>Os datos de car\u00e1cter persoal que se puidesen solicitar directamente do usuario ser\u00e1n tratados de forma confidencial e quedar\u00e1n incorporados \u00e1 correspondente actividade de tratamento titularidade de InTalent.<\/p>\n<h3>Finalidade do tratamento:<\/h3>\n<p>A finalidade do sitio web \u00e9 a de informar dos produtos e servizos relacionados coa s\u00faa actividade empresarial. O usuario consente expresamente que os seus datos persoais sexan tratados para a remisi\u00f3n de informaci\u00f3n de car\u00e1cter comercial por v\u00eda electr\u00f3nica (Por exemplo: correo electr\u00f3nico, redes sociais&#8230; etc.).<\/p>\n<h3>Lexitimaci\u00f3n do tratamento:<\/h3>\n<p>O tratamento dos seus datos real\u00edzase para o cumprimento da relaci\u00f3n contractual entre o usuario rexistrado e o titular desta p\u00e1xina web, as\u00ed como cando a finalidade do tratamento requira o seu consentimento, para o que se habilitaron os correspondentes formularios, que haber\u00e1 de ser prestado mediante unha clara acci\u00f3n afirmativa (Por exemplo, mediante a aceptaci\u00f3n da casa correspondente \u00e1 pol\u00edtica de privacidade).<\/p>\n<h3>Conservaci\u00f3n de datos:<\/h3>\n<p>Os datos persoais proporcionados polos usuarios, xa sexa a trav\u00e9s dos formularios de contacto ou a trav\u00e9s do rexistro de usuarios na p\u00e1xina web, conservaranse durante o tempo necesario para cumprir coa finalidade para a que se solicitan e para determinar as posibles responsabilidades que se puidesen derivar da finalidade, ademais dos per\u00edodos establecidos na normativa de arquivos e documentaci\u00f3n.<\/p>\n<h3>Comunicaci\u00f3n de datos<\/h3>\n<p>Con car\u00e1cter xeral non se comunicar\u00e1n os datos persoais a terceiros, salvo obrigaci\u00f3n legal.<\/p>\n<h3>Tratamento de datos de menores:<\/h3>\n<p>As persoas maiores de 16 anos poder\u00e1n prestar validamente o seu consentimento para o tratamento dos seus datos persoais a trav\u00e9s desta p\u00e1xina web.<\/p>\n<p>O tratamento de datos de persoas menores de 16 anos necesitar\u00e1 o consentimento dos seus pais ou titores legais, cuesti\u00f3n que haber\u00e1 de manifestarse nos formularios de contacto.<\/p>\n<h3>Dereitos dos interesados:<\/h3>\n<p>Pode exercer os seus dereitos de acceso, rectificaci\u00f3n, supresi\u00f3n, oposici\u00f3n e limitaci\u00f3n do tratamento e portabilidad dos seus datos, as\u00ed como a non ser obxecto de decisi\u00f3ns baseadas unicamente no tratamento automatizado dos seus datos, cando procedan, #ante a Axencia Espa\u00f1ola de Protecci\u00f3n de Datos, Edificio de Servizos Centrais de Investigaci\u00f3n. Campus de Elvi\u00f1a, s\/n 15071 A Coru\u00f1a ou na direcci\u00f3n de correo electr\u00f3nico intalent@udc.es<\/p>\n<\/div>\n<p>[\/vc_column_text][\/vc_column][\/vc_row][vc_row][vc_column][vc_empty_space][\/vc_column][\/vc_row]<\/p>\n","protected":false},"excerpt":{"rendered":"<p>[vc_row][vc_column][vc_column_text] A trav\u00e9s desta p\u00e1xina web non se solicitan datos de car\u00e1cter persoal dos usuarios sen o seu co\u00f1ecemento, nin se ceden a terceiros. A<\/p>\n","protected":false},"author":1,"featured_media":0,"parent":0,"menu_order":0,"comment_status":"closed","ping_status":"closed","template":"","meta":{"footnotes":""},"_links":{"self":[{"href":"https:\/\/www.intalent.udc.gal\/gl\/wp-json\/wp\/v2\/pages\/8678"}],"collection":[{"href":"https:\/\/www.intalent.udc.gal\/gl\/wp-json\/wp\/v2\/pages"}],"about":[{"href":"https:\/\/www.intalent.udc.gal\/gl\/wp-json\/wp\/v2\/types\/page"}],"author":[{"embeddable":true,"href":"https:\/\/www.intalent.udc.gal\/gl\/wp-json\/wp\/v2\/users\/1"}],"replies":[{"embeddable":true,"href":"https:\/\/www.intalent.udc.gal\/gl\/wp-json\/wp\/v2\/comments?post=8678"}],"version-history":[{"count":3,"href":"https:\/\/www.intalent.udc.gal\/gl\/wp-json\/wp\/v2\/pages\/8678\/revisions"}],"predecessor-version":[{"id":8698,"href":"https:\/\/www.intalent.udc.gal\/gl\/wp-json\/wp\/v2\/pages\/8678\/revisions\/8698"}],"wp:attachment":[{"href":"https:\/\/www.intalent.udc.gal\/gl\/wp-json\/wp\/v2\/media?parent=8678"}],"curies":[{"name":"wp","href":"https:\/\/api.w.org\/{rel}","templated":true}]}}