{"id":8737,"date":"2023-02-15T12:17:19","date_gmt":"2023-02-15T11:17:19","guid":{"rendered":"https:\/\/www.intalent.udc.gal\/?page_id=8737"},"modified":"2025-12-01T09:59:27","modified_gmt":"2025-12-01T08:59:27","slug":"investigadores","status":"publish","type":"page","link":"https:\/\/www.intalent.udc.gal\/gl\/investigadores\/","title":{"rendered":"2\u00aa EDICI\u00d3N"},"content":{"rendered":"<p>[vc_row row_mask_bg=&#8221;&#8221; row_arrow=&#8221;&#8221; css=&#8221;.vc_custom_1494846758971{margin-bottom: 0px !important;}&#8221; el_class=&#8221;p-140-cont pb-0&#8243;][vc_column width=&#8221;1\/2&#8243;][vc_custom_heading text=&#8221;Convocatoria <b>2025<\/b>&#8221; font_container=&#8221;tag:h2|font_size:45px|text_align:left|line_height:1&#8243; google_fonts=&#8221;font_family:Lato%3A100%2C100italic%2C300%2C300italic%2Cregular%2Citalic%2C700%2C700italic%2C900%2C900italic|font_style:300%20light%20regular%3A300%3Anormal&#8221; cms_custom_headding_type=&#8221;heading-borderleft-textbold&#8221; css=&#8221;.vc_custom_1764579228856{margin-bottom: 0px !important;}&#8221;][\/vc_column][vc_column width=&#8221;1\/2&#8243;][\/vc_column][\/vc_row][vc_row el_class=&#8221;p-140-cont pb-0&#8243; css=&#8221;.vc_custom_1440603786345{margin-bottom: 100px !important;background-color: #ffffff !important;}&#8221;][vc_column width=&#8221;1\/3&#8243;][vc_single_image image=&#8221;9213&#8243; img_size=&#8221;medium&#8221; alignment=&#8221;center&#8221; vc_none_hover_effect=&#8221;&#8221;][vc_empty_space height=&#8221;15px&#8221;][vc_column_text]<\/p>\n<h3 class=\"cms-grid-title\" style=\"text-align: left;\">Ulf Linderfalk<\/h3>\n<p>[\/vc_column_text][vc_column_text css=&#8221;.vc_custom_1764579291563{padding-top: 25px !important;}&#8221;]<\/p>\n<p style=\"text-align: left;\"><a class=\"vc_general cms-button md cms-default btn-icon-animate teal\" title=\"\" href=\"\/gl\/investigadores\/ulf-linderfalk\/\" target=\"_self\" rel=\"noopener\">Ver perfil<\/a><\/p>\n<p>[\/vc_column_text][\/vc_column][vc_column width=&#8221;1\/3&#8243;][vc_single_image image=&#8221;9217&#8243; img_size=&#8221;medium&#8221; alignment=&#8221;center&#8221; vc_none_hover_effect=&#8221;&#8221;][vc_empty_space height=&#8221;15px&#8221;][vc_column_text]<\/p>\n<h3 class=\"cms-grid-title\" style=\"text-align: left;\">Guillermo Lorenzo<\/h3>\n<p>[\/vc_column_text][vc_column_text]<\/p>\n<p style=\"text-align: left;\"><a class=\"vc_general cms-button md cms-default btn-icon-animate teal\" title=\"\" href=\"\/gl\/investigadores\/guillermo-lorenzo\/\" target=\"_self\" rel=\"noopener\">Ver perfil<\/a><\/p>\n<p>[\/vc_column_text][\/vc_column][vc_column width=&#8221;1\/3&#8243;][vc_single_image image=&#8221;9221&#8243; img_size=&#8221;medium&#8221; alignment=&#8221;center&#8221; vc_none_hover_effect=&#8221;&#8221;][vc_empty_space height=&#8221;15px&#8221;][vc_column_text]<\/p>\n<h3 class=\"cms-grid-title\" style=\"text-align: left;\">Elena Pazos<\/h3>\n<p>[\/vc_column_text][vc_column_text]<\/p>\n<p style=\"text-align: left;\"><a class=\"vc_general cms-button md cms-default btn-icon-animate teal\" title=\"\" href=\"\/gl\/investigadores\/elena-pazos\/\">Ver perfil<\/a><\/p>\n<p>[\/vc_column_text][\/vc_column][\/vc_row][vc_row row_mask_bg=&#8221;&#8221; row_arrow=&#8221;&#8221; css=&#8221;.vc_custom_1494846758971{margin-bottom: 0px !important;}&#8221; el_class=&#8221;p-140-cont pb-0&#8243;][vc_column width=&#8221;1\/2&#8243;][vc_custom_heading text=&#8221;Convocatoria <b>2024<\/b>&#8221; font_container=&#8221;tag:h2|font_size:45px|text_align:left|line_height:1&#8243; google_fonts=&#8221;font_family:Lato%3A100%2C100italic%2C300%2C300italic%2Cregular%2Citalic%2C700%2C700italic%2C900%2C900italic|font_style:300%20light%20regular%3A300%3Anormal&#8221; cms_custom_headding_type=&#8221;heading-borderleft-textbold&#8221; css=&#8221;.vc_custom_1764579221964{margin-bottom: 0px !important;}&#8221;][\/vc_column][vc_column width=&#8221;1\/2&#8243;][\/vc_column][\/vc_row][vc_row el_class=&#8221;p-140-cont pb-0&#8243; css=&#8221;.vc_custom_1440603786345{margin-bottom: 100px !important;background-color: #ffffff !important;}&#8221;][vc_column width=&#8221;1\/3&#8243;][vc_single_image image=&#8221;9201&#8243; img_size=&#8221;medium&#8221; alignment=&#8221;center&#8221; vc_none_hover_effect=&#8221;&#8221;][vc_empty_space height=&#8221;15px&#8221;][vc_column_text]<\/p>\n<h3 class=\"cms-grid-title\" style=\"text-align: left;\">M\u00e1ximo Sozzo<\/h3>\n<p>[\/vc_column_text][vc_column_text css=&#8221;.vc_custom_1764579241400{padding-top: 25px !important;}&#8221;]<\/p>\n<p style=\"text-align: left;\"><a class=\"vc_general cms-button md cms-default btn-icon-animate teal\" title=\"\" href=\"\/gl\/investigadores\/maximo-sozzo\/\" target=\"_self\" rel=\"noopener\">Ver perfil<\/a><\/p>\n<p>[\/vc_column_text][\/vc_column][vc_column width=&#8221;1\/3&#8243;][vc_single_image image=&#8221;9205&#8243; img_size=&#8221;medium&#8221; alignment=&#8221;center&#8221; vc_none_hover_effect=&#8221;&#8221;][vc_empty_space height=&#8221;15px&#8221;][vc_column_text]<\/p>\n<h3 class=\"cms-grid-title\" style=\"text-align: left;\">Jonathan Quinson<\/h3>\n<p>[\/vc_column_text][vc_column_text]<\/p>\n<p style=\"text-align: left;\"><a class=\"vc_general cms-button md cms-default btn-icon-animate teal\" title=\"\" href=\"\/gl\/investigadores\/jonathan-quinson\/\" target=\"_self\" rel=\"noopener\">Ver perfil<\/a><\/p>\n<p>[\/vc_column_text][\/vc_column][vc_column width=&#8221;1\/3&#8243;][vc_single_image image=&#8221;9209&#8243; img_size=&#8221;medium&#8221; alignment=&#8221;center&#8221; vc_none_hover_effect=&#8221;&#8221;][vc_empty_space height=&#8221;15px&#8221;][vc_column_text]<\/p>\n<h3 class=\"cms-grid-title\" style=\"text-align: left;\">Carlos V\u00e1zquez Sierra<\/h3>\n<p>[\/vc_column_text][vc_column_text]<\/p>\n<p style=\"text-align: left;\"><a class=\"vc_general cms-button md cms-default btn-icon-animate teal\" title=\"\" href=\"\/gl\/investigadores\/carlos-vazquez-sierra\/\">Ver perfil<\/a><\/p>\n<p>[\/vc_column_text][\/vc_column][\/vc_row][vc_row row_mask_bg=&#8221;&#8221; row_arrow=&#8221;&#8221; css=&#8221;.vc_custom_1494846758971{margin-bottom: 0px !important;}&#8221; el_class=&#8221;p-140-cont pb-0&#8243;][vc_column width=&#8221;1\/2&#8243;][vc_custom_heading text=&#8221;Convocatoria <b>2023<\/b>&#8221; font_container=&#8221;tag:h2|font_size:45px|text_align:left|line_height:1&#8243; google_fonts=&#8221;font_family:Lato%3A100%2C100italic%2C300%2C300italic%2Cregular%2Citalic%2C700%2C700italic%2C900%2C900italic|font_style:300%20light%20regular%3A300%3Anormal&#8221; cms_custom_headding_type=&#8221;heading-borderleft-textbold&#8221; css=&#8221;.vc_custom_1764245423594{margin-bottom: 0px !important;}&#8221;][\/vc_column][vc_column width=&#8221;1\/2&#8243;][\/vc_column][\/vc_row][vc_row el_class=&#8221;p-140-cont pb-0&#8243; css=&#8221;.vc_custom_1440603786345{margin-bottom: 100px !important;background-color: #ffffff !important;}&#8221;][vc_column width=&#8221;1\/3&#8243;][vc_single_image image=&#8221;9225&#8243; img_size=&#8221;medium&#8221; alignment=&#8221;center&#8221; vc_none_hover_effect=&#8221;&#8221;][vc_empty_space height=&#8221;15px&#8221;][vc_column_text]<\/p>\n<h3 class=\"cms-grid-title\" style=\"text-align: left;\"><strong>Daniel Nieto Garc\u00eda\u200b<\/strong><\/h3>\n<p>[\/vc_column_text][vc_column_text css=&#8221;.vc_custom_1764578875975{padding-top: 25px !important;}&#8221;]<\/p>\n<p style=\"text-align: left;\"><a class=\"vc_general cms-button md cms-default btn-icon-animate teal\" title=\"\" href=\"\/gl\/investigadores\/daniel-nieto-garcia\/\" target=\"_self\" rel=\"noopener\">Ver perfil<\/a><\/p>\n<p>[\/vc_column_text][\/vc_column][vc_column width=&#8221;1\/3&#8243;][vc_single_image image=&#8221;9229&#8243; img_size=&#8221;medium&#8221; alignment=&#8221;center&#8221; vc_none_hover_effect=&#8221;&#8221;][vc_empty_space height=&#8221;15px&#8221;][vc_column_text]<\/p>\n<h3 class=\"cms-grid-title\" style=\"text-align: left;\"><strong>Jaime Mart\u00edn P\u00e9rez\u200b<\/strong><\/h3>\n<p>[\/vc_column_text][vc_column_text]<\/p>\n<p style=\"text-align: left;\"><a class=\"vc_general cms-button md cms-default btn-icon-animate teal\" title=\"\" href=\"\/gl\/investigadores\/jaime-martin-perez\/\" target=\"_self\" rel=\"noopener\">Ver perfil<\/a><\/p>\n<p>[\/vc_column_text][\/vc_column][vc_column width=&#8221;1\/3&#8243;][vc_single_image image=&#8221;9233&#8243; img_size=&#8221;medium&#8221; alignment=&#8221;center&#8221; vc_none_hover_effect=&#8221;&#8221;][vc_empty_space height=&#8221;15px&#8221;][vc_column_text]<\/p>\n<h3 class=\"cms-grid-title\" style=\"text-align: left;\"><strong>Xabier Rodr\u00edguez Mart\u00ednez<\/strong><\/h3>\n<p>[\/vc_column_text][vc_column_text]<\/p>\n<p style=\"text-align: left;\"><a class=\"vc_general cms-button md cms-default btn-icon-animate teal\" title=\"\" href=\"\/gl\/investigadores\/xabier-rodriguez-martinez\/\">Ver perfil<\/a><\/p>\n<p>[\/vc_column_text][\/vc_column][\/vc_row][vc_row row_mask_bg=&#8221;&#8221; row_arrow=&#8221;&#8221; css=&#8221;.vc_custom_1494846758971{margin-bottom: 0px !important;}&#8221; el_class=&#8221;p-140-cont pb-0&#8243;][vc_column width=&#8221;1\/2&#8243;][vc_custom_heading text=&#8221;Investigadores <b>InTalent<\/b>&#8221; font_container=&#8221;tag:h2|font_size:45px|text_align:left|line_height:1&#8243; google_fonts=&#8221;font_family:Lato%3A100%2C100italic%2C300%2C300italic%2Cregular%2Citalic%2C700%2C700italic%2C900%2C900italic|font_style:300%20light%20regular%3A300%3Anormal&#8221; cms_custom_headding_type=&#8221;heading-borderleft-textbold&#8221; css=&#8221;.vc_custom_1494846719862{margin-bottom: 0px !important;}&#8221;][\/vc_column][vc_column width=&#8221;1\/2&#8243;][\/vc_column][\/vc_row][vc_row el_class=&#8221;p-140-cont pb-0&#8243; css=&#8221;.vc_custom_1440603786345{margin-bottom: 100px !important;background-color: #ffffff !important;}&#8221;][vc_column width=&#8221;1\/3&#8243;][vc_column_text]<img loading=\"lazy\" decoding=\"async\" class=\"aligncenter wp-image-8863 size-full\" src=\"https:\/\/www.intalent.udc.gal\/wp-content\/uploads\/2023\/02\/juan-fafian.png\" alt=\"\" width=\"400\" height=\"400\" srcset=\"https:\/\/www.intalent.udc.gal\/wp-content\/uploads\/2023\/02\/juan-fafian.png 400w, https:\/\/www.intalent.udc.gal\/wp-content\/uploads\/2023\/02\/juan-fafian-300x300.png 300w, https:\/\/www.intalent.udc.gal\/wp-content\/uploads\/2023\/02\/juan-fafian-150x150.png 150w\" sizes=\"(max-width: 400px) 100vw, 400px\" \/>[\/vc_column_text][vc_empty_space height=&#8221;15px&#8221;][vc_column_text]<\/p>\n<h3 class=\"cms-grid-title\" style=\"text-align: left;\"><strong>Juan Fafi\u00e1n-Labora<\/strong><\/h3>\n<p style=\"text-align: left;\"><span style=\"font-size: 14pt;\"><strong>Proxecto:<\/strong> Descubrir novos mecanismos celulares e moleculares baseados na comunicaci\u00f3n intercelular en envellecemento. <\/span><\/p>\n<p>[\/vc_column_text][vc_column_text css=&#8221;.vc_custom_1676454186657{padding-top: 25px !important;}&#8221;]<\/p>\n<p style=\"text-align: left;\"><a class=\"vc_general cms-button md cms-default btn-icon-animate teal\" title=\"\" href=\"https:\/\/www.intalent.udc.gal\/edicion-2\/juan-fafian\/\" target=\"_self\" rel=\"noopener\">Ver perfil<\/a><\/p>\n<p>[\/vc_column_text][\/vc_column][vc_column width=&#8221;1\/3&#8243;][vc_column_text]<img loading=\"lazy\" decoding=\"async\" class=\"aligncenter wp-image-8877 size-full\" src=\"https:\/\/www.intalent.udc.gal\/wp-content\/uploads\/2023\/02\/bermudez_juan.png\" alt=\"\" width=\"400\" height=\"400\" srcset=\"https:\/\/www.intalent.udc.gal\/wp-content\/uploads\/2023\/02\/bermudez_juan.png 400w, https:\/\/www.intalent.udc.gal\/wp-content\/uploads\/2023\/02\/bermudez_juan-300x300.png 300w, https:\/\/www.intalent.udc.gal\/wp-content\/uploads\/2023\/02\/bermudez_juan-150x150.png 150w\" sizes=\"(max-width: 400px) 100vw, 400px\" \/>[\/vc_column_text][vc_empty_space height=&#8221;15px&#8221;][vc_column_text]<\/p>\n<h3 class=\"cms-grid-title\" style=\"text-align: left;\"><strong>Juan Manuel Berm\u00fadez Grac\u00eda<\/strong><\/h3>\n<p style=\"text-align: left;\"><span style=\"font-size: 14pt;\"><strong>Proxecto:<\/strong> Desenvolver novos materiais s\u00f3lidos capaces de transformar a presi\u00f3n en refrixeraci\u00f3n, calefacci\u00f3n e almacenamento de enerx\u00eda t\u00e9rmica para sistemas que sexan m\u00e1is eficientes e seguros para o medioambiente e o usuario.<\/span><\/p>\n<p>[\/vc_column_text][vc_column_text]<\/p>\n<p style=\"text-align: left;\"><a class=\"vc_general cms-button md cms-default btn-icon-animate teal\" title=\"\" href=\"https:\/\/www.intalent.udc.gal\/edicion-2\/juan-m-bermudez-garcia\/\" target=\"_self\" rel=\"noopener\">Ver perfil<\/a><\/p>\n<p>[\/vc_column_text][\/vc_column][vc_column width=&#8221;1\/3&#8243;][vc_column_text]<img loading=\"lazy\" decoding=\"async\" class=\"aligncenter wp-image-8815 size-full\" src=\"https:\/\/www.intalent.udc.gal\/wp-content\/uploads\/2023\/02\/veronika.png\" alt=\"veronika-chobanova\" width=\"400\" height=\"400\" srcset=\"https:\/\/www.intalent.udc.gal\/wp-content\/uploads\/2023\/02\/veronika.png 400w, https:\/\/www.intalent.udc.gal\/wp-content\/uploads\/2023\/02\/veronika-300x300.png 300w, https:\/\/www.intalent.udc.gal\/wp-content\/uploads\/2023\/02\/veronika-150x150.png 150w\" sizes=\"(max-width: 400px) 100vw, 400px\" \/>[\/vc_column_text][vc_empty_space height=&#8221;15px&#8221;][vc_column_text]<\/p>\n<h3 class=\"cms-grid-title\" style=\"text-align: left;\">Veronika Chobanova<\/h3>\n<p style=\"text-align: left;\"><span style=\"font-size: 14pt;\"><strong>Proxecto:<\/strong> Atopar part\u00edculas ou forzas da natureza non descubertas ata o de agora mediante a realizaci\u00f3n de medici\u00f3ns de alta precisi\u00f3n.<\/span><\/p>\n<p>[\/vc_column_text][vc_column_text]<\/p>\n<p style=\"text-align: left;\"><a class=\"vc_general cms-button md cms-default btn-icon-animate teal\" title=\"\" href=\"https:\/\/www.intalent.udc.gal\/edicion-2\/veronika-chobanova\/\">Ver perfil<\/a><\/p>\n<p>[\/vc_column_text][\/vc_column][\/vc_row][vc_row row_mask_bg=&#8221;&#8221; row_arrow=&#8221;&#8221; el_class=&#8221;pt-80-b-50-cont&#8221; css=&#8221;.vc_custom_1474041011359{margin-top: 40px !important;background-color: #b1b3b4 !important;}&#8221;][vc_column width=&#8221;1\/2&#8243; css=&#8221;.vc_custom_1440860401285{padding-bottom: 30px !important;}&#8221; offset=&#8221;vc_col-lg-9 vc_col-md-9&#8243;][vc_column_text css=&#8221;.vc_custom_1474575381726{margin-bottom: 0px !important;}&#8221;]<\/p>\n<div class=\"post-container\">\n<div class=\"post-thumb\"><img loading=\"lazy\" decoding=\"async\" src=\"https:\/\/www.intalent.udc.es\/wp-content\/uploads\/2016\/09\/assets-08.png\" width=\"60\" height=\"64\" \/><\/div>\n<p><span style=\"color: #e42184; font-weight: bold; font-size: 16px;\"><br \/>\nXuntos cara ao progreso<\/span><\/p>\n<p><span style=\"color: #ffffff; font-size: 14px;\">Unha universidade moderna que traballa pola excelencia cient\u00edfica<\/span><\/p>\n<\/div>\n<p>[\/vc_column_text][\/vc_column][vc_column width=&#8221;1\/2&#8243; css=&#8221;.vc_custom_1474040970653{margin-top: 7px !important;padding-bottom: 30px !important;}&#8221; offset=&#8221;vc_col-lg-3 vc_col-md-3&#8243;][vc_btn title=&#8221;Solicitar&#8221; color=&#8221;teal&#8221; align=&#8221;center&#8221; link=&#8221;url:%2F~intalent%2Findex.php%2Fsolicitudes%2F|||&#8221; el_class=&#8221;.rosabuttom&#8221;][\/vc_column][\/vc_row]<\/p>\n","protected":false},"excerpt":{"rendered":"<p>[vc_row row_mask_bg=&#8221;&#8221; row_arrow=&#8221;&#8221; css=&#8221;.vc_custom_1494846758971{margin-bottom: 0px !important;}&#8221; el_class=&#8221;p-140-cont pb-0&#8243;][vc_column width=&#8221;1\/2&#8243;][vc_custom_heading text=&#8221;Convocatoria 2025&#8221; font_container=&#8221;tag:h2|font_size:45px|text_align:left|line_height:1&#8243; google_fonts=&#8221;font_family:Lato%3A100%2C100italic%2C300%2C300italic%2Cregular%2Citalic%2C700%2C700italic%2C900%2C900italic|font_style:300%20light%20regular%3A300%3Anormal&#8221; cms_custom_headding_type=&#8221;heading-borderleft-textbold&#8221; css=&#8221;.vc_custom_1764579228856{margin-bottom: 0px !important;}&#8221;][\/vc_column][vc_column width=&#8221;1\/2&#8243;][\/vc_column][\/vc_row][vc_row el_class=&#8221;p-140-cont pb-0&#8243; css=&#8221;.vc_custom_1440603786345{margin-bottom: 100px !important;background-color: #ffffff !important;}&#8221;][vc_column<\/p>\n","protected":false},"author":2,"featured_media":0,"parent":0,"menu_order":0,"comment_status":"closed","ping_status":"closed","template":"","meta":{"footnotes":""},"_links":{"self":[{"href":"https:\/\/www.intalent.udc.gal\/gl\/wp-json\/wp\/v2\/pages\/8737"}],"collection":[{"href":"https:\/\/www.intalent.udc.gal\/gl\/wp-json\/wp\/v2\/pages"}],"about":[{"href":"https:\/\/www.intalent.udc.gal\/gl\/wp-json\/wp\/v2\/types\/page"}],"author":[{"embeddable":true,"href":"https:\/\/www.intalent.udc.gal\/gl\/wp-json\/wp\/v2\/users\/2"}],"replies":[{"embeddable":true,"href":"https:\/\/www.intalent.udc.gal\/gl\/wp-json\/wp\/v2\/comments?post=8737"}],"version-history":[{"count":9,"href":"https:\/\/www.intalent.udc.gal\/gl\/wp-json\/wp\/v2\/pages\/8737\/revisions"}],"predecessor-version":[{"id":9573,"href":"https:\/\/www.intalent.udc.gal\/gl\/wp-json\/wp\/v2\/pages\/8737\/revisions\/9573"}],"wp:attachment":[{"href":"https:\/\/www.intalent.udc.gal\/gl\/wp-json\/wp\/v2\/media?parent=8737"}],"curies":[{"name":"wp","href":"https:\/\/api.w.org\/{rel}","templated":true}]}}