{"id":8805,"date":"2023-02-15T12:17:34","date_gmt":"2023-02-15T11:17:34","guid":{"rendered":"https:\/\/www.intalent.udc.gal\/?page_id=8805"},"modified":"2023-03-29T12:57:21","modified_gmt":"2023-03-29T10:57:21","slug":"juan-fafian-labora","status":"publish","type":"page","link":"https:\/\/www.intalent.udc.gal\/gl\/investigadores\/juan-fafian-labora\/","title":{"rendered":"Juan Fafi\u00e1n-Labora"},"content":{"rendered":"<p>[vc_row row_mask_bg=&#8221;&#8221; row_arrow=&#8221;&#8221; el_class=&#8221;p-140-cont pb-0&#8243; css=&#8221;.vc_custom_1494861745759{margin-top: 0px !important;margin-bottom: 0px !important;}&#8221;][vc_column width=&#8221;1\/2&#8243;][vc_custom_heading text=&#8221;Juan Fafi\u00e1n-Labora&#8221; font_container=&#8221;tag:h2|font_size:45px|text_align:left|line_height:1&#8243; google_fonts=&#8221;font_family:Lato%3A100%2C100italic%2C300%2C300italic%2Cregular%2Citalic%2C700%2C700italic%2C900%2C900italic|font_style:300%20light%20regular%3A300%3Anormal&#8221; cms_custom_headding_type=&#8221;heading-borderleft-textbold&#8221; css=&#8221;.vc_custom_1675265731496{margin-bottom: 0px !important;}&#8221;][\/vc_column][vc_column width=&#8221;1\/2&#8243;][\/vc_column][\/vc_row][vc_row el_class=&#8221;p-140-cont pb-0&#8243; css=&#8221;.vc_custom_1440603786345{margin-bottom: 100px !important;background-color: #ffffff !important;}&#8221;][vc_column][vc_empty_space height=&#8221;15px&#8221;][vc_row_inner equal_height=&#8221;yes&#8221; content_placement=&#8221;middle&#8221; cms_row_inner_overflow=&#8221;&#8221;][vc_column_inner width=&#8221;1\/4&#8243;][vc_single_image image=&#8221;8865&#8243; img_size=&#8221;full&#8221; alignment=&#8221;center&#8221; vc_none_hover_effect=&#8221;&#8221;][vc_column_text css=&#8221;.vc_custom_1680087439605{margin-left: 35px !important;padding-left: 25% !important;}&#8221;]<a href=\"https:\/\/www.linkedin.com\/in\/juan-antonio-fafian-labora-226524227\/\"><img loading=\"lazy\" decoding=\"async\" class=\"wp-image-5465 size-full alignleft\" src=\"https:\/\/www.intalent.udc.es\/wp-content\/uploads\/2017\/05\/linkedin-1.png\" alt=\"\" width=\"56\" height=\"56\" \/><\/a>[\/vc_column_text][vc_empty_space height=&#8221;15px&#8221;][vc_empty_space height=&#8221;30px&#8221;][\/vc_column_inner][vc_column_inner width=&#8221;1\/12&#8243; offset=&#8221;vc_hidden-xs&#8221;][\/vc_column_inner][vc_column_inner width=&#8221;2\/3&#8243;][vc_column_text]Juan Fafi\u00e1n-Labora obtivo a s\u00faa licenciatura en Qu\u00edmica pola Universidade de Santiago de Compostela en 2012 e o seu doutoramento en Ciencias da Sa\u00fade pola Universidade da Coru\u00f1a baixo a supervisi\u00f3n da profesora Mar\u00eda C. Arufe en 2016. O seu proxecto de tese baseouse no estudo da influencia do envellecemento sobre as propiedades terap\u00e9uticas das c\u00e9lulas nai mesenquimales. Durante este per\u00edodo realizou unha estancia predoutoral (Setembro-Decembro 2015) no laboratorio do profesor Fons Van de Loo do Grupo de Reumatolox\u00eda Experimental en Nijmegen, Pa\u00edses Baixos, grazas a unha bolsa da Organizaci\u00f3n Europea de Biolox\u00eda Molecular (EMBO).<\/p>\n<p>&nbsp;<\/p>\n<p>Tras defender a s\u00faa tese con reco\u00f1ecemento \u201ccum laude\u201d e premio de doutoramento, incorporouse en 2017 como investigador postdoutoral no laboratorio de Epig\u00e9netica e Senescencia Celular liderado pola Dra. Ana Ou\u2019Loghlen no Blizard Institute, Queen Mary University of London, Londr\u00e9s (Reino Unido). As s\u00faas investigaci\u00f3ns centr\u00e1ronse na procura do mecanismo molecular involucrado na comunicaci\u00f3n intercelular entre c\u00e9lulas senescentes, mostrando por primeira vez que as ves\u00edculas extracelulares son parte do fenotipo de senescencia asociado ao secretoma (SASP) e que as ves\u00edculas extracelulares est\u00e1n implicadas no proceso de rexuvenecemento con alto potencial terap\u00e9utico para o tratamento de enfermidades asociadas \u00e1 idade. Durante este per\u00edodo o seu contrato foi financiado por unha axuda postdoutoral da Xunta de Galicia.<\/p>\n<p>&nbsp;<\/p>\n<p>A mediados de 2019 volveu \u00e1 Universidade da Coru\u00f1a para desenvolver a s\u00faa carreira investigadora entre o Centro de Investigaci\u00f3n Interdisciplinar de Qu\u00edmica e Biolox\u00eda (CICA) e o Instituto de Investigaci\u00f3n Biom\u00e9dica da Coru\u00f1a (INIBIC), onde comezou a establecer a s\u00faa li\u00f1a de investigaci\u00f3n independente base\u00e1ndose no seu co\u00f1ecemento sobre ves\u00edculas extracelulares e senescencia celular para o desenvolvemento de senof\u00e1rmacos (senol\u00edticos e senom\u00f3rficos) para o tratamento de enfermidades asociadas \u00e1 idade e a enfermidade rara proxeria grazas a un contrato senior postdoutoral da Xunta de Galicia. En 2022, conseguiu un dos Contratos Ram\u00f3n y Cajal 2021 para continuar a s\u00faa carreira investigadora no Centro Interdisciplinar de Qu\u00edmica e Biolox\u00eda (CICA) da Universidade da Coru\u00f1a.<\/p>\n<p>&nbsp;<\/p>\n<p>Ao longo da s\u00faa carreira investigadora publicou 20 artigos cient\u00edficos (2 dos cales te\u00f1en un \u00edndice de impacto superior a 20 no \u00e1mbito de biolox\u00eda celular) e dous cap\u00edtulos de libros. Ademais reco\u00f1eceuse o seu traballo en revistas de alto impacto e sociedades cient\u00edficas pola s\u00faa orixinalidade (Nat Rev Mol Cell Biol, SEBBM e UKEV).[\/vc_column_text][\/vc_column_inner][vc_column_inner][vc_empty_space height=&#8221;15px&#8221;][\/vc_column_inner][\/vc_row_inner][\/vc_column][\/vc_row][vc_row row_mask_bg=&#8221;&#8221; row_arrow=&#8221;&#8221; css=&#8221;.vc_custom_1494861130580{background-color: #f4f4f4 !important;}&#8221;][vc_column][vc_empty_space height=&#8221;15px&#8221;][vc_empty_space height=&#8221;15px&#8221;][vc_row_inner][vc_column_inner width=&#8221;1\/2&#8243;][vc_custom_heading text=&#8221;Proxecto&#8221; font_container=&#8221;tag:h3|font_size:35px|text_align:left|line_height:1&#8243; google_fonts=&#8221;font_family:Lato%3A100%2C100italic%2C300%2C300italic%2Cregular%2Citalic%2C700%2C700italic%2C900%2C900italic|font_style:300%20light%20regular%3A300%3Anormal&#8221; cms_custom_headding_type=&#8221;heading-borderleft-textbold&#8221; css=&#8221;.vc_custom_1493987604000{margin-bottom: 0px !important;}&#8221;][vc_empty_space height=&#8221;15px&#8221;][\/vc_column_inner][vc_column_inner width=&#8221;1\/2&#8243;][\/vc_column_inner][vc_column_inner][vc_column_text]O proxecto de investigaci\u00f3n est\u00e1 centrado en descubrir novos mecanismos celulares e moleculares baseados na comunicaci\u00f3n intercelular en envellecemento.<\/p>\n<p>&nbsp;<\/p>\n<p>O aumento na esperanza de vida da poboaci\u00f3n trouxo consigo o aumento de patolox\u00edas asociadas ao envellecemento como enfermidades cardiovasculares, cancro e neurovexetativas, entre outras.<\/p>\n<p>&nbsp;<\/p>\n<p>Durante o envellecemento ten lugar unha acumulaci\u00f3n de c\u00e9lulas senescentes en todos os tecidos, o cal produce problemas na rexeneraci\u00f3n tisular e por tanto afecta ao normal funcionamento do \u00f3rgano san.<\/p>\n<p>&nbsp;<\/p>\n<p>Estas c\u00e9lulas senescentes liberan citoquinas, quimiocinas, mediadores lip\u00eddicos e ves\u00edculas extracelulares, que constit\u00faen o fenotipo de senescencia asociado ao secretoma (SASP), que induce a senescencia de forma paracrina e autocrina.<\/p>\n<p>&nbsp;<\/p>\n<p>As ves\u00edculas extracelulares constit\u00faen unha parte de SASP que regulan a senescencia e rexuvenecemento celular.<\/p>\n<p>&nbsp;<\/p>\n<p>Con este proxecto pret\u00e9ndense descubrir as rutas metab\u00f3licas implicadas na comunicaci\u00f3n intercelular mediante ves\u00edculas extracelulares en senescencia para desenvolver novas terapias e reposicionar f\u00e1rmacos. En definitiva, para mellor a calidade de vida da poboaci\u00f3n anci\u00e1 e reducir a morbilidade das enfermidades asociadas ao envellecemento.[\/vc_column_text][\/vc_column_inner][\/vc_row_inner][vc_empty_space height=&#8221;15px&#8221;][vc_empty_space height=&#8221;15px&#8221;][\/vc_column][\/vc_row][vc_row][vc_column][vc_empty_space height=&#8221;35px&#8221;][\/vc_column][\/vc_row]<\/p>\n","protected":false},"excerpt":{"rendered":"<p>[vc_row row_mask_bg=&#8221;&#8221; row_arrow=&#8221;&#8221; el_class=&#8221;p-140-cont pb-0&#8243; css=&#8221;.vc_custom_1494861745759{margin-top: 0px !important;margin-bottom: 0px !important;}&#8221;][vc_column width=&#8221;1\/2&#8243;][vc_custom_heading text=&#8221;Juan Fafi\u00e1n-Labora&#8221; font_container=&#8221;tag:h2|font_size:45px|text_align:left|line_height:1&#8243; google_fonts=&#8221;font_family:Lato%3A100%2C100italic%2C300%2C300italic%2Cregular%2Citalic%2C700%2C700italic%2C900%2C900italic|font_style:300%20light%20regular%3A300%3Anormal&#8221; cms_custom_headding_type=&#8221;heading-borderleft-textbold&#8221; css=&#8221;.vc_custom_1675265731496{margin-bottom: 0px !important;}&#8221;][\/vc_column][vc_column width=&#8221;1\/2&#8243;][\/vc_column][\/vc_row][vc_row el_class=&#8221;p-140-cont pb-0&#8243; css=&#8221;.vc_custom_1440603786345{margin-bottom: 100px !important;background-color:<\/p>\n","protected":false},"author":2,"featured_media":0,"parent":8737,"menu_order":0,"comment_status":"closed","ping_status":"closed","template":"","meta":{"footnotes":""},"_links":{"self":[{"href":"https:\/\/www.intalent.udc.gal\/gl\/wp-json\/wp\/v2\/pages\/8805"}],"collection":[{"href":"https:\/\/www.intalent.udc.gal\/gl\/wp-json\/wp\/v2\/pages"}],"about":[{"href":"https:\/\/www.intalent.udc.gal\/gl\/wp-json\/wp\/v2\/types\/page"}],"author":[{"embeddable":true,"href":"https:\/\/www.intalent.udc.gal\/gl\/wp-json\/wp\/v2\/users\/2"}],"replies":[{"embeddable":true,"href":"https:\/\/www.intalent.udc.gal\/gl\/wp-json\/wp\/v2\/comments?post=8805"}],"version-history":[{"count":7,"href":"https:\/\/www.intalent.udc.gal\/gl\/wp-json\/wp\/v2\/pages\/8805\/revisions"}],"predecessor-version":[{"id":9039,"href":"https:\/\/www.intalent.udc.gal\/gl\/wp-json\/wp\/v2\/pages\/8805\/revisions\/9039"}],"up":[{"embeddable":true,"href":"https:\/\/www.intalent.udc.gal\/gl\/wp-json\/wp\/v2\/pages\/8737"}],"wp:attachment":[{"href":"https:\/\/www.intalent.udc.gal\/gl\/wp-json\/wp\/v2\/media?parent=8805"}],"curies":[{"name":"wp","href":"https:\/\/api.w.org\/{rel}","templated":true}]}}