{"id":8847,"date":"2023-02-02T14:26:01","date_gmt":"2023-02-02T13:26:01","guid":{"rendered":"https:\/\/www.intalent.udc.gal\/a-coruna-ferrol\/"},"modified":"2023-03-29T13:30:49","modified_gmt":"2023-03-29T11:30:49","slug":"a-coruna-ferrol","status":"publish","type":"page","link":"https:\/\/www.intalent.udc.gal\/gl\/a-coruna-ferrol\/","title":{"rendered":"A Coru\u00f1a &#038; Ferrol"},"content":{"rendered":"<p>[vc_row][vc_column width=&#8221;1\/2&#8243;][vc_empty_space][vc_custom_heading text=&#8221;Contorna|privilexiada&#8221; font_container=&#8221;tag:h2|font_size:45px|text_align:left|line_height:1&#8243; google_fonts=&#8221;font_family:Lato%3A100%2C100italic%2C300%2C300italic%2Cregular%2Citalic%2C700%2C700italic%2C900%2C900italic|font_style:300%20light%20regular%3A300%3Anormal&#8221; cms_custom_headding_type=&#8221;heading-borderleft-textbold&#8221; css=&#8221;.vc_custom_1474623727399{margin-bottom: 0px !important;}&#8221;][\/vc_column][vc_column width=&#8221;1\/2&#8243;][\/vc_column][\/vc_row][vc_row][vc_column width=&#8221;1\/2&#8243;][vc_column_text css=&#8221;.vc_custom_1474616897755{margin-top: 30px !important;margin-bottom: 0px !important;}&#8221;]A Universidade da Coru\u00f1a est\u00e1 estruturada territorialmente no <span style=\"color: #e62686;\"> campus da Coru\u00f1a e campus de Ferrol<\/span>.<\/p>\n<p>Co\u00f1ece a contorna da UDC, situada no norte de Galicia.[\/vc_column_text][\/vc_column][vc_column width=&#8221;1\/2&#8243;][vc_single_image image=&#8221;4043&#8243; img_size=&#8221;full&#8221; vc_none_hover_effect=&#8221;&#8221;][vc_empty_space][\/vc_column][\/vc_row][vc_row row_mask_bg=&#8221;&#8221; row_arrow=&#8221;&#8221; css=&#8221;.vc_custom_1475609206612{background-color: #efefef !important;}&#8221;][vc_column][vc_empty_space][vc_custom_heading text=&#8221;Calidade|de vida&#8221; font_container=&#8221;tag:h2|font_size:45px|text_align:left|line_height:1&#8243; google_fonts=&#8221;font_family:Lato%3A100%2C100italic%2C300%2C300italic%2Cregular%2Citalic%2C700%2C700italic%2C900%2C900italic|font_style:300%20light%20regular%3A300%3Anormal&#8221; cms_custom_headding_type=&#8221;heading-borderleft-textbold&#8221; css=&#8221;.vc_custom_1475609177933{margin-bottom: 0px !important;}&#8221;][vc_empty_space][vc_row_inner][vc_column_inner width=&#8221;1\/2&#8243;][vc_column_text]A UDC conta cunha contorna social excelente. Re\u00fane unha serie de atractivos, \u00fanicos en Espa\u00f1a, que a fan ser un lugar privilexiado para <span style=\"color: #e62686;\">integrar o traballo cunha magn\u00edfica calidade de vida<\/span>, grazas a unha moderna rede de servizos e a unha ampla oferta de lecer para todos os gustos.<\/p>\n<p>Ao longo de todo o ano p\u00f3dese gozar dunha <span style=\"color: #e62686;\">completa axenda de actos sociais e culturais<\/span>: orquestras filarm\u00f3nicas, \u00f3pera, concertos, exposici\u00f3ns e eventos art\u00edsticos de primeiro nivel son exemplo diso.[\/vc_column_text][\/vc_column_inner][vc_column_inner width=&#8221;1\/2&#8243;][vc_column_text]A <span style=\"color: #e62686;\">oferta deportiva<\/span> est\u00e1 igualmente cuberta por numerosas instalaci\u00f3ns p\u00fablicas e privadas. Campos de golf, instalaci\u00f3ns n\u00e1uticas e un dos equipos de f\u00fatbol da que \u00e9 considerada mellor liga de f\u00fatbol do mundo.<\/p>\n<p>Cabe destacar tam\u00e9n que Galicia (comunidade onde se atopa a UDC) \u00e9 unha das <span style=\"color: #e62686;\">rexi\u00f3ns m\u00e1is seguras do pa\u00eds<\/span>. Menos homicidios, roubos, asaltos a vivendas ou agresi\u00f3ns. A tendencia \u00e1 baixa en delitos e faltas mantena como unha das autonom\u00edas coa taxa de criminalidade m\u00e1is baixa, nun pa\u00eds que xa de seu \u00e9 o terceiro m\u00e1is seguro en Europa.[\/vc_column_text][\/vc_column_inner][\/vc_row_inner][vc_empty_space][\/vc_column][\/vc_row][vc_row][vc_column][vc_empty_space][\/vc_column][\/vc_row][vc_row][vc_column width=&#8221;1\/2&#8243;][vc_column_text]<\/p>\n<h2 style=\"text-align: center;\"><span style=\"color: #e62686;\">A Coru\u00f1a<\/span><\/h2>\n<p>[\/vc_column_text][vc_images_carousel images=&#8221;3797,3800,4047,4046&#8243; img_size=&#8221;600&#215;300&#8243; onclick=&#8221;link_no&#8221; autoplay=&#8221;yes&#8221;][vc_empty_space][vc_column_text]<\/p>\n<h2>Cidade de Cristal<\/h2>\n<p>A beiras do Oc\u00e9ano Atl\u00e1ntico, situada no extremo noroccidental de Espa\u00f1a, A Coru\u00f1a \u00e9 unha cidade hist\u00f3rica cuxo s\u00edmbolo \u00e9 a Torre de H\u00e9rcules (Patrimonio da Unesco desde 2009). As galer\u00edas da Avenida da Mari\u00f1a proporcionan un espello que recolle os reflexos da luz do d\u00eda desde o amencer, co\u00f1ec\u00e9ndoa as\u00ed como a Cidade de Cristal.<\/p>\n<p>A Coru\u00f1a s\u00f3 p\u00f3dese definir como incesante. Esta metr\u00f3pole soubo proverse dunha complexa e ampla rede de infraestruturas e de empresas que lle permitiron converterse no coraz\u00f3n econ\u00f3mico e pol\u00edtico de Galicia e nun dos m\u00e1is destacados de Espa\u00f1a e de Europa.[\/vc_column_text][vc_row_inner][vc_column_inner width=&#8221;1\/2&#8243;][vc_btn title=&#8221;www.turismocoruna.com&#8221; color=&#8221;teal&#8221; align=&#8221;center&#8221; link=&#8221;url:http%3A%2F%2Fwww.turismocoruna.com%2Fweb%2F||target:%20_blank|&#8221;][\/vc_column_inner][vc_column_inner width=&#8221;1\/2&#8243;][vc_btn title=&#8221;www.coruna.gal&#8221; color=&#8221;teal&#8221; align=&#8221;center&#8221; link=&#8221;url:http%3A%2F%2Fwww.coruna.gal||target:%20_blank|&#8221;][\/vc_column_inner][\/vc_row_inner][\/vc_column][vc_column width=&#8221;1\/2&#8243;][vc_column_text]<\/p>\n<h2 style=\"text-align: center;\"><span style=\"color: #e62686;\">Ferrol<\/span><\/h2>\n<p>[\/vc_column_text][vc_images_carousel images=&#8221;3949,3811,3812,3814&#8243; img_size=&#8221;600&#215;300&#8243; onclick=&#8221;link_no&#8221; autoplay=&#8221;yes&#8221;][vc_empty_space][vc_column_text]<\/p>\n<h2>Cidade do mar<\/h2>\n<p>O barrio da Magdalena, o arsenal, os museos navais, Ferrol Lanuxe, o Castelo de San Felipe e as fortificaci\u00f3ns ao longo da r\u00eda, a s\u00faa gastronom\u00eda, as s\u00faas praias, os seus arredores, a Semana Santa, e os festivais e tradici\u00f3ns son algunhas das raz\u00f3ns, entre outras moitas, para vivir de preto Ferrol.[\/vc_column_text][vc_row_inner][vc_column_inner width=&#8221;1\/2&#8243;][vc_btn title=&#8221;www.turferrol.com&#8221; color=&#8221;teal&#8221; align=&#8221;center&#8221; link=&#8221;url:http%3A%2F%2Fturferrol.com%2FES%2Findex.asp||target:%20_blank|&#8221;][\/vc_column_inner][vc_column_inner width=&#8221;1\/2&#8243;][vc_btn title=&#8221;www.ferrol.gal&#8221; color=&#8221;teal&#8221; align=&#8221;center&#8221; link=&#8221;url:http%3A%2F%2Fwww.ferrol.es%2FDefault-es.aspx||target:%20_blank|&#8221;][\/vc_column_inner][\/vc_row_inner][\/vc_column][\/vc_row][vc_row][vc_column][vc_empty_space][\/vc_column][\/vc_row][vc_row row_mask_bg=&#8221;&#8221; row_arrow=&#8221;&#8221; css=&#8221;.vc_custom_1475610091118{background-color: #efefef !important;}&#8221;][vc_column][vc_empty_space][vc_column_text]<\/p>\n<h3 style=\"text-align: center;\"><em>&#8220;Espa\u00f1a \u00e9 o primeiro destino que elixir\u00edan a maior parte dos europeos se tivesen que irse a traballar a outro pa\u00eds. Esta \u00e9 unha das conclusi\u00f3ns que se extraeron da sondaxe Financial Times\/Harris sobre actitudes #ante a migraci\u00f3n que publicou o diario brit\u00e1nico e que retratou a Espa\u00f1a como un pa\u00eds optimista e \u00e1 s\u00faa econom\u00eda como \u2018unha das m\u00e1is vibrantes de Europa\u2019.&#8221;<\/em><\/h3>\n<p style=\"text-align: center;\"><span style=\"color: #e62686;\"><strong>Financial Times<\/strong><\/span><\/p>\n<p>[\/vc_column_text][vc_empty_space][\/vc_column][\/vc_row]<\/p>\n","protected":false},"excerpt":{"rendered":"<p>[vc_row][vc_column width=&#8221;1\/2&#8243;][vc_empty_space][vc_custom_heading text=&#8221;Contorna|privilexiada&#8221; font_container=&#8221;tag:h2|font_size:45px|text_align:left|line_height:1&#8243; google_fonts=&#8221;font_family:Lato%3A100%2C100italic%2C300%2C300italic%2Cregular%2Citalic%2C700%2C700italic%2C900%2C900italic|font_style:300%20light%20regular%3A300%3Anormal&#8221; cms_custom_headding_type=&#8221;heading-borderleft-textbold&#8221; css=&#8221;.vc_custom_1474623727399{margin-bottom: 0px !important;}&#8221;][\/vc_column][vc_column width=&#8221;1\/2&#8243;][\/vc_column][\/vc_row][vc_row][vc_column width=&#8221;1\/2&#8243;][vc_column_text css=&#8221;.vc_custom_1474616897755{margin-top: 30px !important;margin-bottom: 0px !important;}&#8221;]A Universidade da Coru\u00f1a est\u00e1 estruturada territorialmente no campus da<\/p>\n","protected":false},"author":1,"featured_media":0,"parent":0,"menu_order":0,"comment_status":"closed","ping_status":"closed","template":"","meta":{"footnotes":""},"_links":{"self":[{"href":"https:\/\/www.intalent.udc.gal\/gl\/wp-json\/wp\/v2\/pages\/8847"}],"collection":[{"href":"https:\/\/www.intalent.udc.gal\/gl\/wp-json\/wp\/v2\/pages"}],"about":[{"href":"https:\/\/www.intalent.udc.gal\/gl\/wp-json\/wp\/v2\/types\/page"}],"author":[{"embeddable":true,"href":"https:\/\/www.intalent.udc.gal\/gl\/wp-json\/wp\/v2\/users\/1"}],"replies":[{"embeddable":true,"href":"https:\/\/www.intalent.udc.gal\/gl\/wp-json\/wp\/v2\/comments?post=8847"}],"version-history":[{"count":8,"href":"https:\/\/www.intalent.udc.gal\/gl\/wp-json\/wp\/v2\/pages\/8847\/revisions"}],"predecessor-version":[{"id":9052,"href":"https:\/\/www.intalent.udc.gal\/gl\/wp-json\/wp\/v2\/pages\/8847\/revisions\/9052"}],"wp:attachment":[{"href":"https:\/\/www.intalent.udc.gal\/gl\/wp-json\/wp\/v2\/media?parent=8847"}],"curies":[{"name":"wp","href":"https:\/\/api.w.org\/{rel}","templated":true}]}}