{"id":8860,"date":"2016-09-23T09:55:34","date_gmt":"2016-09-23T09:55:34","guid":{"rendered":"https:\/\/www.intalent.udc.gal\/universidade\/"},"modified":"2023-03-29T13:12:12","modified_gmt":"2023-03-29T11:12:12","slug":"universidad","status":"publish","type":"page","link":"https:\/\/www.intalent.udc.gal\/gl\/universidad\/","title":{"rendered":"UNIVERSIDAD"},"content":{"rendered":"<p>[vc_row el_class=&#8221;p-140-cont pb-0&#8243; css=&#8221;.vc_custom_1440583825981{margin-bottom: 0px !important;}&#8221;][vc_column width=&#8221;1\/2&#8243;][vc_custom_heading text=&#8221;Unha universidade | moderna&#8221; font_container=&#8221;tag:h2|font_size:45px|text_align:left|line_height:1&#8243; google_fonts=&#8221;font_family:Lato%3A100%2C100italic%2C300%2C300italic%2Cregular%2Citalic%2C700%2C700italic%2C900%2C900italic|font_style:300%20light%20regular%3A300%3Anormal&#8221; cms_custom_headding_type=&#8221;heading-borderleft-textbold&#8221; css=&#8221;.vc_custom_1678358773861{margin-bottom: 0px !important;}&#8221;][\/vc_column][vc_column width=&#8221;1\/2&#8243;][vc_single_image image=&#8221;3872&#8243; img_size=&#8221;full&#8221; alignment=&#8221;center&#8221; vc_none_hover_effect=&#8221;&#8221;][\/vc_column][\/vc_row][vc_row][vc_column width=&#8221;1\/2&#8243;][vc_empty_space][vc_column_text]Creada en 1989 cun enfoque innovador, a Universidade da Coru\u00f1a aposta polo seu futuro a trav\u00e9s do <span style=\"color: #e72787;\">desenvolvemento dunha investigaci\u00f3n internacional baseada na calidade e que contrib\u00faa ao avance cultural, social e econ\u00f3mico da sociedade.<\/span>.<\/p>\n<p>\u00c9 unha instituci\u00f3n moderna, innovadora e din\u00e1mica que est\u00e1 fortemente comprometida coa educaci\u00f3n integral dos seus estudantes: \u00e1 ampla e s\u00f3lida oferta acad\u00e9mica \u00fanenselle espec\u00edficos programas culturais, de cooperaci\u00f3n, igualdade, de lecer, deportivos, entre outros.<\/p>\n<p><span style=\"color: #e72787;\">Estrut\u00farase en dous Campus: o de Coru\u00f1a e o de Ferrol<\/span>, con diferentes titulaci\u00f3ns en cada un deles, e radicados en d\u00faas estupendas cidades \u00e1 beira do mar.[\/vc_column_text][\/vc_column][vc_column width=&#8221;1\/2&#8243;][vc_empty_space][vc_column_text]A Universidade da Coru\u00f1a considera prioritaria a s\u00faa <span style=\"color: #e72787;\">internacionalizaci\u00f3n<\/span>. A trav\u00e9s dos diferentes programas internacionais ofertados imp\u00falsase a mobilidade internacional da comunidade universitaria como experiencia acad\u00e9mica, que se complementa coa crecente presenza de estudantes estranxeiros nos nosos campus universitarios. M\u00e1is de 500 estudantes e investigadores internacionais visitan anualmente a UDC creando un ambiente internacional plural e aberto, enriquecido coa nosa cultura e lingua. Ademais, a UDC est\u00e1 inmersa no proceso de implantaci\u00f3n dunha oferta estable de cursos e materias ofrecidos en ingl\u00e9s. Unha oferta pluriling\u00fce que aumenta o atractivo da nosa universidade para os estudantes e profesores estranxeiros e sup\u00f3n un valor curricular engadido para os estudantes da UDC. A UDC impulsa a colaboraci\u00f3n con outras instituci\u00f3ns para ofrecer titulaci\u00f3ns conxuntas e dobres titulaci\u00f3ns internacionais, tanto con pa\u00edses do espazo do EEES, como con outras \u00e1reas estrat\u00e9xicas.[\/vc_column_text][vc_empty_space][\/vc_column][\/vc_row]<\/p>\n","protected":false},"excerpt":{"rendered":"<p>[vc_row el_class=&#8221;p-140-cont pb-0&#8243; css=&#8221;.vc_custom_1440583825981{margin-bottom: 0px !important;}&#8221;][vc_column width=&#8221;1\/2&#8243;][vc_custom_heading text=&#8221;Unha universidade | moderna&#8221; font_container=&#8221;tag:h2|font_size:45px|text_align:left|line_height:1&#8243; google_fonts=&#8221;font_family:Lato%3A100%2C100italic%2C300%2C300italic%2Cregular%2Citalic%2C700%2C700italic%2C900%2C900italic|font_style:300%20light%20regular%3A300%3Anormal&#8221; cms_custom_headding_type=&#8221;heading-borderleft-textbold&#8221; css=&#8221;.vc_custom_1678358773861{margin-bottom: 0px !important;}&#8221;][\/vc_column][vc_column width=&#8221;1\/2&#8243;][vc_single_image image=&#8221;3872&#8243; img_size=&#8221;full&#8221; alignment=&#8221;center&#8221; vc_none_hover_effect=&#8221;&#8221;][\/vc_column][\/vc_row][vc_row][vc_column width=&#8221;1\/2&#8243;][vc_empty_space][vc_column_text]Creada en 1989<\/p>\n","protected":false},"author":1,"featured_media":0,"parent":0,"menu_order":0,"comment_status":"closed","ping_status":"closed","template":"","meta":{"footnotes":""},"_links":{"self":[{"href":"https:\/\/www.intalent.udc.gal\/gl\/wp-json\/wp\/v2\/pages\/8860"}],"collection":[{"href":"https:\/\/www.intalent.udc.gal\/gl\/wp-json\/wp\/v2\/pages"}],"about":[{"href":"https:\/\/www.intalent.udc.gal\/gl\/wp-json\/wp\/v2\/types\/page"}],"author":[{"embeddable":true,"href":"https:\/\/www.intalent.udc.gal\/gl\/wp-json\/wp\/v2\/users\/1"}],"replies":[{"embeddable":true,"href":"https:\/\/www.intalent.udc.gal\/gl\/wp-json\/wp\/v2\/comments?post=8860"}],"version-history":[{"count":4,"href":"https:\/\/www.intalent.udc.gal\/gl\/wp-json\/wp\/v2\/pages\/8860\/revisions"}],"predecessor-version":[{"id":9043,"href":"https:\/\/www.intalent.udc.gal\/gl\/wp-json\/wp\/v2\/pages\/8860\/revisions\/9043"}],"wp:attachment":[{"href":"https:\/\/www.intalent.udc.gal\/gl\/wp-json\/wp\/v2\/media?parent=8860"}],"curies":[{"name":"wp","href":"https:\/\/api.w.org\/{rel}","templated":true}]}}