{"id":9258,"date":"2025-11-27T13:37:43","date_gmt":"2025-11-27T12:37:43","guid":{"rendered":"https:\/\/www.intalent.udc.gal\/?page_id=9258"},"modified":"2025-12-03T14:01:19","modified_gmt":"2025-12-03T13:01:19","slug":"xabier-rodriguez-martinez","status":"publish","type":"page","link":"https:\/\/www.intalent.udc.gal\/gl\/investigadores\/xabier-rodriguez-martinez\/","title":{"rendered":"Xabier Rodr\u00edguez Mart\u00ednez\u200b"},"content":{"rendered":"<p>[vc_row row_mask_bg=&#8221;&#8221; row_arrow=&#8221;&#8221; el_class=&#8221;p-140-cont pb-0&#8243; css=&#8221;.vc_custom_1494861745759{margin-top: 0px !important;margin-bottom: 0px !important;}&#8221;][vc_column width=&#8221;1\/2&#8243;][vc_custom_heading text=&#8221;Xabier Rodr\u00edguez Mart\u00ednez&#8221; font_container=&#8221;tag:h2|font_size:45px|text_align:left|line_height:1&#8243; google_fonts=&#8221;font_family:Lato%3A100%2C100italic%2C300%2C300italic%2Cregular%2Citalic%2C700%2C700italic%2C900%2C900italic|font_style:300%20light%20regular%3A300%3Anormal&#8221; cms_custom_headding_type=&#8221;heading-borderleft-textbold&#8221; css=&#8221;.vc_custom_1764247058898{margin-bottom: 0px !important;}&#8221;][\/vc_column][vc_column width=&#8221;1\/2&#8243;][\/vc_column][\/vc_row][vc_row el_class=&#8221;p-140-cont pb-0&#8243; css=&#8221;.vc_custom_1440603786345{margin-bottom: 100px !important;background-color: #ffffff !important;}&#8221;][vc_column][vc_empty_space height=&#8221;15px&#8221;][vc_row_inner equal_height=&#8221;yes&#8221; content_placement=&#8221;middle&#8221; cms_row_inner_overflow=&#8221;&#8221;][vc_column_inner width=&#8221;1\/4&#8243;][vc_single_image image=&#8221;9233&#8243; img_size=&#8221;full&#8221; alignment=&#8221;center&#8221; vc_none_hover_effect=&#8221;&#8221;][vc_column_text css=&#8221;.vc_custom_1764580367343{margin-left: 35px !important;padding-left: 25% !important;}&#8221;]<a href=\"https:\/\/es.linkedin.com\/in\/xabier-rodriguez-martinez\" target=\"_blank\" rel=\"noopener\"><img loading=\"lazy\" decoding=\"async\" class=\"wp-image-5465 size-full alignleft\" src=\"https:\/\/www.intalent.udc.es\/wp-content\/uploads\/2017\/05\/linkedin-1.png\" alt=\"\" width=\"56\" height=\"56\" \/><\/a>[\/vc_column_text][vc_empty_space height=&#8221;15px&#8221;][vc_empty_space height=&#8221;30px&#8221;][\/vc_column_inner][vc_column_inner width=&#8221;1\/12&#8243; offset=&#8221;vc_hidden-xs&#8221;][\/vc_column_inner][vc_column_inner width=&#8221;2\/3&#8243;][vc_column_text]Xabier Rodr\u00edguez Mart\u00ednez (Vigo, 1992) \u00e9 investigador en tecnolox\u00edas para a captaci\u00f3n de enerx\u00eda e a descarbonizaci\u00f3n do subministro el\u00e9ctrico, centradas na fotovoltaica org\u00e1nica impresa e na termoeletricidade. Graduado en Nanociencia e Nanotecnolox\u00eda pola Universidade Aut\u00f3noma de Barcelona, obtivo o seu doutoramento no Instituto de Ciencia de Materiais de Barcelona en 2020, con distinci\u00f3n extraordinaria, polo desenvolvemento de c\u00e9lulas solares org\u00e1nicas mediante m\u00e9todos combinatorios.Durante o seu doutoramento realizou estad\u00edas no Imperial College London (Reino Unido) e no ETH Zurich (Su\u00edza). Foi investigador posdoutoral na Universidade de Link\u00f6ping (Suecia), onde continuou o seu traballo en fotovoltaica para uso en interiores e aplicaci\u00f3ns agrovoltaicas; e na Universidade de Heidelberg cunha bolsa posdoutoral Alexander von Humboldt, centrada no estudo de mesturas de nanotubos de carbono semiconductores con pol\u00edmeros conxugados orientados para desenvolver novos materiais termoel\u00e9ctricos anisotr\u00f3picos de altas prestaci\u00f3ns.\u200b<\/p>\n<p>Actualmente, a s\u00faa investigaci\u00f3n c\u00e9ntrase na industrializaci\u00f3n da tecnolox\u00eda fotovoltaica org\u00e1nica mediante m\u00e9todos de impresi\u00f3n rolo a rolo, promovendo o uso de disolventes sostibles e materiais de baixo custo sint\u00e9tico que reduzan o impacto ambiental na fabricaci\u00f3n de dispositivos. O seu dese\u00f1o experimental combina aprendizaxe autom\u00e1tica, m\u00e9todos estat\u00edsticos e rob\u00f3tica para optimizar o rendemento fotovoltaico dentro dun espazo de par\u00e1metros restrinxido pola procura da m\u00e1xima sostibilidade e reciclaxe.\u200b[\/vc_column_text][\/vc_column_inner][vc_column_inner][vc_empty_space height=&#8221;15px&#8221;][\/vc_column_inner][\/vc_row_inner][\/vc_column][\/vc_row][vc_row row_mask_bg=&#8221;&#8221; row_arrow=&#8221;&#8221; css=&#8221;.vc_custom_1494861130580{background-color: #f4f4f4 !important;}&#8221;][vc_column][vc_empty_space height=&#8221;15px&#8221;][vc_empty_space height=&#8221;15px&#8221;][vc_row_inner][vc_column_inner width=&#8221;1\/2&#8243;][vc_custom_heading text=&#8221;Proxecto&#8221; font_container=&#8221;tag:h3|font_size:35px|text_align:left|line_height:1&#8243; google_fonts=&#8221;font_family:Lato%3A100%2C100italic%2C300%2C300italic%2Cregular%2Citalic%2C700%2C700italic%2C900%2C900italic|font_style:300%20light%20regular%3A300%3Anormal&#8221; cms_custom_headding_type=&#8221;heading-borderleft-textbold&#8221; css=&#8221;.vc_custom_1493987604000{margin-bottom: 0px !important;}&#8221;][vc_empty_space height=&#8221;15px&#8221;][\/vc_column_inner][vc_column_inner width=&#8221;1\/2&#8243;][\/vc_column_inner][vc_column_inner][vc_column_text]Ademais, o seu proxecto explora t\u00e9cnicas espectrosc\u00f3picas in situ, como fotoluminiscencia e raios X obtidos por radiaci\u00f3n de sincrotr\u00f3n, aplicadas durante o procesado dos materiais fotoactivos desde disoluci\u00f3n. Os seus avances te\u00f1en impacto en aplicaci\u00f3ns espec\u00edficas da fotovoltaica org\u00e1nica, como o uso de m\u00f3dulos flexibles e semitransparentes en interiores (Internet of Things), fachadas (xanelas intelixentes), agrovoltaica (uso dual da luz en invernadoiros), o espazo exterior e contornos submarinos (mobilidade aut\u00f3noma).[\/vc_column_text][\/vc_column_inner][\/vc_row_inner][vc_empty_space height=&#8221;15px&#8221;][vc_empty_space height=&#8221;15px&#8221;][\/vc_column][\/vc_row][vc_row][vc_column][vc_empty_space height=&#8221;35px&#8221;][\/vc_column][\/vc_row]<\/p>\n","protected":false},"excerpt":{"rendered":"<p>[vc_row row_mask_bg=&#8221;&#8221; row_arrow=&#8221;&#8221; el_class=&#8221;p-140-cont pb-0&#8243; css=&#8221;.vc_custom_1494861745759{margin-top: 0px !important;margin-bottom: 0px !important;}&#8221;][vc_column width=&#8221;1\/2&#8243;][vc_custom_heading text=&#8221;Xabier Rodr\u00edguez Mart\u00ednez&#8221; font_container=&#8221;tag:h2|font_size:45px|text_align:left|line_height:1&#8243; google_fonts=&#8221;font_family:Lato%3A100%2C100italic%2C300%2C300italic%2Cregular%2Citalic%2C700%2C700italic%2C900%2C900italic|font_style:300%20light%20regular%3A300%3Anormal&#8221; cms_custom_headding_type=&#8221;heading-borderleft-textbold&#8221; css=&#8221;.vc_custom_1764247058898{margin-bottom: 0px !important;}&#8221;][\/vc_column][vc_column width=&#8221;1\/2&#8243;][\/vc_column][\/vc_row][vc_row el_class=&#8221;p-140-cont pb-0&#8243; css=&#8221;.vc_custom_1440603786345{margin-bottom: 100px<\/p>\n","protected":false},"author":2,"featured_media":0,"parent":8737,"menu_order":0,"comment_status":"closed","ping_status":"closed","template":"","meta":{"footnotes":""},"_links":{"self":[{"href":"https:\/\/www.intalent.udc.gal\/gl\/wp-json\/wp\/v2\/pages\/9258"}],"collection":[{"href":"https:\/\/www.intalent.udc.gal\/gl\/wp-json\/wp\/v2\/pages"}],"about":[{"href":"https:\/\/www.intalent.udc.gal\/gl\/wp-json\/wp\/v2\/types\/page"}],"author":[{"embeddable":true,"href":"https:\/\/www.intalent.udc.gal\/gl\/wp-json\/wp\/v2\/users\/2"}],"replies":[{"embeddable":true,"href":"https:\/\/www.intalent.udc.gal\/gl\/wp-json\/wp\/v2\/comments?post=9258"}],"version-history":[{"count":5,"href":"https:\/\/www.intalent.udc.gal\/gl\/wp-json\/wp\/v2\/pages\/9258\/revisions"}],"predecessor-version":[{"id":9665,"href":"https:\/\/www.intalent.udc.gal\/gl\/wp-json\/wp\/v2\/pages\/9258\/revisions\/9665"}],"up":[{"embeddable":true,"href":"https:\/\/www.intalent.udc.gal\/gl\/wp-json\/wp\/v2\/pages\/8737"}],"wp:attachment":[{"href":"https:\/\/www.intalent.udc.gal\/gl\/wp-json\/wp\/v2\/media?parent=9258"}],"curies":[{"name":"wp","href":"https:\/\/api.w.org\/{rel}","templated":true}]}}