{"id":9449,"date":"2025-11-27T15:07:04","date_gmt":"2025-11-27T14:07:04","guid":{"rendered":"https:\/\/www.intalent.udc.gal\/?page_id=9449"},"modified":"2025-12-01T10:19:44","modified_gmt":"2025-12-01T09:19:44","slug":"jonathan-quinson","status":"publish","type":"page","link":"https:\/\/www.intalent.udc.gal\/gl\/investigadores\/jonathan-quinson\/","title":{"rendered":"Jonathan Quinson\u200b"},"content":{"rendered":"<p>[vc_row row_mask_bg=&#8221;&#8221; row_arrow=&#8221;&#8221; el_class=&#8221;p-140-cont pb-0&#8243; css=&#8221;.vc_custom_1494861745759{margin-top: 0px !important;margin-bottom: 0px !important;}&#8221;][vc_column width=&#8221;1\/2&#8243;][vc_custom_heading text=&#8221;Jonathan Quinson&#8221; font_container=&#8221;tag:h2|font_size:45px|text_align:left|line_height:1&#8243; google_fonts=&#8221;font_family:Lato%3A100%2C100italic%2C300%2C300italic%2Cregular%2Citalic%2C700%2C700italic%2C900%2C900italic|font_style:300%20light%20regular%3A300%3Anormal&#8221; cms_custom_headding_type=&#8221;heading-borderleft-textbold&#8221; css=&#8221;.vc_custom_1764252378531{margin-bottom: 0px !important;}&#8221;][\/vc_column][vc_column width=&#8221;1\/2&#8243;][\/vc_column][\/vc_row][vc_row el_class=&#8221;p-140-cont pb-0&#8243; css=&#8221;.vc_custom_1440603786345{margin-bottom: 100px !important;background-color: #ffffff !important;}&#8221;][vc_column][vc_empty_space height=&#8221;15px&#8221;][vc_row_inner equal_height=&#8221;yes&#8221; content_placement=&#8221;middle&#8221; cms_row_inner_overflow=&#8221;&#8221;][vc_column_inner width=&#8221;1\/4&#8243;][vc_single_image image=&#8221;9205&#8243; img_size=&#8221;full&#8221; alignment=&#8221;center&#8221; vc_none_hover_effect=&#8221;&#8221;][vc_column_text css=&#8221;.vc_custom_1764580778170{margin-left: 35px !important;padding-left: 25% !important;}&#8221;]<a href=\"https:\/\/www.linkedin.com\/in\/jonathan-quinson-93b73095\/\" target=\"_blank\" rel=\"noopener\"><img loading=\"lazy\" decoding=\"async\" class=\"wp-image-5465 size-full alignleft\" src=\"https:\/\/www.intalent.udc.es\/wp-content\/uploads\/2017\/05\/linkedin-1.png\" alt=\"\" width=\"56\" height=\"56\" \/><\/a>[\/vc_column_text][vc_empty_space height=&#8221;15px&#8221;][vc_empty_space height=&#8221;30px&#8221;][\/vc_column_inner][vc_column_inner width=&#8221;1\/12&#8243; offset=&#8221;vc_hidden-xs&#8221;][\/vc_column_inner][vc_column_inner width=&#8221;2\/3&#8243;][vc_column_text]Jonathan Quinson \u00e9 un investigador franc\u00e9s, enxe\u00f1eiro en ciencias naturais pola ESPCI Paris Tech e mestre en Qu\u00edmica Verde polo Imperial College London. Doutorouse en Ciencia de Nanomateriais na Universidade de Oxford e posteriormente realizou varias estad\u00edas posdoutorais na Universidade de Copenhague como bolseiro individual Marie Sk\u0142odowska-Curie, onde desenvolveu novas s\u00ednteses de nanomateriais para nanocatalizadores orientados a unha conversi\u00f3n enerx\u00e9tica m\u00e1is eficiente. Obtivo unha bolsa global Marie Sk\u0142odowska-Curie para traballar na Universidade de Stanford antes de incorporarse como profesor asociado titular na Universidade de Aarhus, onde dirixe o Grupo de Enxe\u00f1ar\u00eda de Nanomateriais para Tecnolox\u00edas Sustentables.\u200b[\/vc_column_text][\/vc_column_inner][vc_column_inner][vc_empty_space height=&#8221;15px&#8221;][\/vc_column_inner][\/vc_row_inner][\/vc_column][\/vc_row][vc_row row_mask_bg=&#8221;&#8221; row_arrow=&#8221;&#8221; css=&#8221;.vc_custom_1494861130580{background-color: #f4f4f4 !important;}&#8221;][vc_column][vc_empty_space height=&#8221;15px&#8221;][vc_empty_space height=&#8221;15px&#8221;][vc_row_inner][vc_column_inner width=&#8221;1\/2&#8243;][vc_custom_heading text=&#8221;Proxecto&#8221; font_container=&#8221;tag:h3|font_size:35px|text_align:left|line_height:1&#8243; google_fonts=&#8221;font_family:Lato%3A100%2C100italic%2C300%2C300italic%2Cregular%2Citalic%2C700%2C700italic%2C900%2C900italic|font_style:300%20light%20regular%3A300%3Anormal&#8221; cms_custom_headding_type=&#8221;heading-borderleft-textbold&#8221; css=&#8221;.vc_custom_1493987604000{margin-bottom: 0px !important;}&#8221;][vc_empty_space height=&#8221;15px&#8221;][\/vc_column_inner][vc_column_inner width=&#8221;1\/2&#8243;][\/vc_column_inner][vc_column_inner][vc_column_text]O seu traballo c\u00e9ntrase no dese\u00f1o, s\u00edntese e caracterizaci\u00f3n de nanomateriais para catalizadores aplicados a procesos electroqu\u00edmicos, con especial atenci\u00f3n \u00e1 conversi\u00f3n de enerx\u00eda e ao tratamento de augas. Ademais, desenvolve enfoques sint\u00e9ticos ecol\u00f3xicos que achegan novos co\u00f1ecementos sobre a formaci\u00f3n de nanomateriais e o dese\u00f1o de catalizadores m\u00e1is eficientes. Ag\u00e1rdase que os seus resultados sexan relevantes para aplicaci\u00f3ns en conversi\u00f3n e almacenamento de enerx\u00eda, s\u00edntese qu\u00edmica e xesti\u00f3n da contaminaci\u00f3n.[\/vc_column_text][\/vc_column_inner][\/vc_row_inner][vc_empty_space height=&#8221;15px&#8221;][vc_empty_space height=&#8221;15px&#8221;][\/vc_column][\/vc_row][vc_row][vc_column][vc_empty_space height=&#8221;35px&#8221;][\/vc_column][\/vc_row]<\/p>\n","protected":false},"excerpt":{"rendered":"<p>[vc_row row_mask_bg=&#8221;&#8221; row_arrow=&#8221;&#8221; el_class=&#8221;p-140-cont pb-0&#8243; css=&#8221;.vc_custom_1494861745759{margin-top: 0px !important;margin-bottom: 0px !important;}&#8221;][vc_column width=&#8221;1\/2&#8243;][vc_custom_heading text=&#8221;Jonathan Quinson&#8221; font_container=&#8221;tag:h2|font_size:45px|text_align:left|line_height:1&#8243; google_fonts=&#8221;font_family:Lato%3A100%2C100italic%2C300%2C300italic%2Cregular%2Citalic%2C700%2C700italic%2C900%2C900italic|font_style:300%20light%20regular%3A300%3Anormal&#8221; cms_custom_headding_type=&#8221;heading-borderleft-textbold&#8221; css=&#8221;.vc_custom_1764252378531{margin-bottom: 0px !important;}&#8221;][\/vc_column][vc_column width=&#8221;1\/2&#8243;][\/vc_column][\/vc_row][vc_row el_class=&#8221;p-140-cont pb-0&#8243; css=&#8221;.vc_custom_1440603786345{margin-bottom: 100px !important;background-color:<\/p>\n","protected":false},"author":2,"featured_media":0,"parent":8737,"menu_order":0,"comment_status":"closed","ping_status":"closed","template":"","meta":{"footnotes":""},"_links":{"self":[{"href":"https:\/\/www.intalent.udc.gal\/gl\/wp-json\/wp\/v2\/pages\/9449"}],"collection":[{"href":"https:\/\/www.intalent.udc.gal\/gl\/wp-json\/wp\/v2\/pages"}],"about":[{"href":"https:\/\/www.intalent.udc.gal\/gl\/wp-json\/wp\/v2\/types\/page"}],"author":[{"embeddable":true,"href":"https:\/\/www.intalent.udc.gal\/gl\/wp-json\/wp\/v2\/users\/2"}],"replies":[{"embeddable":true,"href":"https:\/\/www.intalent.udc.gal\/gl\/wp-json\/wp\/v2\/comments?post=9449"}],"version-history":[{"count":2,"href":"https:\/\/www.intalent.udc.gal\/gl\/wp-json\/wp\/v2\/pages\/9449\/revisions"}],"predecessor-version":[{"id":9582,"href":"https:\/\/www.intalent.udc.gal\/gl\/wp-json\/wp\/v2\/pages\/9449\/revisions\/9582"}],"up":[{"embeddable":true,"href":"https:\/\/www.intalent.udc.gal\/gl\/wp-json\/wp\/v2\/pages\/8737"}],"wp:attachment":[{"href":"https:\/\/www.intalent.udc.gal\/gl\/wp-json\/wp\/v2\/media?parent=9449"}],"curies":[{"name":"wp","href":"https:\/\/api.w.org\/{rel}","templated":true}]}}